{"id":3964,"date":"2021-03-30T14:59:45","date_gmt":"2021-03-30T18:59:45","guid":{"rendered":"https:\/\/cms.gbkroccenter.org\/inicio\/"},"modified":"2025-12-16T14:10:13","modified_gmt":"2025-12-16T19:10:13","slug":"inicio","status":"publish","type":"page","link":"https:\/\/cms.gbkroccenter.org\/es\/","title":{"rendered":"Inicio"},"content":{"rendered":"\n<!-- hero -->\n<section>\n  <a class=\"heroArrow\" tabindex=\"0\" title=\"Scroll Down\"><i class=\"fa fa-angle-down\"><\/i><\/a>\n  <div class=\"chl-block hero-slider\">\n                            <a href=\"\/eventos\" target=\"_blank\">\n            <div class=\"home-hero\" style=\"background-image: url(https:\/\/cms.gbkroccenter.org\/wp-content\/uploads\/sites\/4\/2025\/12\/Image-12-4-25-at-10.50-AM-scaled.jpeg);\"><\/div>\n          <\/a>\n        \n                        <a href=\"\/fiestas-de-cumpleanos\" target=\"_self\">\n            <div class=\"home-hero\" style=\"background-image: url(https:\/\/cms.gbkroccenter.org\/wp-content\/uploads\/sites\/4\/2024\/10\/Image-10-12-24-at-2.08\u202fPM-scaled.jpeg);\"><\/div>\n          <\/a>\n        \n                        <a href=\"\/eventos\" target=\"_blank\">\n            <div class=\"home-hero\" style=\"background-image: url(https:\/\/cms.gbkroccenter.org\/wp-content\/uploads\/sites\/4\/2025\/08\/Image-8-27-25-at-9.57-AM-scaled.jpeg);\"><\/div>\n          <\/a>\n        \n            <\/div>\n<\/section>\n<!-- \/hero -->\n\n\n\n<div class=\"wp-block-kroc-free-text-area section\"><div class=\"container\">\n<h1 class=\"wp-block-heading has-text-align-center\">Centro Comunitario Ray &amp; Joan Kroc Corps del Ej\u00e9rcito de Salvaci\u00f3n<\/h1>\n\n\n\n<p>El Centro Comunitario Kroc es un centro de apoyo familiar, educaci\u00f3n, ocio y artes culturales de 102.000 pies cuadrados, que ha sido posible gracias a la abrumadora generosidad de muchos donantes locales y a una importante donaci\u00f3n de la difunta fil\u00e1ntropa Sra. Joan Kroc. El centro est\u00e1 abierto a socios y al p\u00fablico en general, y ofrece a los residentes del \u00e1rea metropolitana de Green Bay diversos programas de salud y bienestar, espiritualidad y arte para personas de todas las edades.<\/p>\n\n\n\n<div class=\"row is-layout-flex wp-container-core-columns-is-layout-9d6595d7 wp-block-columns-is-layout-flex\">\n<div class=\"col-md is-layout-flow wp-block-column-is-layout-flow\"><div class=\"wp-block-image is-style-default\">\n<figure class=\"aligncenter size-large\"><img loading=\"lazy\" decoding=\"async\" width=\"1024\" height=\"410\" src=\"https:\/\/cms.gbkroccenter.org\/wp-content\/uploads\/sites\/4\/2021\/09\/kroc-exterior-sllide-1024x410.jpg\" alt=\"Vista exterior del Centro Kroc de Green Bay, con nuestro gran tobog\u00e1n acu\u00e1tico rojo.\" class=\"wp-image-1386\" srcset=\"https:\/\/cms.gbkroccenter.org\/wp-content\/uploads\/sites\/4\/2021\/09\/kroc-exterior-sllide-1024x410.jpg 1024w, https:\/\/cms.gbkroccenter.org\/wp-content\/uploads\/sites\/4\/2021\/09\/kroc-exterior-sllide-300x120.jpg 300w, https:\/\/cms.gbkroccenter.org\/wp-content\/uploads\/sites\/4\/2021\/09\/kroc-exterior-sllide-768x307.jpg 768w, https:\/\/cms.gbkroccenter.org\/wp-content\/uploads\/sites\/4\/2021\/09\/kroc-exterior-sllide-1536x614.jpg 1536w, https:\/\/cms.gbkroccenter.org\/wp-content\/uploads\/sites\/4\/2021\/09\/kroc-exterior-sllide.jpg 2000w\" sizes=\"auto, (max-width: 1024px) 100vw, 1024px\" \/><\/figure>\n<\/div>\n\n\n<p class=\"has-text-align-center\"><strong>Af\u00edliate<\/strong><\/p>\n<\/div>\n\n\n\n<div class=\"col-md is-layout-flow wp-block-column-is-layout-flow\"><div class=\"wp-block-image is-style-default\">\n<figure class=\"aligncenter size-large\"><img loading=\"lazy\" decoding=\"async\" width=\"1024\" height=\"410\" src=\"https:\/\/cms.gbkroccenter.org\/wp-content\/uploads\/sites\/4\/2021\/09\/group-fitness-1024x410.jpg\" alt=\"Nuestro gimnasio abierto y luminoso, donde tienen lugar nuestras clases de fitness en grupo.\" class=\"wp-image-1383\" srcset=\"https:\/\/cms.gbkroccenter.org\/wp-content\/uploads\/sites\/4\/2021\/09\/group-fitness-1024x410.jpg 1024w, https:\/\/cms.gbkroccenter.org\/wp-content\/uploads\/sites\/4\/2021\/09\/group-fitness-300x120.jpg 300w, https:\/\/cms.gbkroccenter.org\/wp-content\/uploads\/sites\/4\/2021\/09\/group-fitness-768x307.jpg 768w, https:\/\/cms.gbkroccenter.org\/wp-content\/uploads\/sites\/4\/2021\/09\/group-fitness-1536x614.jpg 1536w, https:\/\/cms.gbkroccenter.org\/wp-content\/uploads\/sites\/4\/2021\/09\/group-fitness.jpg 2000w\" sizes=\"auto, (max-width: 1024px) 100vw, 1024px\" \/><\/figure>\n<\/div>\n\n\n<p class=\"has-text-align-center\"><strong>Toma una clase<\/strong><\/p>\n<\/div>\n\n\n\n<div class=\"col-md is-layout-flow wp-block-column-is-layout-flow\"><div class=\"wp-block-image is-style-default\">\n<figure class=\"aligncenter size-large\"><img loading=\"lazy\" decoding=\"async\" width=\"1024\" height=\"410\" src=\"https:\/\/cms.gbkroccenter.org\/wp-content\/uploads\/sites\/4\/2021\/09\/aquatics-party-room-1024x410.jpg\" alt=\"Sala de fiestas de cumplea\u00f1os contigua a la piscina, acondicionada con mesas y sillas.\" class=\"wp-image-1380\" srcset=\"https:\/\/cms.gbkroccenter.org\/wp-content\/uploads\/sites\/4\/2021\/09\/aquatics-party-room-1024x410.jpg 1024w, https:\/\/cms.gbkroccenter.org\/wp-content\/uploads\/sites\/4\/2021\/09\/aquatics-party-room-300x120.jpg 300w, https:\/\/cms.gbkroccenter.org\/wp-content\/uploads\/sites\/4\/2021\/09\/aquatics-party-room-768x307.jpg 768w, https:\/\/cms.gbkroccenter.org\/wp-content\/uploads\/sites\/4\/2021\/09\/aquatics-party-room-1536x614.jpg 1536w, https:\/\/cms.gbkroccenter.org\/wp-content\/uploads\/sites\/4\/2021\/09\/aquatics-party-room.jpg 2000w\" sizes=\"auto, (max-width: 1024px) 100vw, 1024px\" \/><\/figure>\n<\/div>\n\n\n<p class=\"has-text-align-center\"><strong>Alquilar un espacio para eventos<\/strong><\/p>\n<\/div>\n<\/div>\n\n\n\n<h2 class=\"wp-block-heading has-text-align-center\">La afiliaci\u00f3n es para todos.<\/h2>\n\n\n\n<p>Hacerse socio del Centro Comunitario Kroc de Green Bay es mucho m\u00e1s que apuntarse a un gimnasio. \u00c9ste es un lugar donde te sentir\u00e1s acogido y apoyado en tu b\u00fasqueda de la salud, el conocimiento y la fe, independientemente de tu circunstancia f\u00edsica, educativa o social.<\/p>\n<\/div><\/div>\n\n\n\n<div class=\"wp-block-genesis-blocks-gb-columns gb-slate-section-numbered-list-and-image gb-layout-columns-2 gb-2-col-equal gb-has-custom-background-color gb-has-custom-text-color gb-columns-center alignfull\" style=\"padding-right:1em;padding-left:1em;background-color:#ffffff;color:#1f1f1f\"><div class=\"gb-layout-column-wrap gb-block-layout-column-gap-3 gb-is-responsive-column\" style=\"max-width:1200px\">\n<div class=\"wp-block-genesis-blocks-gb-column gb-block-layout-column\"><div class=\"gb-block-layout-column-inner\">\n<figure class=\"wp-block-image size-full\"><img loading=\"lazy\" decoding=\"async\" width=\"500\" height=\"500\" src=\"https:\/\/cms.gbkroccenter.org\/wp-content\/uploads\/sites\/4\/2021\/09\/kroc-center-entrance.jpg\" alt=\"Entrada del Centro Kroc en verano con flores moradas en primer plano\" class=\"wp-image-1399\" srcset=\"https:\/\/cms.gbkroccenter.org\/wp-content\/uploads\/sites\/4\/2021\/09\/kroc-center-entrance.jpg 500w, https:\/\/cms.gbkroccenter.org\/wp-content\/uploads\/sites\/4\/2021\/09\/kroc-center-entrance-300x300.jpg 300w, https:\/\/cms.gbkroccenter.org\/wp-content\/uploads\/sites\/4\/2021\/09\/kroc-center-entrance-150x150.jpg 150w\" sizes=\"auto, (max-width: 500px) 100vw, 500px\" \/><\/figure>\n<\/div><\/div>\n\n\n\n<div class=\"wp-block-genesis-blocks-gb-column gb-block-layout-column gb-is-vertically-aligned-center\"><div class=\"gb-block-layout-column-inner\">\n<h2 class=\"wp-block-heading gpb-fluid-4 has-black-color has-text-color\" style=\"font-size:40px\">Caracter\u00edsticas del Centro Kroc<\/h2>\n\n\n\n<hr class=\"wp-block-separator has-css-opacity is-style-default\"\/>\n\n\n\n<ol class=\"wp-block-list\">\n<li><a href=\"https:\/\/www.gbkroccenter.org\/es\/programas\/fitness\/\" target=\"_blank\" rel=\"noreferrer noopener\">Centro de Fitness en Grupo<\/a><\/li>\n\n\n\n<li><a href=\"https:\/\/www.gbkroccenter.org\/programs\/health-and-wellness\/personal-training\">Centro de Salud y Bienestar<\/a><\/li>\n\n\n\n<li><a href=\"https:\/\/www.gbkroccenter.org\/kroc-church\">Centro de Adoraci\u00f3n y Artes Esc\u00e9nicas<\/a><\/li>\n\n\n\n<li><a href=\"https:\/\/www.gbkroccenter.org\/programs\/sports-recreation\">Gimnasio Multiusos<\/a><\/li>\n\n\n\n<li><a href=\"https:\/\/www.gbkroccenter.org\/programs\/camps-and-afterschool\">Guarder\u00eda<\/a><\/li>\n\n\n\n<li><a href=\"https:\/\/www.gbkroccenter.org\/es\/programas\/acuaticos\/\">Piscina familiar con toboganes<\/a><\/li>\n\n\n\n<li><a href=\"https:\/\/www.gbkroccenter.org\/programs\/fitness\">Gimnasios de \u00faltima generaci\u00f3n<\/a><\/li>\n\n\n\n<li><a href=\"https:\/\/www.gbkroccenter.org\/programs\">Salas de pesas y estiramientos<\/a><\/li>\n<\/ol>\n<\/div><\/div>\n<\/div><\/div>\n\n\n\n<p><\/p>\n","protected":false},"excerpt":{"rendered":"","protected":false},"author":34,"featured_media":0,"parent":0,"menu_order":0,"comment_status":"closed","ping_status":"closed","template":"","meta":{"footnotes":""},"class_list":["post-3964","page","type-page","status-publish","hentry"],"yoast_head":"<!-- This site is optimized with the Yoast SEO plugin v23.0 - https:\/\/yoast.com\/wordpress\/plugins\/seo\/ -->\n<title>Green Bay - The Salvation Army Kroc Center<\/title>\n<meta name=\"description\" content=\"El Centro Comunitario Kroc es un centro de apoyo familiar, educaci\u00f3n, ocio y artes culturales de 102.000 pies cuadrados. Descubre nuestras clases para toda la familia.\" \/>\n<meta name=\"robots\" content=\"index, follow, max-snippet:-1, max-image-preview:large, max-video-preview:-1\" \/>\n<link rel=\"canonical\" href=\"https:\/\/cms.gbkroccenter.org\/es\/\" \/>\n<meta property=\"og:locale\" content=\"es_ES\" \/>\n<meta property=\"og:type\" content=\"article\" \/>\n<meta property=\"og:title\" content=\"Green Bay - The Salvation Army Kroc Center\" \/>\n<meta property=\"og:description\" content=\"El Centro Comunitario Kroc es un centro de apoyo familiar, educaci\u00f3n, ocio y artes culturales de 102.000 pies cuadrados. Descubre nuestras clases para toda la familia.\" \/>\n<meta property=\"og:url\" content=\"https:\/\/cms.gbkroccenter.org\/es\/\" \/>\n<meta property=\"og:site_name\" content=\"Green Bay - The Salvation Army Kroc Center\" \/>\n<meta property=\"article:modified_time\" content=\"2025-12-16T19:10:13+00:00\" \/>\n<meta property=\"og:image\" content=\"https:\/\/cms.gbkroccenter.org\/wp-content\/uploads\/sites\/4\/2021\/09\/kroc-exterior-sllide-1024x410.jpg\" \/>\n<meta name=\"twitter:card\" content=\"summary_large_image\" \/>\n<script type=\"application\/ld+json\" class=\"yoast-schema-graph\">{\"@context\":\"https:\/\/schema.org\",\"@graph\":[{\"@type\":\"WebPage\",\"@id\":\"https:\/\/cms.gbkroccenter.org\/es\/\",\"url\":\"https:\/\/cms.gbkroccenter.org\/es\/\",\"name\":\"Green Bay - The Salvation Army Kroc Center\",\"isPartOf\":{\"@id\":\"https:\/\/cms.gbkroccenter.org\/es\/#website\"},\"primaryImageOfPage\":{\"@id\":\"https:\/\/cms.gbkroccenter.org\/es\/#primaryimage\"},\"image\":{\"@id\":\"https:\/\/cms.gbkroccenter.org\/es\/#primaryimage\"},\"thumbnailUrl\":\"https:\/\/cms.gbkroccenter.org\/wp-content\/uploads\/sites\/4\/2021\/09\/kroc-exterior-sllide-1024x410.jpg\",\"datePublished\":\"2021-03-30T18:59:45+00:00\",\"dateModified\":\"2025-12-16T19:10:13+00:00\",\"description\":\"El Centro Comunitario Kroc es un centro de apoyo familiar, educaci\u00f3n, ocio y artes culturales de 102.000 pies cuadrados. Descubre nuestras clases para toda la familia.\",\"breadcrumb\":{\"@id\":\"https:\/\/cms.gbkroccenter.org\/es\/#breadcrumb\"},\"inLanguage\":\"es\",\"potentialAction\":[{\"@type\":\"ReadAction\",\"target\":[\"https:\/\/cms.gbkroccenter.org\/es\/\"]}]},{\"@type\":\"ImageObject\",\"inLanguage\":\"es\",\"@id\":\"https:\/\/cms.gbkroccenter.org\/es\/#primaryimage\",\"url\":\"https:\/\/cms.gbkroccenter.org\/wp-content\/uploads\/sites\/4\/2021\/09\/kroc-exterior-sllide-1024x410.jpg\",\"contentUrl\":\"https:\/\/cms.gbkroccenter.org\/wp-content\/uploads\/sites\/4\/2021\/09\/kroc-exterior-sllide-1024x410.jpg\"},{\"@type\":\"BreadcrumbList\",\"@id\":\"https:\/\/cms.gbkroccenter.org\/es\/#breadcrumb\",\"itemListElement\":[{\"@type\":\"ListItem\",\"position\":1,\"name\":\"Home\",\"item\":\"https:\/\/cms.gbkroccenter.org\/es\/\"},{\"@type\":\"ListItem\",\"position\":2,\"name\":\"Inicio\"}]},{\"@type\":\"WebSite\",\"@id\":\"https:\/\/cms.gbkroccenter.org\/es\/#website\",\"url\":\"https:\/\/cms.gbkroccenter.org\/es\/\",\"name\":\"Green Bay - The Salvation Army Kroc Center\",\"description\":\"\",\"publisher\":{\"@id\":\"https:\/\/cms.gbkroccenter.org\/es\/#organization\"},\"potentialAction\":[{\"@type\":\"SearchAction\",\"target\":{\"@type\":\"EntryPoint\",\"urlTemplate\":\"https:\/\/cms.gbkroccenter.org\/es\/?s={search_term_string}\"},\"query-input\":\"required name=search_term_string\"}],\"inLanguage\":\"es\"},{\"@type\":\"Organization\",\"@id\":\"https:\/\/cms.gbkroccenter.org\/es\/#organization\",\"name\":\"The Salvation Army Kroc Center\",\"url\":\"https:\/\/cms.gbkroccenter.org\/es\/\",\"logo\":{\"@type\":\"ImageObject\",\"inLanguage\":\"es\",\"@id\":\"https:\/\/cms.gbkroccenter.org\/es\/#\/schema\/logo\/image\/\",\"url\":\"\",\"contentUrl\":\"\",\"caption\":\"The Salvation Army Kroc Center\"},\"image\":{\"@id\":\"https:\/\/cms.gbkroccenter.org\/es\/#\/schema\/logo\/image\/\"}}]}<\/script>\n<!-- \/ Yoast SEO plugin. -->","yoast_head_json":{"title":"Green Bay - The Salvation Army Kroc Center","description":"El Centro Comunitario Kroc es un centro de apoyo familiar, educaci\u00f3n, ocio y artes culturales de 102.000 pies cuadrados. Descubre nuestras clases para toda la familia.","robots":{"index":"index","follow":"follow","max-snippet":"max-snippet:-1","max-image-preview":"max-image-preview:large","max-video-preview":"max-video-preview:-1"},"canonical":"https:\/\/cms.gbkroccenter.org\/es\/","og_locale":"es_ES","og_type":"article","og_title":"Green Bay - The Salvation Army Kroc Center","og_description":"El Centro Comunitario Kroc es un centro de apoyo familiar, educaci\u00f3n, ocio y artes culturales de 102.000 pies cuadrados. Descubre nuestras clases para toda la familia.","og_url":"https:\/\/cms.gbkroccenter.org\/es\/","og_site_name":"Green Bay - The Salvation Army Kroc Center","article_modified_time":"2025-12-16T19:10:13+00:00","og_image":[{"url":"https:\/\/cms.gbkroccenter.org\/wp-content\/uploads\/sites\/4\/2021\/09\/kroc-exterior-sllide-1024x410.jpg"}],"twitter_card":"summary_large_image","schema":{"@context":"https:\/\/schema.org","@graph":[{"@type":"WebPage","@id":"https:\/\/cms.gbkroccenter.org\/es\/","url":"https:\/\/cms.gbkroccenter.org\/es\/","name":"Green Bay - The Salvation Army Kroc Center","isPartOf":{"@id":"https:\/\/cms.gbkroccenter.org\/es\/#website"},"primaryImageOfPage":{"@id":"https:\/\/cms.gbkroccenter.org\/es\/#primaryimage"},"image":{"@id":"https:\/\/cms.gbkroccenter.org\/es\/#primaryimage"},"thumbnailUrl":"https:\/\/cms.gbkroccenter.org\/wp-content\/uploads\/sites\/4\/2021\/09\/kroc-exterior-sllide-1024x410.jpg","datePublished":"2021-03-30T18:59:45+00:00","dateModified":"2025-12-16T19:10:13+00:00","description":"El Centro Comunitario Kroc es un centro de apoyo familiar, educaci\u00f3n, ocio y artes culturales de 102.000 pies cuadrados. Descubre nuestras clases para toda la familia.","breadcrumb":{"@id":"https:\/\/cms.gbkroccenter.org\/es\/#breadcrumb"},"inLanguage":"es","potentialAction":[{"@type":"ReadAction","target":["https:\/\/cms.gbkroccenter.org\/es\/"]}]},{"@type":"ImageObject","inLanguage":"es","@id":"https:\/\/cms.gbkroccenter.org\/es\/#primaryimage","url":"https:\/\/cms.gbkroccenter.org\/wp-content\/uploads\/sites\/4\/2021\/09\/kroc-exterior-sllide-1024x410.jpg","contentUrl":"https:\/\/cms.gbkroccenter.org\/wp-content\/uploads\/sites\/4\/2021\/09\/kroc-exterior-sllide-1024x410.jpg"},{"@type":"BreadcrumbList","@id":"https:\/\/cms.gbkroccenter.org\/es\/#breadcrumb","itemListElement":[{"@type":"ListItem","position":1,"name":"Home","item":"https:\/\/cms.gbkroccenter.org\/es\/"},{"@type":"ListItem","position":2,"name":"Inicio"}]},{"@type":"WebSite","@id":"https:\/\/cms.gbkroccenter.org\/es\/#website","url":"https:\/\/cms.gbkroccenter.org\/es\/","name":"Green Bay - The Salvation Army Kroc Center","description":"","publisher":{"@id":"https:\/\/cms.gbkroccenter.org\/es\/#organization"},"potentialAction":[{"@type":"SearchAction","target":{"@type":"EntryPoint","urlTemplate":"https:\/\/cms.gbkroccenter.org\/es\/?s={search_term_string}"},"query-input":"required name=search_term_string"}],"inLanguage":"es"},{"@type":"Organization","@id":"https:\/\/cms.gbkroccenter.org\/es\/#organization","name":"The Salvation Army Kroc Center","url":"https:\/\/cms.gbkroccenter.org\/es\/","logo":{"@type":"ImageObject","inLanguage":"es","@id":"https:\/\/cms.gbkroccenter.org\/es\/#\/schema\/logo\/image\/","url":"","contentUrl":"","caption":"The Salvation Army Kroc Center"},"image":{"@id":"https:\/\/cms.gbkroccenter.org\/es\/#\/schema\/logo\/image\/"}}]}},"featured_image_src":null,"featured_image_src_square":null,"_links":{"self":[{"href":"https:\/\/cms.gbkroccenter.org\/es\/wp-json\/wp\/v2\/pages\/3964","targetHints":{"allow":["GET"]}}],"collection":[{"href":"https:\/\/cms.gbkroccenter.org\/es\/wp-json\/wp\/v2\/pages"}],"about":[{"href":"https:\/\/cms.gbkroccenter.org\/es\/wp-json\/wp\/v2\/types\/page"}],"author":[{"embeddable":true,"href":"https:\/\/cms.gbkroccenter.org\/es\/wp-json\/wp\/v2\/users\/34"}],"replies":[{"embeddable":true,"href":"https:\/\/cms.gbkroccenter.org\/es\/wp-json\/wp\/v2\/comments?post=3964"}],"version-history":[{"count":0,"href":"https:\/\/cms.gbkroccenter.org\/es\/wp-json\/wp\/v2\/pages\/3964\/revisions"}],"wp:attachment":[{"href":"https:\/\/cms.gbkroccenter.org\/es\/wp-json\/wp\/v2\/media?parent=3964"}],"curies":[{"name":"wp","href":"https:\/\/api.w.org\/{rel}","templated":true}]}}