{"id":3967,"date":"2021-05-05T13:42:28","date_gmt":"2021-05-05T17:42:28","guid":{"rendered":"https:\/\/cms.gbkroccenter.org\/afiliacion\/pases-de-un-dia\/"},"modified":"2024-07-24T13:25:36","modified_gmt":"2024-07-24T17:25:36","slug":"pases-de-un-dia","status":"publish","type":"page","link":"https:\/\/cms.gbkroccenter.org\/es\/afiliacion\/pases-de-un-dia\/","title":{"rendered":"Pases de un d\u00eda"},"content":{"rendered":"\n<div class=\"wp-block-kroc-free-text-area section has-light-grey-background-color has-background\"><div class=\"container\">\n<h3 class=\"wp-block-heading has-text-align-center\">NOTA: \u00a1El Centro Kroc requiere que todos completen un <a href=\"https:\/\/app.waiversign.com\/e\/5c910e49ca82bb7a7046156c\/doc\/5c910fbcb9534a7a1763be5b?\" target=\"_blank\" rel=\"noreferrer noopener\">acuerdo de pase<\/a> diario antes de comprar un pase diario!<\/h3>\n<\/div><\/div>\n\n\n\n<!-- hero -->\n<section>\n  <a class=\"heroArrow\" tabindex=\"0\" title=\"Scroll Down\"><i class=\"fa fa-angle-down\"><\/i><\/a>\n  <div class=\"chl-block hero-slider\">\n                              <div class=\"home-hero\" style=\"background-image: url(https:\/\/cms.gbkroccenter.org\/wp-content\/uploads\/sites\/4\/2021\/09\/VIS2990.jpg);\">\n              <div class=\"container hero-content\">\n                <div class=\"hero-container\">\n      \t\t\t\t\t\t<h1 class=\"heroText-headline\"><\/h1>\n      \t\t\t\t\t\t<p class=\"heroText-subheadline\"><\/p>\n                                  <\/div>\n    \t\t\t\t\t<\/div>\n            <\/div>\n          \n                          <div class=\"home-hero\" style=\"background-image: url(https:\/\/cms.gbkroccenter.org\/wp-content\/uploads\/sites\/4\/2021\/09\/VIS3065.jpg);\">\n              <div class=\"container hero-content\">\n                <div class=\"hero-container\">\n      \t\t\t\t\t\t<h1 class=\"heroText-headline\"><\/h1>\n      \t\t\t\t\t\t<p class=\"heroText-subheadline\"><\/p>\n                                  <\/div>\n    \t\t\t\t\t<\/div>\n            <\/div>\n          \n                          <div class=\"home-hero\" style=\"background-image: url(https:\/\/cms.gbkroccenter.org\/wp-content\/uploads\/sites\/4\/2021\/09\/VIS3698.jpg);\">\n              <div class=\"container hero-content\">\n                <div class=\"hero-container\">\n      \t\t\t\t\t\t<h1 class=\"heroText-headline\"><\/h1>\n      \t\t\t\t\t\t<p class=\"heroText-subheadline\"><\/p>\n                                  <\/div>\n    \t\t\t\t\t<\/div>\n            <\/div>\n          \n            <\/div>\n<\/section>\n<!-- \/hero -->\n\n\n\n<div class=\"wp-block-kroc-free-text-area section\"><div class=\"container\">\n<p>La mejor forma de disfrutar del Centro Kroc es <a href=\"https:\/\/gbkroccenter.org\/es\/afiliacion\/\">hacerse socio<\/a>. Sin embargo, a veces quieres probar una instalaci\u00f3n antes de comprometerte. \u00a1Ah\u00ed es donde los pases de un d\u00eda se convierten en una gran opci\u00f3n! Aseg\u00farate de seguir los pasos que se indican a continuaci\u00f3n y de leer <a href=\"https:\/\/gbkroccenter.org\/es\/saber-mas\/politicas-de-las-instalaciones\">las pol\u00edticas de<\/a> nuestras instalaciones para garantizar una visita segura y agradable.<\/p>\n\n\n\n<p>*Los menores de 17 a\u00f1os deben tener una renuncia firmada por su padre, madre o tutor legal.<\/p>\n\n\n\n<p>He aqu\u00ed c\u00f3mo empezar:<\/p>\n<\/div><\/div>\n\n\n<!-- collapsible -->\n<section class=\"collapsible chl-block blue\">\n  <div class=\"container\">\n    <div class=\"row\">\n\n                      <div class=\"col-12\">\n          <div class=\"collapse-toggle\">\n            <button class=\"btn btn-toggle gray\" type=\"button\" data-toggle=\"collapse\" data-target=\"#collapse1__MEP8Y\" aria-expanded=\"false\" aria-controls=\"collapse1__MEP8Y\">1. Completa el Acuerdo de Pase de D\u00eda<\/button>\n          <\/div>\n\n          <div class=\"collapse container\" id=\"collapse1__MEP8Y\">\n\n                            <div class=\"collapsible-content row\">\n                                        <div class=\"col-sm\">\n                        <p>Antes de comprar tu contrato de pase de un d\u00eda, tendr\u00e1s que rellenar nuestro formulario de contrato de pase de un d\u00eda, \u00a1que puedes encontrar <a href=\"https:\/\/app.waiversign.com\/e\/5c910e49ca82bb7a7046156c\/doc\/5c910fbcb9534a7a1763be5b?\" target=\"_blank\" rel=\"noopener\">aqu\u00ed<\/a>!<\/p>\n                      <\/div>\n                                <\/div>\n                        <\/div>\n        <\/div>\n                      <div class=\"col-12\">\n          <div class=\"collapse-toggle\">\n            <button class=\"btn btn-toggle gray\" type=\"button\" data-toggle=\"collapse\" data-target=\"#collapse2__QSRX3\" aria-expanded=\"false\" aria-controls=\"collapse2__QSRX3\">2. Paga el pase de un d\u00eda<\/button>\n          <\/div>\n\n          <div class=\"collapse container\" id=\"collapse2__QSRX3\">\n\n                            <div class=\"collapsible-content row\">\n                                        <div class=\"col-sm\">\n                        <p id=\"u5846-9\" class=\"Body-Copy-Large\"><span id=\"u5846-5\">NI\u00d1O (2 a\u00f1os o menos) Gratis<\/span><\/p>\n<p class=\"Body-Copy-Large\">J\u00d3VENES (3-11)<span id=\"u5846-13\">5 $ al d\u00eda<\/span><\/p>\n<p id=\"u5846-19\" class=\"Body-Copy-Large\">TEEN\/YOUNG ADULT (12-26)*<span id=\"u5846-18\">10 $ al d\u00eda<\/span><\/p>\n<p id=\"u5846-23\" class=\"Body-Copy-Large\">ADULTO (27-61) <span id=\"u5846-22\"> 15 $ al d\u00eda<\/span><\/p>\n<p>  SENIOR (62+) $10 por d\u00eda  <\/p>\n<p id=\"u5846-25\" class=\"Body-Copy-Large\">*Los menores de 17 a\u00f1os deben tener una renuncia firmada por su padre, madre o tutor legal.<\/p>\n<p id=\"u5846-27\" class=\"Body-Copy-Large\">El precio del Pase de un D\u00eda incluye el impuesto estatal.<\/p>\n<p id=\"u5846-29\" class=\"Body-Copy-Large\">Todas las personas que entren en las instalaciones deben adquirir un Pase de un D\u00eda o ser Miembros del Centro Comunitario Kroc.<\/p>\n<p><strong>\u00a1Aseg\u00farate de llevar contigo tu DNI!<\/strong><\/p>\n                      <\/div>\n                                <\/div>\n                        <\/div>\n        <\/div>\n                      <div class=\"col-12\">\n          <div class=\"collapse-toggle\">\n            <button class=\"btn btn-toggle gray\" type=\"button\" data-toggle=\"collapse\" data-target=\"#collapse3__A1VQC\" aria-expanded=\"false\" aria-controls=\"collapse3__A1VQC\">3. \u00a1Disfruta del Centro Kroc!<\/button>\n          <\/div>\n\n          <div class=\"collapse container\" id=\"collapse3__A1VQC\">\n\n                            <div class=\"collapsible-content row\">\n                                        <div class=\"col-sm\">\n                        <p>Con tu exenci\u00f3n completa y tu pase de un d\u00eda comprado, \u00a1es hora de disfrutar! Tu pase de un d\u00eda te permite acceder a nuestro centro acu\u00e1tico, gimnasio y pista de fitness. As\u00ed que prep\u00e1rate para disfrutar de un partido de pick up, iniciar tu camino hacia el fitness o disfrutar de unas cuantas vueltas en la piscina.<\/p>\n                      <\/div>\n                                <\/div>\n                        <\/div>\n        <\/div>\n      \n    <\/div>\n  <\/div>\n<\/section>\n<!-- \/collapsible -->\n\n\n\n\n<div class=\"wp-block-kroc-free-text-area section\"><div class=\"container\">\n<p><\/p>\n<\/div><\/div>\n","protected":false},"excerpt":{"rendered":"","protected":false},"author":9,"featured_media":0,"parent":3966,"menu_order":1,"comment_status":"closed","ping_status":"closed","template":"","meta":{"footnotes":""},"class_list":["post-3967","page","type-page","status-publish","hentry"],"yoast_head":"<!-- This site is optimized with the Yoast SEO plugin v23.0 - https:\/\/yoast.com\/wordpress\/plugins\/seo\/ -->\n<title>Pases de un d\u00eda | Green Bay - The Salvation Army Kroc Center<\/title>\n<meta name=\"description\" content=\"\u00bfNo est\u00e1s afiliado? Visita el Kroc durante un d\u00eda para hacer ejercicio o jugar comprando un Pase de un D\u00eda.\" \/>\n<meta name=\"robots\" content=\"index, follow, max-snippet:-1, max-image-preview:large, max-video-preview:-1\" \/>\n<link rel=\"canonical\" href=\"https:\/\/cms.gbkroccenter.org\/es\/afiliacion\/pases-de-un-dia\/\" \/>\n<meta property=\"og:locale\" content=\"es_ES\" \/>\n<meta property=\"og:type\" content=\"article\" \/>\n<meta property=\"og:title\" content=\"Pases de un d\u00eda | Green Bay - The Salvation Army Kroc Center\" \/>\n<meta property=\"og:description\" content=\"\u00bfNo est\u00e1s afiliado? Visita el Kroc durante un d\u00eda para hacer ejercicio o jugar comprando un Pase de un D\u00eda.\" \/>\n<meta property=\"og:url\" content=\"https:\/\/cms.gbkroccenter.org\/es\/afiliacion\/pases-de-un-dia\/\" \/>\n<meta property=\"og:site_name\" content=\"Green Bay - The Salvation Army Kroc Center\" \/>\n<meta property=\"article:modified_time\" content=\"2024-07-24T17:25:36+00:00\" \/>\n<meta name=\"twitter:card\" content=\"summary_large_image\" \/>\n<script type=\"application\/ld+json\" class=\"yoast-schema-graph\">{\"@context\":\"https:\/\/schema.org\",\"@graph\":[{\"@type\":\"WebPage\",\"@id\":\"https:\/\/cms.gbkroccenter.org\/es\/afiliacion\/pases-de-un-dia\/\",\"url\":\"https:\/\/cms.gbkroccenter.org\/es\/afiliacion\/pases-de-un-dia\/\",\"name\":\"Pases de un d\u00eda | Green Bay - The Salvation Army Kroc Center\",\"isPartOf\":{\"@id\":\"https:\/\/cms.gbkroccenter.org\/es\/#website\"},\"datePublished\":\"2021-05-05T17:42:28+00:00\",\"dateModified\":\"2024-07-24T17:25:36+00:00\",\"description\":\"\u00bfNo est\u00e1s afiliado? Visita el Kroc durante un d\u00eda para hacer ejercicio o jugar comprando un Pase de un D\u00eda.\",\"breadcrumb\":{\"@id\":\"https:\/\/cms.gbkroccenter.org\/es\/afiliacion\/pases-de-un-dia\/#breadcrumb\"},\"inLanguage\":\"es\",\"potentialAction\":[{\"@type\":\"ReadAction\",\"target\":[\"https:\/\/cms.gbkroccenter.org\/es\/afiliacion\/pases-de-un-dia\/\"]}]},{\"@type\":\"BreadcrumbList\",\"@id\":\"https:\/\/cms.gbkroccenter.org\/es\/afiliacion\/pases-de-un-dia\/#breadcrumb\",\"itemListElement\":[{\"@type\":\"ListItem\",\"position\":1,\"name\":\"Home\",\"item\":\"https:\/\/cms.gbkroccenter.org\/es\/\"},{\"@type\":\"ListItem\",\"position\":2,\"name\":\"Afiliaci\u00f3n\",\"item\":\"https:\/\/cms.gbkroccenter.org\/es\/afiliacion\/\"},{\"@type\":\"ListItem\",\"position\":3,\"name\":\"Pases de un d\u00eda\"}]},{\"@type\":\"WebSite\",\"@id\":\"https:\/\/cms.gbkroccenter.org\/es\/#website\",\"url\":\"https:\/\/cms.gbkroccenter.org\/es\/\",\"name\":\"Green Bay - The Salvation Army Kroc Center\",\"description\":\"\",\"publisher\":{\"@id\":\"https:\/\/cms.gbkroccenter.org\/es\/#organization\"},\"potentialAction\":[{\"@type\":\"SearchAction\",\"target\":{\"@type\":\"EntryPoint\",\"urlTemplate\":\"https:\/\/cms.gbkroccenter.org\/es\/?s={search_term_string}\"},\"query-input\":\"required name=search_term_string\"}],\"inLanguage\":\"es\"},{\"@type\":\"Organization\",\"@id\":\"https:\/\/cms.gbkroccenter.org\/es\/#organization\",\"name\":\"The Salvation Army Kroc Center\",\"url\":\"https:\/\/cms.gbkroccenter.org\/es\/\",\"logo\":{\"@type\":\"ImageObject\",\"inLanguage\":\"es\",\"@id\":\"https:\/\/cms.gbkroccenter.org\/es\/#\/schema\/logo\/image\/\",\"url\":\"\",\"contentUrl\":\"\",\"caption\":\"The Salvation Army Kroc Center\"},\"image\":{\"@id\":\"https:\/\/cms.gbkroccenter.org\/es\/#\/schema\/logo\/image\/\"}}]}<\/script>\n<!-- \/ Yoast SEO plugin. -->","yoast_head_json":{"title":"Pases de un d\u00eda | Green Bay - The Salvation Army Kroc Center","description":"\u00bfNo est\u00e1s afiliado? Visita el Kroc durante un d\u00eda para hacer ejercicio o jugar comprando un Pase de un D\u00eda.","robots":{"index":"index","follow":"follow","max-snippet":"max-snippet:-1","max-image-preview":"max-image-preview:large","max-video-preview":"max-video-preview:-1"},"canonical":"https:\/\/cms.gbkroccenter.org\/es\/afiliacion\/pases-de-un-dia\/","og_locale":"es_ES","og_type":"article","og_title":"Pases de un d\u00eda | Green Bay - The Salvation Army Kroc Center","og_description":"\u00bfNo est\u00e1s afiliado? Visita el Kroc durante un d\u00eda para hacer ejercicio o jugar comprando un Pase de un D\u00eda.","og_url":"https:\/\/cms.gbkroccenter.org\/es\/afiliacion\/pases-de-un-dia\/","og_site_name":"Green Bay - The Salvation Army Kroc Center","article_modified_time":"2024-07-24T17:25:36+00:00","twitter_card":"summary_large_image","schema":{"@context":"https:\/\/schema.org","@graph":[{"@type":"WebPage","@id":"https:\/\/cms.gbkroccenter.org\/es\/afiliacion\/pases-de-un-dia\/","url":"https:\/\/cms.gbkroccenter.org\/es\/afiliacion\/pases-de-un-dia\/","name":"Pases de un d\u00eda | Green Bay - The Salvation Army Kroc Center","isPartOf":{"@id":"https:\/\/cms.gbkroccenter.org\/es\/#website"},"datePublished":"2021-05-05T17:42:28+00:00","dateModified":"2024-07-24T17:25:36+00:00","description":"\u00bfNo est\u00e1s afiliado? Visita el Kroc durante un d\u00eda para hacer ejercicio o jugar comprando un Pase de un D\u00eda.","breadcrumb":{"@id":"https:\/\/cms.gbkroccenter.org\/es\/afiliacion\/pases-de-un-dia\/#breadcrumb"},"inLanguage":"es","potentialAction":[{"@type":"ReadAction","target":["https:\/\/cms.gbkroccenter.org\/es\/afiliacion\/pases-de-un-dia\/"]}]},{"@type":"BreadcrumbList","@id":"https:\/\/cms.gbkroccenter.org\/es\/afiliacion\/pases-de-un-dia\/#breadcrumb","itemListElement":[{"@type":"ListItem","position":1,"name":"Home","item":"https:\/\/cms.gbkroccenter.org\/es\/"},{"@type":"ListItem","position":2,"name":"Afiliaci\u00f3n","item":"https:\/\/cms.gbkroccenter.org\/es\/afiliacion\/"},{"@type":"ListItem","position":3,"name":"Pases de un d\u00eda"}]},{"@type":"WebSite","@id":"https:\/\/cms.gbkroccenter.org\/es\/#website","url":"https:\/\/cms.gbkroccenter.org\/es\/","name":"Green Bay - The Salvation Army Kroc Center","description":"","publisher":{"@id":"https:\/\/cms.gbkroccenter.org\/es\/#organization"},"potentialAction":[{"@type":"SearchAction","target":{"@type":"EntryPoint","urlTemplate":"https:\/\/cms.gbkroccenter.org\/es\/?s={search_term_string}"},"query-input":"required name=search_term_string"}],"inLanguage":"es"},{"@type":"Organization","@id":"https:\/\/cms.gbkroccenter.org\/es\/#organization","name":"The Salvation Army Kroc Center","url":"https:\/\/cms.gbkroccenter.org\/es\/","logo":{"@type":"ImageObject","inLanguage":"es","@id":"https:\/\/cms.gbkroccenter.org\/es\/#\/schema\/logo\/image\/","url":"","contentUrl":"","caption":"The Salvation Army Kroc Center"},"image":{"@id":"https:\/\/cms.gbkroccenter.org\/es\/#\/schema\/logo\/image\/"}}]}},"featured_image_src":null,"featured_image_src_square":null,"_links":{"self":[{"href":"https:\/\/cms.gbkroccenter.org\/es\/wp-json\/wp\/v2\/pages\/3967","targetHints":{"allow":["GET"]}}],"collection":[{"href":"https:\/\/cms.gbkroccenter.org\/es\/wp-json\/wp\/v2\/pages"}],"about":[{"href":"https:\/\/cms.gbkroccenter.org\/es\/wp-json\/wp\/v2\/types\/page"}],"author":[{"embeddable":true,"href":"https:\/\/cms.gbkroccenter.org\/es\/wp-json\/wp\/v2\/users\/9"}],"replies":[{"embeddable":true,"href":"https:\/\/cms.gbkroccenter.org\/es\/wp-json\/wp\/v2\/comments?post=3967"}],"version-history":[{"count":0,"href":"https:\/\/cms.gbkroccenter.org\/es\/wp-json\/wp\/v2\/pages\/3967\/revisions"}],"up":[{"embeddable":true,"href":"https:\/\/cms.gbkroccenter.org\/es\/wp-json\/wp\/v2\/pages\/3966"}],"wp:attachment":[{"href":"https:\/\/cms.gbkroccenter.org\/es\/wp-json\/wp\/v2\/media?parent=3967"}],"curies":[{"name":"wp","href":"https:\/\/api.w.org\/{rel}","templated":true}]}}