{"id":3972,"date":"2021-05-03T14:51:07","date_gmt":"2021-05-03T18:51:07","guid":{"rendered":"https:\/\/cms.gbkroccenter.org\/saber-mas\/"},"modified":"2024-07-24T13:27:50","modified_gmt":"2024-07-24T17:27:50","slug":"saber-mas","status":"publish","type":"page","link":"https:\/\/cms.gbkroccenter.org\/es\/saber-mas\/","title":{"rendered":"Saber m\u00e1s"},"content":{"rendered":"\n<!-- hero -->\n<section>\n  <a class=\"heroArrow\" tabindex=\"0\" title=\"Scroll Down\"><i class=\"fa fa-angle-down\"><\/i><\/a>\n  <div class=\"chl-block hero-slider\">\n                              <div class=\"home-hero\" style=\"background-image: url(https:\/\/cms.gbkroccenter.org\/wp-content\/uploads\/sites\/4\/2021\/05\/aebd3607-4c3a-439f-aed9-09274279d7cf_ray-and-joan-kroc-scaled-e1628085736776.jpeg);\">\n              <div class=\"container hero-content\">\n                <div class=\"hero-container\">\n      \t\t\t\t\t\t<h1 class=\"heroText-headline\">La historia del Centro Kroc<\/h1>\n      \t\t\t\t\t\t<p class=\"heroText-subheadline\">Los Centros Kroc son un regalo para sus comunidades, gracias a Joan Kroc y al Ej\u00e9rcito de Salvaci\u00f3n.<\/p>\n                                  <\/div>\n    \t\t\t\t\t<\/div>\n            <\/div>\n          \n                          <div class=\"home-hero\" style=\"background-image: url(https:\/\/cms.gbkroccenter.org\/wp-content\/uploads\/sites\/4\/2023\/11\/sfkroc-1.jpg);\">\n              <div class=\"container hero-content\">\n                <div class=\"hero-container\">\n      \t\t\t\t\t\t<h1 class=\"heroText-headline\">San Francisco, California<\/h1>\n      \t\t\t\t\t\t<p class=\"heroText-subheadline\">D\u00f3nde empez\u00f3.<\/p>\n                                  <\/div>\n    \t\t\t\t\t<\/div>\n            <\/div>\n          \n                          <div class=\"home-hero\" style=\"background-image: url(https:\/\/cms.gbkroccenter.org\/wp-content\/uploads\/sites\/4\/2023\/11\/gbkroc-slide.jpg);\">\n              <div class=\"container hero-content\">\n                <div class=\"hero-container\">\n      \t\t\t\t\t\t<h1 class=\"heroText-headline\">Green Bay, Wisconsin<\/h1>\n      \t\t\t\t\t\t<p class=\"heroText-subheadline\">D\u00f3nde contin\u00faa.<\/p>\n                                  <\/div>\n    \t\t\t\t\t<\/div>\n            <\/div>\n          \n            <\/div>\n<\/section>\n<!-- \/hero -->\n\n\n\n<div class=\"wp-block-kroc-free-text-area section\"><div class=\"container\">\n<h2 class=\"wp-block-heading has-text-align-center\" id=\"u1949-4\">C\u00f3mo los Centros Kroc pasaron de la visi\u00f3n a la realidad<\/h2>\n\n\n\n<p id=\"u1949-4\">Joan Kroc, esposa del fundador de McDonald&#8217;s, Ray Kroc, dijo que hizo un recorrido por San Diego y fue entonces cuando reconoci\u00f3 una comunidad que necesitaba desesperadamente un lugar de reuni\u00f3n seguro, un lugar con instalaciones y profesionales formados para fomentar las habilidades sociales, la apreciaci\u00f3n de las artes y el potencial atl\u00e9tico de los ni\u00f1os. Describi\u00f3 el Centro Kroc como un faro de luz y esperanza en la comunidad.<\/p>\n\n\n\n<p id=\"u1949-6\">La Sra. Kroc confi\u00f3 al Ej\u00e9rcito de Salvaci\u00f3n 90 millones de d\u00f3lares para construir el primer Centro Kroc en el barrio de Rolando de San Diego. Lamentablemente, falleci\u00f3 poco m\u00e1s de un a\u00f1o despu\u00e9s de su apertura, pero estaba tan satisfecha con lo que all\u00ed se consigui\u00f3 que dej\u00f3 1.500 millones de d\u00f3lares al Ej\u00e9rcito de Salvaci\u00f3n para que construyera centros como \u00e9ste por todo el pa\u00eds. En la actualidad, hay 26 Centros Kroc en todo el pa\u00eds, incluido el de Green Bay.<\/p>\n<\/div><\/div>\n\n\n\n<div class=\"wp-block-kroc-free-text-area section\"><div class=\"container\">\n<h2 class=\"wp-block-heading has-text-align-center\">Acerca del Centro Kroc de Green Bay<\/h2>\n\n\n\n<p>El Centro Comunitario Kroc de Green Bay, de 102.000 metros cuadrados, redefine lo que es un centro comunitario. Este lugar de reuni\u00f3n y enriquecimiento sin precedentes alberga un conjunto de programas educativos, deportivos, religiosos, art\u00edsticos y de apoyo como ning\u00fan otro disponible en el \u00e1rea metropolitana de Green Bay. Nuestros programas, as\u00ed como el propio edificio, han sido dise\u00f1ados para estimular la mente, el cuerpo y el esp\u00edritu, para proporcionar esperanza y para transformar la vida de todos y cada uno de los miembros de la comunidad.<\/p>\n\n\n\n<p>El Centro Comunitario Kroc consta de cuatro componentes principales: un <a href=\"https:\/\/gbkroccenter.org\/es\/iglesia-kroc\">centro de culto<\/a> y de espect\u00e1culos, un <a href=\"https:\/\/gbkroccenter.org\/es\/programas\/acuaticos\" target=\"_blank\" rel=\"noreferrer noopener\">Centro Acu\u00e1tico<\/a>, un <a href=\"https:\/\/www.gbkroccenter.org\/programs\/fitness\" target=\"_blank\" rel=\"noreferrer noopener\">Centro de Fitness<\/a> y Gimnasio e <a href=\"https:\/\/gbkroccenter.org\/es\/eventos-y-alquileres\" target=\"_blank\" rel=\"noreferrer noopener\">instalaciones para eventos especiales<\/a>. El desarrollo del Centro Comunitario Kroc fue posible gracias a una subvenci\u00f3n combinada de capital y dotaci\u00f3n procedente de un legado al Ej\u00e9rcito de Salvaci\u00f3n de la difunta Sra. Joan Kroc, viuda del fundador de McDonald&#8217;s, Ray Kroc. La comunidad de Green Bay tambi\u00e9n recaud\u00f3 fondos localmente, lo que representa una inversi\u00f3n comunitaria. El Centro Kroc de Green Bay abri\u00f3 sus puertas en agosto de 2011.<\/p>\n\n\n\n<p><\/p>\n<\/div><\/div>\n\n\n\n<div class=\"wp-block-kroc-free-text-area section has-white-color has-text-color\" style=\"background-image:url(&quot;https:\/\/cms.gbkroccenter.org\/wp-content\/uploads\/sites\/4\/2021\/05\/00ec4ed1-a632-489d-aa15-3c970869657f_DarkRedBackground-horizontal.jpeg&quot;)\"><div class=\"container\">\n<h2 class=\"wp-block-heading has-text-align-center\" id=\"u1947-2\">Misi\u00f3n del Ej\u00e9rcito de Salvaci\u00f3n<\/h2>\n\n\n\n<p class=\"has-text-align-center\" id=\"u1947-8\">El Ej\u00e9rcito de Salvaci\u00f3n, un movimiento internacional, es una parte evang\u00e9lica de la Iglesia Cristiana universal. Su mensaje se basa en la Biblia. Su ministerio est\u00e1 motivado por el amor de Dios. Su misi\u00f3n es predicar el Evangelio de Jesucristo y satisfacer las necesidades humanas en Su nombre, sin discriminaci\u00f3n.<\/p>\n\n\n\n<div class=\"wp-block-buttons is-content-justification-center is-layout-flex wp-container-core-buttons-is-layout-16018d1d wp-block-buttons-is-layout-flex\">\n<div class=\"wp-block-button has-custom-width wp-block-button__width-50 is-style-fill\"><a class=\"wp-block-button__link has-navy-background-color has-background wp-element-button\" href=\"https:\/\/centralusa.salvationarmy.org\/greenbay\/\" target=\"_blank\" rel=\"noreferrer noopener\">M\u00c1S INFORMACI\u00d3N SOBRE EL EJ\u00c9RCITO DE SALVACI\u00d3N<\/a><\/div>\n<\/div>\n<\/div><\/div>\n\n\n\n<div class=\"wp-block-kroc-free-text-area section has-navy-background-color has-background\"><div class=\"container\">\n<h2 class=\"wp-block-heading has-text-align-center\" id=\"u1965-2\">La visi\u00f3n del Centro Kroc<\/h2>\n\n\n\n<p class=\"has-text-align-center\" id=\"u1965-4\">De acuerdo con la misi\u00f3n del Ej\u00e9rcito de Salvaci\u00f3n, nuestra visi\u00f3n es inspirar a las personas para que desarrollen su potencial a trav\u00e9s de experiencias que transformen vidas.<\/p>\n<\/div><\/div>\n\n\n\n<div class=\"wp-block-kroc-free-text-area section\" style=\"background-image:url(&quot;https:\/\/cms.gbkroccenter.org\/wp-content\/uploads\/sites\/4\/2021\/05\/2b6ab7b1-b77e-4e0c-af92-a7cd02881053_WebTemplate_TheatreBackgroundImage_V2_1024x400pxWood3.png&quot;)\"><div class=\"container\">\n<div class=\"row is-layout-flex wp-container-core-columns-is-layout-9d6595d7 wp-block-columns-is-layout-flex\">\n<div class=\"col-md is-layout-flow wp-block-column-is-layout-flow\" style=\"flex-basis:33.33%\">\n<figure class=\"wp-block-image size-full\"><img loading=\"lazy\" decoding=\"async\" width=\"450\" height=\"227\" src=\"https:\/\/cms.gbkroccenter.org\/wp-content\/uploads\/sites\/4\/2023\/02\/KeysIconOut.png\" alt=\"\" class=\"wp-image-2198\" srcset=\"https:\/\/cms.gbkroccenter.org\/wp-content\/uploads\/sites\/4\/2023\/02\/KeysIconOut.png 450w, https:\/\/cms.gbkroccenter.org\/wp-content\/uploads\/sites\/4\/2023\/02\/KeysIconOut-300x151.png 300w\" sizes=\"auto, (max-width: 450px) 100vw, 450px\" \/><\/figure>\n<\/div>\n\n\n\n<div class=\"col-md is-layout-flow wp-block-column-is-layout-flow\" style=\"flex-basis:66.66%\">\n<h2 class=\"wp-block-heading\">NUESTRAS CLAVES DE ATENCI\u00d3N AL CLIENTE<\/h2>\n\n\n\n<p><strong>SEGURIDAD <\/strong>&#8211; Proporcionamos seguridad emocional, mental, f\u00edsica y espiritual a los miembros, invitados y personal.<br><strong>RELACIONES<\/strong> &#8211; Creamos relaciones productivas y significativas con todas las personas con las que nos encontramos y vamos m\u00e1s all\u00e1 de las expectativas.<br><strong>EFICIENCIA<\/strong> &#8211; Somos atentos, considerados y receptivos a las necesidades de nuestros miembros, invitados y personal. Somos buenos administradores de nuestros recursos.<br><strong>APARIENCIA<\/strong> &#8211; Estamos preparados para servir a nuestros miembros, invitados y personal mediante la presentaci\u00f3n y limpieza de la persona y el lugar.<br><strong>CONSISTENCIA<\/strong> &#8211; Damos prioridad a nuestra misi\u00f3n, cumplimos las normas y reconocemos c\u00f3mo nuestra parte afecta al todo. Nos hacemos responsables del impacto de nuestras acciones y comportamientos.<\/p>\n<\/div>\n<\/div>\n<\/div><\/div>\n","protected":false},"excerpt":{"rendered":"","protected":false},"author":9,"featured_media":0,"parent":0,"menu_order":0,"comment_status":"closed","ping_status":"closed","template":"","meta":{"footnotes":""},"class_list":["post-3972","page","type-page","status-publish","hentry"],"yoast_head":"<!-- This site is optimized with the Yoast SEO plugin v23.0 - https:\/\/yoast.com\/wordpress\/plugins\/seo\/ -->\n<title>Saber m\u00e1s | Green Bay - The Salvation Army Kroc Center<\/title>\n<meta name=\"description\" content=\"Inf\u00f3rmate sobre la historia, la misi\u00f3n y la visi\u00f3n del Centro Kroc de Green Bay.\" \/>\n<meta name=\"robots\" content=\"index, follow, max-snippet:-1, max-image-preview:large, max-video-preview:-1\" \/>\n<link rel=\"canonical\" href=\"https:\/\/cms.gbkroccenter.org\/es\/saber-mas\/\" \/>\n<meta property=\"og:locale\" content=\"es_ES\" \/>\n<meta property=\"og:type\" content=\"article\" \/>\n<meta property=\"og:title\" content=\"Saber m\u00e1s | Green Bay - The Salvation Army Kroc Center\" \/>\n<meta property=\"og:description\" content=\"Inf\u00f3rmate sobre la historia, la misi\u00f3n y la visi\u00f3n del Centro Kroc de Green Bay.\" \/>\n<meta property=\"og:url\" content=\"https:\/\/cms.gbkroccenter.org\/es\/saber-mas\/\" \/>\n<meta property=\"og:site_name\" content=\"Green Bay - The Salvation Army Kroc Center\" \/>\n<meta property=\"article:modified_time\" content=\"2024-07-24T17:27:50+00:00\" \/>\n<meta property=\"og:image\" content=\"https:\/\/cms.gbkroccenter.org\/wp-content\/uploads\/sites\/4\/2023\/02\/KeysIconOut.png\" \/>\n<meta name=\"twitter:card\" content=\"summary_large_image\" \/>\n<script type=\"application\/ld+json\" class=\"yoast-schema-graph\">{\"@context\":\"https:\/\/schema.org\",\"@graph\":[{\"@type\":\"WebPage\",\"@id\":\"https:\/\/cms.gbkroccenter.org\/es\/saber-mas\/\",\"url\":\"https:\/\/cms.gbkroccenter.org\/es\/saber-mas\/\",\"name\":\"Saber m\u00e1s | Green Bay - The Salvation Army Kroc Center\",\"isPartOf\":{\"@id\":\"https:\/\/cms.gbkroccenter.org\/es\/#website\"},\"primaryImageOfPage\":{\"@id\":\"https:\/\/cms.gbkroccenter.org\/es\/saber-mas\/#primaryimage\"},\"image\":{\"@id\":\"https:\/\/cms.gbkroccenter.org\/es\/saber-mas\/#primaryimage\"},\"thumbnailUrl\":\"https:\/\/cms.gbkroccenter.org\/wp-content\/uploads\/sites\/4\/2023\/02\/KeysIconOut.png\",\"datePublished\":\"2021-05-03T18:51:07+00:00\",\"dateModified\":\"2024-07-24T17:27:50+00:00\",\"description\":\"Inf\u00f3rmate sobre la historia, la misi\u00f3n y la visi\u00f3n del Centro Kroc de Green Bay.\",\"breadcrumb\":{\"@id\":\"https:\/\/cms.gbkroccenter.org\/es\/saber-mas\/#breadcrumb\"},\"inLanguage\":\"es\",\"potentialAction\":[{\"@type\":\"ReadAction\",\"target\":[\"https:\/\/cms.gbkroccenter.org\/es\/saber-mas\/\"]}]},{\"@type\":\"ImageObject\",\"inLanguage\":\"es\",\"@id\":\"https:\/\/cms.gbkroccenter.org\/es\/saber-mas\/#primaryimage\",\"url\":\"https:\/\/cms.gbkroccenter.org\/wp-content\/uploads\/sites\/4\/2023\/02\/KeysIconOut.png\",\"contentUrl\":\"https:\/\/cms.gbkroccenter.org\/wp-content\/uploads\/sites\/4\/2023\/02\/KeysIconOut.png\"},{\"@type\":\"BreadcrumbList\",\"@id\":\"https:\/\/cms.gbkroccenter.org\/es\/saber-mas\/#breadcrumb\",\"itemListElement\":[{\"@type\":\"ListItem\",\"position\":1,\"name\":\"Home\",\"item\":\"https:\/\/cms.gbkroccenter.org\/es\/\"},{\"@type\":\"ListItem\",\"position\":2,\"name\":\"Saber m\u00e1s\"}]},{\"@type\":\"WebSite\",\"@id\":\"https:\/\/cms.gbkroccenter.org\/es\/#website\",\"url\":\"https:\/\/cms.gbkroccenter.org\/es\/\",\"name\":\"Green Bay - The Salvation Army Kroc Center\",\"description\":\"\",\"publisher\":{\"@id\":\"https:\/\/cms.gbkroccenter.org\/es\/#organization\"},\"potentialAction\":[{\"@type\":\"SearchAction\",\"target\":{\"@type\":\"EntryPoint\",\"urlTemplate\":\"https:\/\/cms.gbkroccenter.org\/es\/?s={search_term_string}\"},\"query-input\":\"required name=search_term_string\"}],\"inLanguage\":\"es\"},{\"@type\":\"Organization\",\"@id\":\"https:\/\/cms.gbkroccenter.org\/es\/#organization\",\"name\":\"The Salvation Army Kroc Center\",\"url\":\"https:\/\/cms.gbkroccenter.org\/es\/\",\"logo\":{\"@type\":\"ImageObject\",\"inLanguage\":\"es\",\"@id\":\"https:\/\/cms.gbkroccenter.org\/es\/#\/schema\/logo\/image\/\",\"url\":\"\",\"contentUrl\":\"\",\"caption\":\"The Salvation Army Kroc Center\"},\"image\":{\"@id\":\"https:\/\/cms.gbkroccenter.org\/es\/#\/schema\/logo\/image\/\"}}]}<\/script>\n<!-- \/ Yoast SEO plugin. -->","yoast_head_json":{"title":"Saber m\u00e1s | Green Bay - The Salvation Army Kroc Center","description":"Inf\u00f3rmate sobre la historia, la misi\u00f3n y la visi\u00f3n del Centro Kroc de Green Bay.","robots":{"index":"index","follow":"follow","max-snippet":"max-snippet:-1","max-image-preview":"max-image-preview:large","max-video-preview":"max-video-preview:-1"},"canonical":"https:\/\/cms.gbkroccenter.org\/es\/saber-mas\/","og_locale":"es_ES","og_type":"article","og_title":"Saber m\u00e1s | Green Bay - The Salvation Army Kroc Center","og_description":"Inf\u00f3rmate sobre la historia, la misi\u00f3n y la visi\u00f3n del Centro Kroc de Green Bay.","og_url":"https:\/\/cms.gbkroccenter.org\/es\/saber-mas\/","og_site_name":"Green Bay - The Salvation Army Kroc Center","article_modified_time":"2024-07-24T17:27:50+00:00","og_image":[{"url":"https:\/\/cms.gbkroccenter.org\/wp-content\/uploads\/sites\/4\/2023\/02\/KeysIconOut.png"}],"twitter_card":"summary_large_image","schema":{"@context":"https:\/\/schema.org","@graph":[{"@type":"WebPage","@id":"https:\/\/cms.gbkroccenter.org\/es\/saber-mas\/","url":"https:\/\/cms.gbkroccenter.org\/es\/saber-mas\/","name":"Saber m\u00e1s | Green Bay - The Salvation Army Kroc Center","isPartOf":{"@id":"https:\/\/cms.gbkroccenter.org\/es\/#website"},"primaryImageOfPage":{"@id":"https:\/\/cms.gbkroccenter.org\/es\/saber-mas\/#primaryimage"},"image":{"@id":"https:\/\/cms.gbkroccenter.org\/es\/saber-mas\/#primaryimage"},"thumbnailUrl":"https:\/\/cms.gbkroccenter.org\/wp-content\/uploads\/sites\/4\/2023\/02\/KeysIconOut.png","datePublished":"2021-05-03T18:51:07+00:00","dateModified":"2024-07-24T17:27:50+00:00","description":"Inf\u00f3rmate sobre la historia, la misi\u00f3n y la visi\u00f3n del Centro Kroc de Green Bay.","breadcrumb":{"@id":"https:\/\/cms.gbkroccenter.org\/es\/saber-mas\/#breadcrumb"},"inLanguage":"es","potentialAction":[{"@type":"ReadAction","target":["https:\/\/cms.gbkroccenter.org\/es\/saber-mas\/"]}]},{"@type":"ImageObject","inLanguage":"es","@id":"https:\/\/cms.gbkroccenter.org\/es\/saber-mas\/#primaryimage","url":"https:\/\/cms.gbkroccenter.org\/wp-content\/uploads\/sites\/4\/2023\/02\/KeysIconOut.png","contentUrl":"https:\/\/cms.gbkroccenter.org\/wp-content\/uploads\/sites\/4\/2023\/02\/KeysIconOut.png"},{"@type":"BreadcrumbList","@id":"https:\/\/cms.gbkroccenter.org\/es\/saber-mas\/#breadcrumb","itemListElement":[{"@type":"ListItem","position":1,"name":"Home","item":"https:\/\/cms.gbkroccenter.org\/es\/"},{"@type":"ListItem","position":2,"name":"Saber m\u00e1s"}]},{"@type":"WebSite","@id":"https:\/\/cms.gbkroccenter.org\/es\/#website","url":"https:\/\/cms.gbkroccenter.org\/es\/","name":"Green Bay - The Salvation Army Kroc Center","description":"","publisher":{"@id":"https:\/\/cms.gbkroccenter.org\/es\/#organization"},"potentialAction":[{"@type":"SearchAction","target":{"@type":"EntryPoint","urlTemplate":"https:\/\/cms.gbkroccenter.org\/es\/?s={search_term_string}"},"query-input":"required name=search_term_string"}],"inLanguage":"es"},{"@type":"Organization","@id":"https:\/\/cms.gbkroccenter.org\/es\/#organization","name":"The Salvation Army Kroc Center","url":"https:\/\/cms.gbkroccenter.org\/es\/","logo":{"@type":"ImageObject","inLanguage":"es","@id":"https:\/\/cms.gbkroccenter.org\/es\/#\/schema\/logo\/image\/","url":"","contentUrl":"","caption":"The Salvation Army Kroc Center"},"image":{"@id":"https:\/\/cms.gbkroccenter.org\/es\/#\/schema\/logo\/image\/"}}]}},"featured_image_src":null,"featured_image_src_square":null,"_links":{"self":[{"href":"https:\/\/cms.gbkroccenter.org\/es\/wp-json\/wp\/v2\/pages\/3972","targetHints":{"allow":["GET"]}}],"collection":[{"href":"https:\/\/cms.gbkroccenter.org\/es\/wp-json\/wp\/v2\/pages"}],"about":[{"href":"https:\/\/cms.gbkroccenter.org\/es\/wp-json\/wp\/v2\/types\/page"}],"author":[{"embeddable":true,"href":"https:\/\/cms.gbkroccenter.org\/es\/wp-json\/wp\/v2\/users\/9"}],"replies":[{"embeddable":true,"href":"https:\/\/cms.gbkroccenter.org\/es\/wp-json\/wp\/v2\/comments?post=3972"}],"version-history":[{"count":0,"href":"https:\/\/cms.gbkroccenter.org\/es\/wp-json\/wp\/v2\/pages\/3972\/revisions"}],"wp:attachment":[{"href":"https:\/\/cms.gbkroccenter.org\/es\/wp-json\/wp\/v2\/media?parent=3972"}],"curies":[{"name":"wp","href":"https:\/\/api.w.org\/{rel}","templated":true}]}}