{"id":3974,"date":"2021-05-03T14:58:30","date_gmt":"2021-05-03T18:58:30","guid":{"rendered":"https:\/\/cms.gbkroccenter.org\/saber-mas\/sobre-nosotros\/"},"modified":"2024-07-24T13:29:01","modified_gmt":"2024-07-24T17:29:01","slug":"sobre-nosotros","status":"publish","type":"page","link":"https:\/\/cms.gbkroccenter.org\/es\/saber-mas\/sobre-nosotros\/","title":{"rendered":"Sobre nosotros"},"content":{"rendered":"\n<div class=\"wp-block-kroc-free-text-area section\"><div class=\"container\">\n<h2 class=\"wp-block-heading has-text-align-center\"><strong>\u00bfQu\u00e9 es el Centro Kroc y qu\u00e9 hacemos?<\/strong><\/h2>\n\n\n\n<p>En el Kroc nos dedicamos a transformar vidas mediante el ocio, la salud y el bienestar, la educaci\u00f3n, las artes culturales y el crecimiento espiritual. Formamos parte del Ej\u00e9rcito de Salvaci\u00f3n del Gran Green Bay y de su misi\u00f3n de satisfacer las necesidades humanas en Su nombre sin discriminaci\u00f3n.<\/p>\n<\/div><\/div>\n\n\n<div class=\"wp-block-image\">\n<figure class=\"aligncenter size-full\"><img loading=\"lazy\" decoding=\"async\" width=\"1000\" height=\"500\" src=\"https:\/\/cms.gbkroccenter.org\/wp-content\/uploads\/sites\/4\/2023\/05\/basketball-game.jpg\" alt=\"\" class=\"wp-image-2298\" srcset=\"https:\/\/cms.gbkroccenter.org\/wp-content\/uploads\/sites\/4\/2023\/05\/basketball-game.jpg 1000w, https:\/\/cms.gbkroccenter.org\/wp-content\/uploads\/sites\/4\/2023\/05\/basketball-game-300x150.jpg 300w, https:\/\/cms.gbkroccenter.org\/wp-content\/uploads\/sites\/4\/2023\/05\/basketball-game-768x384.jpg 768w\" sizes=\"auto, (max-width: 1000px) 100vw, 1000px\" \/><\/figure>\n<\/div>\n\n\n<div class=\"wp-block-kroc-free-text-area section\"><div class=\"container\">\n<div class=\"row is-layout-flex wp-container-core-columns-is-layout-9d6595d7 wp-block-columns-is-layout-flex\">\n<div class=\"col-md is-layout-flow wp-block-column-is-layout-flow\" style=\"flex-basis:33.33%\">\n<figure class=\"wp-block-image size-large\"><img loading=\"lazy\" decoding=\"async\" width=\"1024\" height=\"683\" src=\"https:\/\/cms.gbkroccenter.org\/wp-content\/uploads\/sites\/4\/2023\/05\/P4A7673-1024x683.jpg\" alt=\"\" class=\"wp-image-2296\" srcset=\"https:\/\/cms.gbkroccenter.org\/wp-content\/uploads\/sites\/4\/2023\/05\/P4A7673-1024x683.jpg 1024w, https:\/\/cms.gbkroccenter.org\/wp-content\/uploads\/sites\/4\/2023\/05\/P4A7673-300x200.jpg 300w, https:\/\/cms.gbkroccenter.org\/wp-content\/uploads\/sites\/4\/2023\/05\/P4A7673-768x512.jpg 768w, https:\/\/cms.gbkroccenter.org\/wp-content\/uploads\/sites\/4\/2023\/05\/P4A7673-1536x1024.jpg 1536w, https:\/\/cms.gbkroccenter.org\/wp-content\/uploads\/sites\/4\/2023\/05\/P4A7673-2048x1365.jpg 2048w, https:\/\/cms.gbkroccenter.org\/wp-content\/uploads\/sites\/4\/2023\/05\/P4A7673-600x400.jpg 600w\" sizes=\"auto, (max-width: 1024px) 100vw, 1024px\" \/><\/figure>\n\n\n\n<figure class=\"wp-block-image size-full\"><img loading=\"lazy\" decoding=\"async\" width=\"500\" height=\"250\" src=\"https:\/\/cms.gbkroccenter.org\/wp-content\/uploads\/sites\/4\/2021\/09\/track-walking-group.jpg\" alt=\"\" class=\"wp-image-1445\" srcset=\"https:\/\/cms.gbkroccenter.org\/wp-content\/uploads\/sites\/4\/2021\/09\/track-walking-group.jpg 500w, https:\/\/cms.gbkroccenter.org\/wp-content\/uploads\/sites\/4\/2021\/09\/track-walking-group-300x150.jpg 300w\" sizes=\"auto, (max-width: 500px) 100vw, 500px\" \/><\/figure>\n<\/div>\n\n\n\n<div class=\"col-md is-layout-flow wp-block-column-is-layout-flow\" style=\"flex-basis:66.66%\">\n<p>El desarrollo de los Centros Kroc en todo el pa\u00eds fue posible gracias a una dotaci\u00f3n de capital combinada procedente de un legado al Ej\u00e9rcito de Salvaci\u00f3n de la difunta Sra. Joan Kroc, viuda del fundador de McDonald&#8217;s, Ray Kroc. Joan financi\u00f3 y supervis\u00f3 la construcci\u00f3n del primer Centro Kroc en San Diego. Imagin\u00f3 un centro donde los ni\u00f1os pudieran ir a estar seguros, ser atendidos, aprender y practicar tanto las artes como los deportes.<\/p>\n\n\n\n<p>La comunidad de Green Bay tuvo la suerte de ser elegida como sede de un Centro Kroc, y es uno de los 26 centros que hay en todo el pa\u00eds. Se termin\u00f3 la construcci\u00f3n y el Centro Kroc abri\u00f3 sus puertas en agosto de 2011 como lugar de reuni\u00f3n y enriquecimiento que alberga una serie de programas de apoyo como deportes juveniles, fitness, clases de nataci\u00f3n, clases de arte para j\u00f3venes y adultos, danza, campamentos juveniles, actos comunitarios y servicios religiosos.<\/p>\n\n\n\n<p>Los programas, as\u00ed como el propio edificio, han sido dise\u00f1ados para estimular la mente, el cuerpo y el esp\u00edritu, para proporcionar esperanza y transformar la vida de todas y cada una de las personas que atraviesan nuestras puertas. Las instalaciones constan de un Centro Acu\u00e1tico con r\u00edo serpenteante, tobog\u00e1n de dos pisos, piscina de chapoteo y zona de juegos, un Centro de Fitness y aulas para ejercicios en grupo, un Gimnasio, un auditorio para culto y artes esc\u00e9nicas, y espacios para eventos especiales. Ofrecemos muchas oportunidades de aprendizaje y crecimiento a nuestros miembros y a la comunidad, como clases de inscripci\u00f3n de varias semanas, clases sin cita previa, actos comunitarios, estudios b\u00edblicos y servicios de culto semanales.<\/p>\n<\/div>\n<\/div>\n<\/div><\/div>\n\n\n\n<div class=\"wp-block-kroc-free-text-area section\"><div class=\"container\">\n<h2 class=\"wp-block-heading\">\u00a1Participa! \u00a1Forma parte del Kroc!<\/h2>\n<\/div><\/div>\n\n\n\n<div class=\"wp-block-kroc-free-text-area section\"><div class=\"container\">\n<div class=\"row is-layout-flex wp-container-core-columns-is-layout-9d6595d7 wp-block-columns-is-layout-flex\">\n<div class=\"col-md is-layout-flow wp-block-column-is-layout-flow\">\n<div class=\"wp-block-buttons is-layout-flex wp-block-buttons-is-layout-flex\">\n<div class=\"wp-block-button has-custom-width wp-block-button__width-100\"><a class=\"wp-block-button__link wp-element-button\" href=\"https:\/\/gbkroccenter.org\/es\/saber-mas\/empleo\" target=\"_blank\" rel=\"noreferrer noopener\">Trabajar en el Kroc<\/a><\/div>\n<\/div>\n<\/div>\n\n\n\n<div class=\"col-md is-layout-flow wp-block-column-is-layout-flow\">\n<div class=\"wp-block-buttons is-layout-flex wp-block-buttons-is-layout-flex\">\n<div class=\"wp-block-button has-custom-width wp-block-button__width-100\"><a class=\"wp-block-button__link wp-element-button\" href=\"https:\/\/centralusa.salvationarmy.org\/greenbay\/volunteer\/\" target=\"_blank\" rel=\"noreferrer noopener\">Ofrece tu tiempo como voluntario<\/a><\/div>\n<\/div>\n<\/div>\n\n\n\n<div class=\"col-md is-layout-flow wp-block-column-is-layout-flow\">\n<div class=\"wp-block-buttons is-layout-flex wp-block-buttons-is-layout-flex\">\n<div class=\"wp-block-button has-custom-width wp-block-button__width-100\"><a class=\"wp-block-button__link wp-element-button\" href=\"https:\/\/gbkroccenter.org\/es\/afiliacion\" target=\"_blank\" rel=\"noreferrer noopener\">Af\u00edliate<\/a><\/div>\n<\/div>\n<\/div>\n\n\n\n<div class=\"col-md is-layout-flow wp-block-column-is-layout-flow\">\n<div class=\"wp-block-buttons is-layout-flex wp-block-buttons-is-layout-flex\">\n<div class=\"wp-block-button has-custom-width wp-block-button__width-100\"><a class=\"wp-block-button__link wp-element-button\" href=\"https:\/\/donate.salvationarmywi.org\/GBKroc\n \" target=\"_blank\" rel=\"https:\/\/give.salvationarmyusa.org\/give\/164006\/#!\/donation\/checkout noopener\">Haz un donativo<\/a><\/div>\n<\/div>\n<\/div>\n<\/div>\n<\/div><\/div>\n","protected":false},"excerpt":{"rendered":"","protected":false},"author":9,"featured_media":0,"parent":3972,"menu_order":0,"comment_status":"closed","ping_status":"closed","template":"","meta":{"footnotes":""},"class_list":["post-3974","page","type-page","status-publish","hentry"],"yoast_head":"<!-- This site is optimized with the Yoast SEO plugin v23.0 - https:\/\/yoast.com\/wordpress\/plugins\/seo\/ -->\n<title>Sobre nosotros | Green Bay - The Salvation Army Kroc Center<\/title>\n<meta name=\"description\" content=\"\u00bfQu\u00e9 es el Centro Kroc de Green Bay y qu\u00e9 hacemos? Conoce nuestra historia y c\u00f3mo llegamos a ser.\" \/>\n<meta name=\"robots\" content=\"index, follow, max-snippet:-1, max-image-preview:large, max-video-preview:-1\" \/>\n<link rel=\"canonical\" href=\"https:\/\/cms.gbkroccenter.org\/es\/saber-mas\/sobre-nosotros\/\" \/>\n<meta property=\"og:locale\" content=\"es_ES\" \/>\n<meta property=\"og:type\" content=\"article\" \/>\n<meta property=\"og:title\" content=\"Sobre nosotros | Green Bay - The Salvation Army Kroc Center\" \/>\n<meta property=\"og:description\" content=\"\u00bfQu\u00e9 es el Centro Kroc de Green Bay y qu\u00e9 hacemos? Conoce nuestra historia y c\u00f3mo llegamos a ser.\" \/>\n<meta property=\"og:url\" content=\"https:\/\/cms.gbkroccenter.org\/es\/saber-mas\/sobre-nosotros\/\" \/>\n<meta property=\"og:site_name\" content=\"Green Bay - The Salvation Army Kroc Center\" \/>\n<meta property=\"article:modified_time\" content=\"2024-07-24T17:29:01+00:00\" \/>\n<meta property=\"og:image\" content=\"https:\/\/cms.gbkroccenter.org\/wp-content\/uploads\/sites\/4\/2023\/05\/basketball-game.jpg\" \/>\n<meta name=\"twitter:card\" content=\"summary_large_image\" \/>\n<script type=\"application\/ld+json\" class=\"yoast-schema-graph\">{\"@context\":\"https:\/\/schema.org\",\"@graph\":[{\"@type\":\"WebPage\",\"@id\":\"https:\/\/cms.gbkroccenter.org\/es\/saber-mas\/sobre-nosotros\/\",\"url\":\"https:\/\/cms.gbkroccenter.org\/es\/saber-mas\/sobre-nosotros\/\",\"name\":\"Sobre nosotros | Green Bay - The Salvation Army Kroc Center\",\"isPartOf\":{\"@id\":\"https:\/\/cms.gbkroccenter.org\/es\/#website\"},\"primaryImageOfPage\":{\"@id\":\"https:\/\/cms.gbkroccenter.org\/es\/saber-mas\/sobre-nosotros\/#primaryimage\"},\"image\":{\"@id\":\"https:\/\/cms.gbkroccenter.org\/es\/saber-mas\/sobre-nosotros\/#primaryimage\"},\"thumbnailUrl\":\"https:\/\/cms.gbkroccenter.org\/wp-content\/uploads\/sites\/4\/2023\/05\/basketball-game.jpg\",\"datePublished\":\"2021-05-03T18:58:30+00:00\",\"dateModified\":\"2024-07-24T17:29:01+00:00\",\"description\":\"\u00bfQu\u00e9 es el Centro Kroc de Green Bay y qu\u00e9 hacemos? Conoce nuestra historia y c\u00f3mo llegamos a ser.\",\"breadcrumb\":{\"@id\":\"https:\/\/cms.gbkroccenter.org\/es\/saber-mas\/sobre-nosotros\/#breadcrumb\"},\"inLanguage\":\"es\",\"potentialAction\":[{\"@type\":\"ReadAction\",\"target\":[\"https:\/\/cms.gbkroccenter.org\/es\/saber-mas\/sobre-nosotros\/\"]}]},{\"@type\":\"ImageObject\",\"inLanguage\":\"es\",\"@id\":\"https:\/\/cms.gbkroccenter.org\/es\/saber-mas\/sobre-nosotros\/#primaryimage\",\"url\":\"https:\/\/cms.gbkroccenter.org\/wp-content\/uploads\/sites\/4\/2023\/05\/basketball-game.jpg\",\"contentUrl\":\"https:\/\/cms.gbkroccenter.org\/wp-content\/uploads\/sites\/4\/2023\/05\/basketball-game.jpg\"},{\"@type\":\"BreadcrumbList\",\"@id\":\"https:\/\/cms.gbkroccenter.org\/es\/saber-mas\/sobre-nosotros\/#breadcrumb\",\"itemListElement\":[{\"@type\":\"ListItem\",\"position\":1,\"name\":\"Home\",\"item\":\"https:\/\/cms.gbkroccenter.org\/es\/\"},{\"@type\":\"ListItem\",\"position\":2,\"name\":\"Saber m\u00e1s\",\"item\":\"https:\/\/cms.gbkroccenter.org\/es\/saber-mas\/\"},{\"@type\":\"ListItem\",\"position\":3,\"name\":\"Sobre nosotros\"}]},{\"@type\":\"WebSite\",\"@id\":\"https:\/\/cms.gbkroccenter.org\/es\/#website\",\"url\":\"https:\/\/cms.gbkroccenter.org\/es\/\",\"name\":\"Green Bay - The Salvation Army Kroc Center\",\"description\":\"\",\"publisher\":{\"@id\":\"https:\/\/cms.gbkroccenter.org\/es\/#organization\"},\"potentialAction\":[{\"@type\":\"SearchAction\",\"target\":{\"@type\":\"EntryPoint\",\"urlTemplate\":\"https:\/\/cms.gbkroccenter.org\/es\/?s={search_term_string}\"},\"query-input\":\"required name=search_term_string\"}],\"inLanguage\":\"es\"},{\"@type\":\"Organization\",\"@id\":\"https:\/\/cms.gbkroccenter.org\/es\/#organization\",\"name\":\"The Salvation Army Kroc Center\",\"url\":\"https:\/\/cms.gbkroccenter.org\/es\/\",\"logo\":{\"@type\":\"ImageObject\",\"inLanguage\":\"es\",\"@id\":\"https:\/\/cms.gbkroccenter.org\/es\/#\/schema\/logo\/image\/\",\"url\":\"\",\"contentUrl\":\"\",\"caption\":\"The Salvation Army Kroc Center\"},\"image\":{\"@id\":\"https:\/\/cms.gbkroccenter.org\/es\/#\/schema\/logo\/image\/\"}}]}<\/script>\n<!-- \/ Yoast SEO plugin. -->","yoast_head_json":{"title":"Sobre nosotros | Green Bay - The Salvation Army Kroc Center","description":"\u00bfQu\u00e9 es el Centro Kroc de Green Bay y qu\u00e9 hacemos? Conoce nuestra historia y c\u00f3mo llegamos a ser.","robots":{"index":"index","follow":"follow","max-snippet":"max-snippet:-1","max-image-preview":"max-image-preview:large","max-video-preview":"max-video-preview:-1"},"canonical":"https:\/\/cms.gbkroccenter.org\/es\/saber-mas\/sobre-nosotros\/","og_locale":"es_ES","og_type":"article","og_title":"Sobre nosotros | Green Bay - The Salvation Army Kroc Center","og_description":"\u00bfQu\u00e9 es el Centro Kroc de Green Bay y qu\u00e9 hacemos? Conoce nuestra historia y c\u00f3mo llegamos a ser.","og_url":"https:\/\/cms.gbkroccenter.org\/es\/saber-mas\/sobre-nosotros\/","og_site_name":"Green Bay - The Salvation Army Kroc Center","article_modified_time":"2024-07-24T17:29:01+00:00","og_image":[{"url":"https:\/\/cms.gbkroccenter.org\/wp-content\/uploads\/sites\/4\/2023\/05\/basketball-game.jpg"}],"twitter_card":"summary_large_image","schema":{"@context":"https:\/\/schema.org","@graph":[{"@type":"WebPage","@id":"https:\/\/cms.gbkroccenter.org\/es\/saber-mas\/sobre-nosotros\/","url":"https:\/\/cms.gbkroccenter.org\/es\/saber-mas\/sobre-nosotros\/","name":"Sobre nosotros | Green Bay - The Salvation Army Kroc Center","isPartOf":{"@id":"https:\/\/cms.gbkroccenter.org\/es\/#website"},"primaryImageOfPage":{"@id":"https:\/\/cms.gbkroccenter.org\/es\/saber-mas\/sobre-nosotros\/#primaryimage"},"image":{"@id":"https:\/\/cms.gbkroccenter.org\/es\/saber-mas\/sobre-nosotros\/#primaryimage"},"thumbnailUrl":"https:\/\/cms.gbkroccenter.org\/wp-content\/uploads\/sites\/4\/2023\/05\/basketball-game.jpg","datePublished":"2021-05-03T18:58:30+00:00","dateModified":"2024-07-24T17:29:01+00:00","description":"\u00bfQu\u00e9 es el Centro Kroc de Green Bay y qu\u00e9 hacemos? Conoce nuestra historia y c\u00f3mo llegamos a ser.","breadcrumb":{"@id":"https:\/\/cms.gbkroccenter.org\/es\/saber-mas\/sobre-nosotros\/#breadcrumb"},"inLanguage":"es","potentialAction":[{"@type":"ReadAction","target":["https:\/\/cms.gbkroccenter.org\/es\/saber-mas\/sobre-nosotros\/"]}]},{"@type":"ImageObject","inLanguage":"es","@id":"https:\/\/cms.gbkroccenter.org\/es\/saber-mas\/sobre-nosotros\/#primaryimage","url":"https:\/\/cms.gbkroccenter.org\/wp-content\/uploads\/sites\/4\/2023\/05\/basketball-game.jpg","contentUrl":"https:\/\/cms.gbkroccenter.org\/wp-content\/uploads\/sites\/4\/2023\/05\/basketball-game.jpg"},{"@type":"BreadcrumbList","@id":"https:\/\/cms.gbkroccenter.org\/es\/saber-mas\/sobre-nosotros\/#breadcrumb","itemListElement":[{"@type":"ListItem","position":1,"name":"Home","item":"https:\/\/cms.gbkroccenter.org\/es\/"},{"@type":"ListItem","position":2,"name":"Saber m\u00e1s","item":"https:\/\/cms.gbkroccenter.org\/es\/saber-mas\/"},{"@type":"ListItem","position":3,"name":"Sobre nosotros"}]},{"@type":"WebSite","@id":"https:\/\/cms.gbkroccenter.org\/es\/#website","url":"https:\/\/cms.gbkroccenter.org\/es\/","name":"Green Bay - The Salvation Army Kroc Center","description":"","publisher":{"@id":"https:\/\/cms.gbkroccenter.org\/es\/#organization"},"potentialAction":[{"@type":"SearchAction","target":{"@type":"EntryPoint","urlTemplate":"https:\/\/cms.gbkroccenter.org\/es\/?s={search_term_string}"},"query-input":"required name=search_term_string"}],"inLanguage":"es"},{"@type":"Organization","@id":"https:\/\/cms.gbkroccenter.org\/es\/#organization","name":"The Salvation Army Kroc Center","url":"https:\/\/cms.gbkroccenter.org\/es\/","logo":{"@type":"ImageObject","inLanguage":"es","@id":"https:\/\/cms.gbkroccenter.org\/es\/#\/schema\/logo\/image\/","url":"","contentUrl":"","caption":"The Salvation Army Kroc Center"},"image":{"@id":"https:\/\/cms.gbkroccenter.org\/es\/#\/schema\/logo\/image\/"}}]}},"featured_image_src":null,"featured_image_src_square":null,"_links":{"self":[{"href":"https:\/\/cms.gbkroccenter.org\/es\/wp-json\/wp\/v2\/pages\/3974","targetHints":{"allow":["GET"]}}],"collection":[{"href":"https:\/\/cms.gbkroccenter.org\/es\/wp-json\/wp\/v2\/pages"}],"about":[{"href":"https:\/\/cms.gbkroccenter.org\/es\/wp-json\/wp\/v2\/types\/page"}],"author":[{"embeddable":true,"href":"https:\/\/cms.gbkroccenter.org\/es\/wp-json\/wp\/v2\/users\/9"}],"replies":[{"embeddable":true,"href":"https:\/\/cms.gbkroccenter.org\/es\/wp-json\/wp\/v2\/comments?post=3974"}],"version-history":[{"count":0,"href":"https:\/\/cms.gbkroccenter.org\/es\/wp-json\/wp\/v2\/pages\/3974\/revisions"}],"up":[{"embeddable":true,"href":"https:\/\/cms.gbkroccenter.org\/es\/wp-json\/wp\/v2\/pages\/3972"}],"wp:attachment":[{"href":"https:\/\/cms.gbkroccenter.org\/es\/wp-json\/wp\/v2\/media?parent=3974"}],"curies":[{"name":"wp","href":"https:\/\/api.w.org\/{rel}","templated":true}]}}