{"id":3976,"date":"2021-06-08T09:50:58","date_gmt":"2021-06-08T13:50:58","guid":{"rendered":"https:\/\/cms.gbkroccenter.org\/saber-mas\/empleo\/"},"modified":"2024-07-23T16:31:12","modified_gmt":"2024-07-23T20:31:12","slug":"empleo","status":"publish","type":"page","link":"https:\/\/cms.gbkroccenter.org\/es\/saber-mas\/empleo\/","title":{"rendered":"Empleo"},"content":{"rendered":"\n<div class=\"wp-block-kroc-free-text-area section\"><div class=\"container\">\n<figure class=\"wp-block-gallery has-nested-images columns-5 is-cropped wp-block-gallery-1 is-layout-flex wp-block-gallery-is-layout-flex\">\n<figure class=\"wp-block-image size-large is-style-rounded\"><img loading=\"lazy\" decoding=\"async\" width=\"1024\" height=\"683\" data-id=\"2296\" src=\"https:\/\/cms.gbkroccenter.org\/wp-content\/uploads\/sites\/4\/2023\/05\/P4A7673-1024x683.jpg\" alt=\"\" class=\"wp-image-2296\" srcset=\"https:\/\/cms.gbkroccenter.org\/wp-content\/uploads\/sites\/4\/2023\/05\/P4A7673-1024x683.jpg 1024w, https:\/\/cms.gbkroccenter.org\/wp-content\/uploads\/sites\/4\/2023\/05\/P4A7673-300x200.jpg 300w, https:\/\/cms.gbkroccenter.org\/wp-content\/uploads\/sites\/4\/2023\/05\/P4A7673-768x512.jpg 768w, https:\/\/cms.gbkroccenter.org\/wp-content\/uploads\/sites\/4\/2023\/05\/P4A7673-1536x1024.jpg 1536w, https:\/\/cms.gbkroccenter.org\/wp-content\/uploads\/sites\/4\/2023\/05\/P4A7673-2048x1365.jpg 2048w, https:\/\/cms.gbkroccenter.org\/wp-content\/uploads\/sites\/4\/2023\/05\/P4A7673-600x400.jpg 600w\" sizes=\"auto, (max-width: 1024px) 100vw, 1024px\" \/><\/figure>\n\n\n\n<figure class=\"wp-block-image size-large\"><img loading=\"lazy\" decoding=\"async\" width=\"1000\" height=\"1000\" data-id=\"1215\" src=\"https:\/\/cms.gbkroccenter.org\/wp-content\/uploads\/sites\/4\/2021\/09\/privateswim.png\" alt=\"\" class=\"wp-image-1215\" srcset=\"https:\/\/cms.gbkroccenter.org\/wp-content\/uploads\/sites\/4\/2021\/09\/privateswim.png 1000w, https:\/\/cms.gbkroccenter.org\/wp-content\/uploads\/sites\/4\/2021\/09\/privateswim-300x300.png 300w, https:\/\/cms.gbkroccenter.org\/wp-content\/uploads\/sites\/4\/2021\/09\/privateswim-150x150.png 150w, https:\/\/cms.gbkroccenter.org\/wp-content\/uploads\/sites\/4\/2021\/09\/privateswim-768x768.png 768w, https:\/\/cms.gbkroccenter.org\/wp-content\/uploads\/sites\/4\/2021\/09\/privateswim-600x600.png 600w\" sizes=\"auto, (max-width: 1000px) 100vw, 1000px\" \/><\/figure>\n\n\n\n<figure class=\"wp-block-image size-large\"><img loading=\"lazy\" decoding=\"async\" width=\"1000\" height=\"1000\" data-id=\"1216\" src=\"https:\/\/cms.gbkroccenter.org\/wp-content\/uploads\/sites\/4\/2021\/09\/Aric-with-Archery.png\" alt=\"\" class=\"wp-image-1216\" srcset=\"https:\/\/cms.gbkroccenter.org\/wp-content\/uploads\/sites\/4\/2021\/09\/Aric-with-Archery.png 1000w, https:\/\/cms.gbkroccenter.org\/wp-content\/uploads\/sites\/4\/2021\/09\/Aric-with-Archery-300x300.png 300w, https:\/\/cms.gbkroccenter.org\/wp-content\/uploads\/sites\/4\/2021\/09\/Aric-with-Archery-150x150.png 150w, https:\/\/cms.gbkroccenter.org\/wp-content\/uploads\/sites\/4\/2021\/09\/Aric-with-Archery-768x768.png 768w, https:\/\/cms.gbkroccenter.org\/wp-content\/uploads\/sites\/4\/2021\/09\/Aric-with-Archery-600x600.png 600w\" sizes=\"auto, (max-width: 1000px) 100vw, 1000px\" \/><\/figure>\n\n\n\n<figure class=\"wp-block-image size-large\"><img loading=\"lazy\" decoding=\"async\" width=\"1000\" height=\"1000\" data-id=\"1217\" src=\"https:\/\/cms.gbkroccenter.org\/wp-content\/uploads\/sites\/4\/2021\/09\/Membership-Services.jpg\" alt=\"\" class=\"wp-image-1217\" srcset=\"https:\/\/cms.gbkroccenter.org\/wp-content\/uploads\/sites\/4\/2021\/09\/Membership-Services.jpg 1000w, https:\/\/cms.gbkroccenter.org\/wp-content\/uploads\/sites\/4\/2021\/09\/Membership-Services-300x300.jpg 300w, https:\/\/cms.gbkroccenter.org\/wp-content\/uploads\/sites\/4\/2021\/09\/Membership-Services-150x150.jpg 150w, https:\/\/cms.gbkroccenter.org\/wp-content\/uploads\/sites\/4\/2021\/09\/Membership-Services-768x768.jpg 768w, https:\/\/cms.gbkroccenter.org\/wp-content\/uploads\/sites\/4\/2021\/09\/Membership-Services-600x600.jpg 600w\" sizes=\"auto, (max-width: 1000px) 100vw, 1000px\" \/><\/figure>\n\n\n\n<figure class=\"wp-block-image size-large\"><img loading=\"lazy\" decoding=\"async\" width=\"1000\" height=\"1000\" data-id=\"1218\" src=\"https:\/\/cms.gbkroccenter.org\/wp-content\/uploads\/sites\/4\/2021\/09\/Maintenance.jpg\" alt=\"\" class=\"wp-image-1218\" srcset=\"https:\/\/cms.gbkroccenter.org\/wp-content\/uploads\/sites\/4\/2021\/09\/Maintenance.jpg 1000w, https:\/\/cms.gbkroccenter.org\/wp-content\/uploads\/sites\/4\/2021\/09\/Maintenance-300x300.jpg 300w, https:\/\/cms.gbkroccenter.org\/wp-content\/uploads\/sites\/4\/2021\/09\/Maintenance-150x150.jpg 150w, https:\/\/cms.gbkroccenter.org\/wp-content\/uploads\/sites\/4\/2021\/09\/Maintenance-768x768.jpg 768w, https:\/\/cms.gbkroccenter.org\/wp-content\/uploads\/sites\/4\/2021\/09\/Maintenance-600x600.jpg 600w\" sizes=\"auto, (max-width: 1000px) 100vw, 1000px\" \/><\/figure>\n<\/figure>\n<\/div><\/div>\n\n<h1 class=\"has-text-align-center has-white-color has-light-blue-background-color has-text-color has-background wp-block-heading\">\u00a1El Centro Kroc est\u00e1 contratando!<\/h1>\n\n<div class=\"wp-block-kroc-free-text-area section\"><div class=\"container\">\n<p>Nuestro entregado personal y nuestros voluntarios son parte de lo que hace que el Centro Kroc sea tan especial. Su compromiso de servir a los dem\u00e1s y crear un entorno acogedor ayuda a construir nuestra comunidad. \u00a1Esperamos tenerte como parte del equipo Kroc!<\/p>\n\n\n\n<p>Los empleados del Centro Kroc tienen derecho a recibir:<\/p>\n\n\n\n<ul class=\"wp-block-list\">\n<li>Afiliaci\u00f3n individual gratuita al Centro Kroc o con un gran descuento para una afiliaci\u00f3n familiar<\/li>\n\n\n\n<li>Un programa nacional de descuentos, en el que los empleados del Ej\u00e9rcito de Salvaci\u00f3n pueden recibir precios especiales en servicios como alquiler de coches, seguros y m\u00e1s (consulta al departamento de recursos humanos para obtener m\u00e1s informaci\u00f3n).<\/li>\n\n\n\n<li>Comida, diversi\u00f3n y juegos durante eventos especiales  <\/li>\n<\/ul>\n\n\n\n<p>Haz clic en el bot\u00f3n de abajo para acceder a las ofertas de empleo en l\u00ednea del Ej\u00e9rcito de Salvaci\u00f3n y comenzar tu solicitud digital.<\/p>\n<\/div><\/div>\n\n<div style=\"text-align:center\" class=\"wp-block-genesis-blocks-gb-button gb-block-button\"><a href=\"https:\/\/recruiting.adp.com\/srccar\/public\/RTI.home?c=1177315&amp;d=ExternalCareerSite&amp;Keyword=Kroc&amp;city=Green&amp;state=WI\" target=\"_blank\" rel=\"noopener noreferrer\" class=\"gb-button gb-button-shape-rounded gb-button-size-extralarge\" style=\"color:#ffffff;background-color:#ef3e42\">Encuentra trabajo en el Centro Kroc<\/a><\/div>\n\n<h3 class=\"has-text-align-center wp-block-heading\">\u00bfTienes preguntas? Env\u00eda un correo electr\u00f3nico a nuestro Departamento de RRHH a <a href=\"mailto:GBKroc.Info@usc.salvationarmy.org\">GBKroc.Info@usc.salvationarmy.org<\/a><\/h3>\n\n<div class=\"wp-block-kroc-free-text-area section\"><div class=\"container\">\n<p><\/p>\n<\/div><\/div>\n","protected":false},"excerpt":{"rendered":"<p>\u00a1El Centro Kroc est\u00e1 contratando! \u00bfTienes preguntas? Env\u00eda un correo electr\u00f3nico a nuestro Departamento de RRHH a GBKroc.Info@usc.salvationarmy.org<\/p>\n","protected":false},"author":6,"featured_media":0,"parent":3972,"menu_order":0,"comment_status":"closed","ping_status":"closed","template":"","meta":{"footnotes":""},"class_list":["post-3976","page","type-page","status-publish","hentry"],"yoast_head":"<!-- This site is optimized with the Yoast SEO plugin v23.0 - https:\/\/yoast.com\/wordpress\/plugins\/seo\/ -->\n<title>Empleo | Green Bay - The Salvation Army Kroc Center<\/title>\n<meta name=\"description\" content=\"Encuentra un trabajo satisfactorio a tiempo parcial o completo en el Centro Kroc de Green Bay.\" \/>\n<meta name=\"robots\" content=\"index, follow, max-snippet:-1, max-image-preview:large, max-video-preview:-1\" \/>\n<link rel=\"canonical\" href=\"https:\/\/cms.gbkroccenter.org\/es\/saber-mas\/empleo\/\" \/>\n<meta property=\"og:locale\" content=\"es_ES\" \/>\n<meta property=\"og:type\" content=\"article\" \/>\n<meta property=\"og:title\" content=\"Empleo | Green Bay - The Salvation Army Kroc Center\" \/>\n<meta property=\"og:description\" content=\"Encuentra un trabajo satisfactorio a tiempo parcial o completo en el Centro Kroc de Green Bay.\" \/>\n<meta property=\"og:url\" content=\"https:\/\/cms.gbkroccenter.org\/es\/saber-mas\/empleo\/\" \/>\n<meta property=\"og:site_name\" content=\"Green Bay - The Salvation Army Kroc Center\" \/>\n<meta property=\"article:modified_time\" content=\"2024-07-23T20:31:12+00:00\" \/>\n<meta property=\"og:image\" content=\"https:\/\/cms.gbkroccenter.org\/wp-content\/uploads\/sites\/4\/2023\/05\/P4A7673-1024x683.jpg\" \/>\n<meta name=\"twitter:card\" content=\"summary_large_image\" \/>\n<script type=\"application\/ld+json\" class=\"yoast-schema-graph\">{\"@context\":\"https:\/\/schema.org\",\"@graph\":[{\"@type\":\"WebPage\",\"@id\":\"https:\/\/cms.gbkroccenter.org\/es\/saber-mas\/empleo\/\",\"url\":\"https:\/\/cms.gbkroccenter.org\/es\/saber-mas\/empleo\/\",\"name\":\"Empleo | Green Bay - The Salvation Army Kroc Center\",\"isPartOf\":{\"@id\":\"https:\/\/cms.gbkroccenter.org\/es\/#website\"},\"primaryImageOfPage\":{\"@id\":\"https:\/\/cms.gbkroccenter.org\/es\/saber-mas\/empleo\/#primaryimage\"},\"image\":{\"@id\":\"https:\/\/cms.gbkroccenter.org\/es\/saber-mas\/empleo\/#primaryimage\"},\"thumbnailUrl\":\"https:\/\/cms.gbkroccenter.org\/wp-content\/uploads\/sites\/4\/2023\/05\/P4A7673-1024x683.jpg\",\"datePublished\":\"2021-06-08T13:50:58+00:00\",\"dateModified\":\"2024-07-23T20:31:12+00:00\",\"description\":\"Encuentra un trabajo satisfactorio a tiempo parcial o completo en el Centro Kroc de Green Bay.\",\"breadcrumb\":{\"@id\":\"https:\/\/cms.gbkroccenter.org\/es\/saber-mas\/empleo\/#breadcrumb\"},\"inLanguage\":\"es\",\"potentialAction\":[{\"@type\":\"ReadAction\",\"target\":[\"https:\/\/cms.gbkroccenter.org\/es\/saber-mas\/empleo\/\"]}]},{\"@type\":\"ImageObject\",\"inLanguage\":\"es\",\"@id\":\"https:\/\/cms.gbkroccenter.org\/es\/saber-mas\/empleo\/#primaryimage\",\"url\":\"https:\/\/cms.gbkroccenter.org\/wp-content\/uploads\/sites\/4\/2023\/05\/P4A7673-1024x683.jpg\",\"contentUrl\":\"https:\/\/cms.gbkroccenter.org\/wp-content\/uploads\/sites\/4\/2023\/05\/P4A7673-1024x683.jpg\"},{\"@type\":\"BreadcrumbList\",\"@id\":\"https:\/\/cms.gbkroccenter.org\/es\/saber-mas\/empleo\/#breadcrumb\",\"itemListElement\":[{\"@type\":\"ListItem\",\"position\":1,\"name\":\"Home\",\"item\":\"https:\/\/cms.gbkroccenter.org\/es\/\"},{\"@type\":\"ListItem\",\"position\":2,\"name\":\"Saber m\u00e1s\",\"item\":\"https:\/\/cms.gbkroccenter.org\/es\/saber-mas\/\"},{\"@type\":\"ListItem\",\"position\":3,\"name\":\"Empleo\"}]},{\"@type\":\"WebSite\",\"@id\":\"https:\/\/cms.gbkroccenter.org\/es\/#website\",\"url\":\"https:\/\/cms.gbkroccenter.org\/es\/\",\"name\":\"Green Bay - The Salvation Army Kroc Center\",\"description\":\"\",\"publisher\":{\"@id\":\"https:\/\/cms.gbkroccenter.org\/es\/#organization\"},\"potentialAction\":[{\"@type\":\"SearchAction\",\"target\":{\"@type\":\"EntryPoint\",\"urlTemplate\":\"https:\/\/cms.gbkroccenter.org\/es\/?s={search_term_string}\"},\"query-input\":\"required name=search_term_string\"}],\"inLanguage\":\"es\"},{\"@type\":\"Organization\",\"@id\":\"https:\/\/cms.gbkroccenter.org\/es\/#organization\",\"name\":\"The Salvation Army Kroc Center\",\"url\":\"https:\/\/cms.gbkroccenter.org\/es\/\",\"logo\":{\"@type\":\"ImageObject\",\"inLanguage\":\"es\",\"@id\":\"https:\/\/cms.gbkroccenter.org\/es\/#\/schema\/logo\/image\/\",\"url\":\"\",\"contentUrl\":\"\",\"caption\":\"The Salvation Army Kroc Center\"},\"image\":{\"@id\":\"https:\/\/cms.gbkroccenter.org\/es\/#\/schema\/logo\/image\/\"}}]}<\/script>\n<!-- \/ Yoast SEO plugin. -->","yoast_head_json":{"title":"Empleo | Green Bay - The Salvation Army Kroc Center","description":"Encuentra un trabajo satisfactorio a tiempo parcial o completo en el Centro Kroc de Green Bay.","robots":{"index":"index","follow":"follow","max-snippet":"max-snippet:-1","max-image-preview":"max-image-preview:large","max-video-preview":"max-video-preview:-1"},"canonical":"https:\/\/cms.gbkroccenter.org\/es\/saber-mas\/empleo\/","og_locale":"es_ES","og_type":"article","og_title":"Empleo | Green Bay - The Salvation Army Kroc Center","og_description":"Encuentra un trabajo satisfactorio a tiempo parcial o completo en el Centro Kroc de Green Bay.","og_url":"https:\/\/cms.gbkroccenter.org\/es\/saber-mas\/empleo\/","og_site_name":"Green Bay - The Salvation Army Kroc Center","article_modified_time":"2024-07-23T20:31:12+00:00","og_image":[{"url":"https:\/\/cms.gbkroccenter.org\/wp-content\/uploads\/sites\/4\/2023\/05\/P4A7673-1024x683.jpg"}],"twitter_card":"summary_large_image","schema":{"@context":"https:\/\/schema.org","@graph":[{"@type":"WebPage","@id":"https:\/\/cms.gbkroccenter.org\/es\/saber-mas\/empleo\/","url":"https:\/\/cms.gbkroccenter.org\/es\/saber-mas\/empleo\/","name":"Empleo | Green Bay - The Salvation Army Kroc Center","isPartOf":{"@id":"https:\/\/cms.gbkroccenter.org\/es\/#website"},"primaryImageOfPage":{"@id":"https:\/\/cms.gbkroccenter.org\/es\/saber-mas\/empleo\/#primaryimage"},"image":{"@id":"https:\/\/cms.gbkroccenter.org\/es\/saber-mas\/empleo\/#primaryimage"},"thumbnailUrl":"https:\/\/cms.gbkroccenter.org\/wp-content\/uploads\/sites\/4\/2023\/05\/P4A7673-1024x683.jpg","datePublished":"2021-06-08T13:50:58+00:00","dateModified":"2024-07-23T20:31:12+00:00","description":"Encuentra un trabajo satisfactorio a tiempo parcial o completo en el Centro Kroc de Green Bay.","breadcrumb":{"@id":"https:\/\/cms.gbkroccenter.org\/es\/saber-mas\/empleo\/#breadcrumb"},"inLanguage":"es","potentialAction":[{"@type":"ReadAction","target":["https:\/\/cms.gbkroccenter.org\/es\/saber-mas\/empleo\/"]}]},{"@type":"ImageObject","inLanguage":"es","@id":"https:\/\/cms.gbkroccenter.org\/es\/saber-mas\/empleo\/#primaryimage","url":"https:\/\/cms.gbkroccenter.org\/wp-content\/uploads\/sites\/4\/2023\/05\/P4A7673-1024x683.jpg","contentUrl":"https:\/\/cms.gbkroccenter.org\/wp-content\/uploads\/sites\/4\/2023\/05\/P4A7673-1024x683.jpg"},{"@type":"BreadcrumbList","@id":"https:\/\/cms.gbkroccenter.org\/es\/saber-mas\/empleo\/#breadcrumb","itemListElement":[{"@type":"ListItem","position":1,"name":"Home","item":"https:\/\/cms.gbkroccenter.org\/es\/"},{"@type":"ListItem","position":2,"name":"Saber m\u00e1s","item":"https:\/\/cms.gbkroccenter.org\/es\/saber-mas\/"},{"@type":"ListItem","position":3,"name":"Empleo"}]},{"@type":"WebSite","@id":"https:\/\/cms.gbkroccenter.org\/es\/#website","url":"https:\/\/cms.gbkroccenter.org\/es\/","name":"Green Bay - The Salvation Army Kroc Center","description":"","publisher":{"@id":"https:\/\/cms.gbkroccenter.org\/es\/#organization"},"potentialAction":[{"@type":"SearchAction","target":{"@type":"EntryPoint","urlTemplate":"https:\/\/cms.gbkroccenter.org\/es\/?s={search_term_string}"},"query-input":"required name=search_term_string"}],"inLanguage":"es"},{"@type":"Organization","@id":"https:\/\/cms.gbkroccenter.org\/es\/#organization","name":"The Salvation Army Kroc Center","url":"https:\/\/cms.gbkroccenter.org\/es\/","logo":{"@type":"ImageObject","inLanguage":"es","@id":"https:\/\/cms.gbkroccenter.org\/es\/#\/schema\/logo\/image\/","url":"","contentUrl":"","caption":"The Salvation Army Kroc Center"},"image":{"@id":"https:\/\/cms.gbkroccenter.org\/es\/#\/schema\/logo\/image\/"}}]}},"featured_image_src":null,"featured_image_src_square":null,"_links":{"self":[{"href":"https:\/\/cms.gbkroccenter.org\/es\/wp-json\/wp\/v2\/pages\/3976","targetHints":{"allow":["GET"]}}],"collection":[{"href":"https:\/\/cms.gbkroccenter.org\/es\/wp-json\/wp\/v2\/pages"}],"about":[{"href":"https:\/\/cms.gbkroccenter.org\/es\/wp-json\/wp\/v2\/types\/page"}],"author":[{"embeddable":true,"href":"https:\/\/cms.gbkroccenter.org\/es\/wp-json\/wp\/v2\/users\/6"}],"replies":[{"embeddable":true,"href":"https:\/\/cms.gbkroccenter.org\/es\/wp-json\/wp\/v2\/comments?post=3976"}],"version-history":[{"count":0,"href":"https:\/\/cms.gbkroccenter.org\/es\/wp-json\/wp\/v2\/pages\/3976\/revisions"}],"up":[{"embeddable":true,"href":"https:\/\/cms.gbkroccenter.org\/es\/wp-json\/wp\/v2\/pages\/3972"}],"wp:attachment":[{"href":"https:\/\/cms.gbkroccenter.org\/es\/wp-json\/wp\/v2\/media?parent=3976"}],"curies":[{"name":"wp","href":"https:\/\/api.w.org\/{rel}","templated":true}]}}