{"id":3988,"date":"2021-11-03T13:06:15","date_gmt":"2021-11-03T17:06:15","guid":{"rendered":"https:\/\/cms.gbkroccenter.org\/afiliacion-corporativa\/"},"modified":"2025-02-24T11:51:37","modified_gmt":"2025-02-24T16:51:37","slug":"afiliacion-corporativa","status":"publish","type":"page","link":"https:\/\/cms.gbkroccenter.org\/es\/afiliacion-corporativa\/","title":{"rendered":"Afiliaci\u00f3n Corporativa"},"content":{"rendered":"\n<div class=\"wp-block-kroc-free-text-area section\"><div class=\"container\">\n<h2 class=\"wp-block-heading\">LOS PROGRAMAS DE BIENESTAR DE LAS EMPRESAS DAN GRANDES DIVIDENDOS<\/h2>\n\n\n\n<p>El Centro Comunitario Kroc del Ej\u00e9rcito de Salvaci\u00f3n es un gimnasio de \u00faltima generaci\u00f3n que ofrece <a href=\"https:\/\/www.gbkroccenter.org\/es\/programas\/entrenamiento-personal\/\">entrenamiento personal<\/a> y <a href=\"https:\/\/www.gbkroccenter.org\/es\/programas\/fitness\/\">clases de fitness<\/a> en grupo. Tambi\u00e9n encontrar\u00e1s muchas oportunidades para realizar actividades familiares, como <a href=\"https:\/\/www.gbkroccenter.org\/es\/programas\/acuaticos\/\">rodar troncos<\/a> o <a href=\"https:\/\/www.gbkroccenter.org\/es\/programas\/bellas-artes\/\">clases de arte<\/a> dise\u00f1adas para peque\u00f1os y mayores. A continuaci\u00f3n encontrar\u00e1s las ventajas de la afiliaci\u00f3n corporativa y las tarifas.  <\/p>\n\n\n\n<figure class=\"wp-block-image size-full is-resized\"><img loading=\"lazy\" decoding=\"async\" width=\"1000\" height=\"500\" src=\"https:\/\/cms.gbkroccenter.org\/wp-content\/uploads\/sites\/4\/2021\/11\/corporate-connections.png\" alt=\"Conexiones empresariales\" class=\"wp-image-1573\" style=\"width:1177px;height:589px\" srcset=\"https:\/\/cms.gbkroccenter.org\/wp-content\/uploads\/sites\/4\/2021\/11\/corporate-connections.png 1000w, https:\/\/cms.gbkroccenter.org\/wp-content\/uploads\/sites\/4\/2021\/11\/corporate-connections-300x150.png 300w, https:\/\/cms.gbkroccenter.org\/wp-content\/uploads\/sites\/4\/2021\/11\/corporate-connections-768x384.png 768w\" sizes=\"auto, (max-width: 1000px) 100vw, 1000px\" \/><\/figure>\n\n\n\n<div class=\"row is-layout-flex wp-container-core-columns-is-layout-9d6595d7 wp-block-columns-is-layout-flex\">\n<div class=\"col-md is-layout-flow wp-block-column-is-layout-flow\">\n<h2 class=\"wp-block-heading\">C\u00d3MO FUNCIONA<\/h2>\n\n\n\n<ul class=\"wp-block-list\">\n<li>Trae tu N\u00f3mina o Identificaci\u00f3n de Empleado<\/li>\n\n\n\n<li>Rellenar una solicitud de afiliaci\u00f3n<\/li>\n<\/ul>\n\n\n\n<p>LOS BENEFICIOS PARA EMPLEADOS DE CORPORATE CONNECTIONS INCLUYEN:<\/p>\n\n\n\n<ul class=\"wp-block-list\">\n<li>Exenci\u00f3n de la tasa de tramitaci\u00f3n de 40,00<\/li>\n\n\n\n<li>15% de descuento para afiliados<\/li>\n<\/ul>\n\n\n\n<h2 class=\"wp-block-heading\">\u00a1ES AS\u00cd DE F\u00c1CIL!<\/h2>\n<\/div>\n\n\n\n<div class=\"col-md is-layout-flow wp-block-column-is-layout-flow\">\n<h2 class=\"wp-block-heading\">ELIGE UN PLAN QUE SE ADAPTE A TU ESTILO DE VIDA<\/h2>\n\n\n\n<figure class=\"wp-block-table is-style-stripes\"><table><tbody><tr><td>TIPO DE AFILIACI\u00d3N<\/td><td>TARIFA MENSUAL<\/td><\/tr><tr><td>J\u00f3venes (12-26 a\u00f1os)<\/td><td>$24.65<\/td><\/tr><tr><td>Adulto (27-61 a\u00f1os)<\/td><td>$44.20<\/td><\/tr><tr><td>Senior (mayores de 62 a\u00f1os)<\/td><td>$29.75<\/td><\/tr><tr><td>Familia <\/td><td>$66.73<\/td><\/tr><tr><td>Todo el hogar<\/td><td>$83.73<\/td><\/tr><\/tbody><\/table><figcaption class=\"wp-element-caption\">*EL PRECIO REFLEJA UN DESCUENTO DEL 15<\/figcaption><\/figure>\n<\/div>\n<\/div>\n\n\n\n<div class=\"row is-layout-flex wp-container-core-columns-is-layout-9d6595d7 wp-block-columns-is-layout-flex\">\n<div class=\"col-md has-light-blue-background-color has-background is-layout-flow wp-block-column-is-layout-flow\" style=\"flex-basis:33%\">\n<figure class=\"wp-block-image size-full\"><img loading=\"lazy\" decoding=\"async\" width=\"500\" height=\"161\" src=\"https:\/\/cms.gbkroccenter.org\/wp-content\/uploads\/sites\/4\/2021\/11\/327.png\" alt=\"\" class=\"wp-image-1578\" srcset=\"https:\/\/cms.gbkroccenter.org\/wp-content\/uploads\/sites\/4\/2021\/11\/327.png 500w, https:\/\/cms.gbkroccenter.org\/wp-content\/uploads\/sites\/4\/2021\/11\/327-300x97.png 300w\" sizes=\"auto, (max-width: 500px) 100vw, 500px\" \/><\/figure>\n\n\n\n<p><strong>Los costes m\u00e9dicos disminuyen aproximadamente 3,27 d\u00f3lares por cada d\u00f3lar que una empresa gasta en programas de bienestar.<\/strong><br\/>(Informe sobre las plantillas de Aflac)<\/p>\n<\/div>\n\n\n\n<div class=\"col-md has-teal-background-color has-background is-layout-flow wp-block-column-is-layout-flow\" style=\"flex-basis:33.33%\">\n<figure class=\"wp-block-image size-full\"><img loading=\"lazy\" decoding=\"async\" width=\"500\" height=\"161\" src=\"https:\/\/cms.gbkroccenter.org\/wp-content\/uploads\/sites\/4\/2021\/11\/28.png\" alt=\"\" class=\"wp-image-1576\" srcset=\"https:\/\/cms.gbkroccenter.org\/wp-content\/uploads\/sites\/4\/2021\/11\/28.png 500w, https:\/\/cms.gbkroccenter.org\/wp-content\/uploads\/sites\/4\/2021\/11\/28-300x97.png 300w\" sizes=\"auto, (max-width: 500px) 100vw, 500px\" \/><\/figure>\n\n\n\n<p><strong>Las empresas que implantaron un programa de bienestar experimentaron una reducci\u00f3n del 28% en las bajas por enfermedad de sus empleados.<\/strong><br\/>(Instituto para el Consumo SanitarioTM)<\/p>\n<\/div>\n\n\n\n<div class=\"col-md has-green-background-color has-background is-layout-flow wp-block-column-is-layout-flow\" style=\"flex-basis:33.33%\">\n<figure class=\"wp-block-image size-full\"><img loading=\"lazy\" decoding=\"async\" width=\"500\" height=\"161\" src=\"https:\/\/cms.gbkroccenter.org\/wp-content\/uploads\/sites\/4\/2021\/11\/77.png\" alt=\"\" class=\"wp-image-1577\" srcset=\"https:\/\/cms.gbkroccenter.org\/wp-content\/uploads\/sites\/4\/2021\/11\/77.png 500w, https:\/\/cms.gbkroccenter.org\/wp-content\/uploads\/sites\/4\/2021\/11\/77-300x97.png 300w\" sizes=\"auto, (max-width: 500px) 100vw, 500px\" \/><\/figure>\n\n\n\n<p class=\"has-white-color has-text-color\"><strong>de las organizaciones indicaron que su programa de bienestar era algo o muy eficaz para reducir los costes sanitarios.<\/strong><br\/>(Beneficios para los empleados, SHRM)<\/p>\n<\/div>\n<\/div>\n\n\n\n<div class=\"row is-layout-flex wp-container-core-columns-is-layout-9d6595d7 wp-block-columns-is-layout-flex\">\n<div class=\"col-md is-vertically-aligned-bottom has-very-light-grey-background-color has-background is-layout-flow wp-block-column-is-layout-flow\">\n<p class=\"has-text-align-center has-very-light-grey-background-color has-background\"><strong>Para m\u00e1s informaci\u00f3n, ponte en contacto con el Centro Kroc <a href=\"mailto:gbkroc.info@usc.salvationarmy.org\">: gbkroc.info@usc.salvationarmy.org<\/a><\/strong><\/p>\n<\/div>\n<\/div>\n\n\n\n<div class=\"row is-layout-flex wp-container-core-columns-is-layout-9d6595d7 wp-block-columns-is-layout-flex\">\n<div class=\"col-md has-navy-background-color has-background is-layout-flow wp-block-column-is-layout-flow\">\n<h2 class=\"wp-block-heading\">BENEFICIOS DE LA EMPRESA<\/h2>\n\n\n\n<ul class=\"wp-block-list\">\n<li>20% de descuento en el alquiler de salas, perfecto para:<br\/>&#8211; Talleres<br\/>&#8211; Programas de premios<br\/>&#8211; Reuniones<br\/>&#8211; Conferencias<br\/>&#8211; Fiestas de empresa<br\/>&#8211; Formaciones empresariales<\/li>\n\n\n\n<li>1 Presentaci\u00f3n de Bienestar in situ GRATUITA al a\u00f1o<\/li>\n\n\n\n<li>Asistencia de Kroc a las Ferias de la Salud de la empresa<\/li>\n\n\n\n<li>Informes de uso seg\u00fan se soliciten<\/li>\n<\/ul>\n<\/div>\n\n\n\n<div class=\"col-md has-light-blue-background-color has-background is-layout-flow wp-block-column-is-layout-flow\">\n<h2 class=\"wp-block-heading\">VENTAJAS PARA LOS AFILIADOS<\/h2>\n\n\n\n<p>GRATIS CON TU AFILIACI\u00d3N<\/p>\n\n\n\n<ul class=\"wp-block-list\">\n<li>Evaluaci\u00f3n Kroc Start Fitness<\/li>\n\n\n\n<li>Orientaci\u00f3n<\/li>\n\n\n\n<li>Clases colectivas de fitness en tierra y agua<\/li>\n\n\n\n<li>Dos horas de Vigilancia Infantil por ni\u00f1o y d\u00eda<\/li>\n\n\n\n<li>Gimnasio de \u00faltima generaci\u00f3n<\/li>\n<\/ul>\n\n\n\n<p>OTRAS VENTAJAS PARA LOS AFILIADOS<\/p>\n\n\n\n<ul class=\"wp-block-list\">\n<li>Nataci\u00f3n abierta y clases de aquafitness en nuestro Centro Acu\u00e1tico<\/li>\n\n\n\n<li>Gimnasio y pista cubierta<\/li>\n\n\n\n<li>Descuentos en clases y campamentos de verano<\/li>\n<\/ul>\n<\/div>\n<\/div>\n\n\n\n<div class=\"row is-layout-flex wp-container-core-columns-is-layout-9d6595d7 wp-block-columns-is-layout-flex\">\n<div class=\"col-md is-layout-flow wp-block-column-is-layout-flow\">\n<figure class=\"wp-block-image size-full\"><img loading=\"lazy\" decoding=\"async\" width=\"1000\" height=\"321\" src=\"https:\/\/cms.gbkroccenter.org\/wp-content\/uploads\/sites\/4\/2021\/11\/cc-pattern.png\" alt=\"\" class=\"wp-image-1583\" srcset=\"https:\/\/cms.gbkroccenter.org\/wp-content\/uploads\/sites\/4\/2021\/11\/cc-pattern.png 1000w, https:\/\/cms.gbkroccenter.org\/wp-content\/uploads\/sites\/4\/2021\/11\/cc-pattern-300x96.png 300w, https:\/\/cms.gbkroccenter.org\/wp-content\/uploads\/sites\/4\/2021\/11\/cc-pattern-768x247.png 768w\" sizes=\"auto, (max-width: 1000px) 100vw, 1000px\" \/><\/figure>\n<\/div>\n\n\n\n<div class=\"col-md is-layout-flow wp-block-column-is-layout-flow\">\n<div style=\"height:20px\" aria-hidden=\"true\" class=\"wp-block-spacer\"><\/div>\n\n\n\n<h2 class=\"wp-block-heading\">OTROS SERVICIOS DISPONIBLES<\/h2>\n\n\n\n<ul class=\"wp-block-list\">\n<li>Presentaciones y clases de bienestar<\/li>\n\n\n\n<li>Evaluaciones sanitarias<\/li>\n\n\n\n<li>Clases de fitness in situ<\/li>\n\n\n\n<li>Oportunidades de entrenamiento personal<\/li>\n\n\n\n<li>Ayuda con los programas de incentivos de fitness<\/li>\n\n\n\n<li>Salidas de empresa<\/li>\n\n\n\n<li>Desaf\u00edos de fitness personalizados<\/li>\n<\/ul>\n<\/div>\n<\/div>\n<\/div><\/div>\n","protected":false},"excerpt":{"rendered":"","protected":false},"author":32,"featured_media":0,"parent":0,"menu_order":0,"comment_status":"closed","ping_status":"closed","template":"","meta":{"footnotes":""},"class_list":["post-3988","page","type-page","status-publish","hentry"],"yoast_head":"<!-- This site is optimized with the Yoast SEO plugin v23.0 - https:\/\/yoast.com\/wordpress\/plugins\/seo\/ -->\n<title>Afiliaci\u00f3n Corporativa | Green Bay - The Salvation Army Kroc Center<\/title>\n<meta name=\"robots\" content=\"index, follow, max-snippet:-1, max-image-preview:large, max-video-preview:-1\" \/>\n<link rel=\"canonical\" href=\"https:\/\/cms.gbkroccenter.org\/es\/afiliacion-corporativa\/\" \/>\n<meta property=\"og:locale\" content=\"es_ES\" \/>\n<meta property=\"og:type\" content=\"article\" \/>\n<meta property=\"og:title\" content=\"Afiliaci\u00f3n Corporativa | Green Bay - The Salvation Army Kroc Center\" \/>\n<meta property=\"og:url\" content=\"https:\/\/cms.gbkroccenter.org\/es\/afiliacion-corporativa\/\" \/>\n<meta property=\"og:site_name\" content=\"Green Bay - The Salvation Army Kroc Center\" \/>\n<meta property=\"article:modified_time\" content=\"2025-02-24T16:51:37+00:00\" \/>\n<meta property=\"og:image\" content=\"https:\/\/cms.gbkroccenter.org\/wp-content\/uploads\/sites\/4\/2021\/11\/corporate-connections.png\" \/>\n<meta name=\"twitter:card\" content=\"summary_large_image\" \/>\n<script type=\"application\/ld+json\" class=\"yoast-schema-graph\">{\"@context\":\"https:\/\/schema.org\",\"@graph\":[{\"@type\":\"WebPage\",\"@id\":\"https:\/\/cms.gbkroccenter.org\/es\/afiliacion-corporativa\/\",\"url\":\"https:\/\/cms.gbkroccenter.org\/es\/afiliacion-corporativa\/\",\"name\":\"Afiliaci\u00f3n Corporativa | Green Bay - The Salvation Army Kroc Center\",\"isPartOf\":{\"@id\":\"https:\/\/cms.gbkroccenter.org\/es\/#website\"},\"primaryImageOfPage\":{\"@id\":\"https:\/\/cms.gbkroccenter.org\/es\/afiliacion-corporativa\/#primaryimage\"},\"image\":{\"@id\":\"https:\/\/cms.gbkroccenter.org\/es\/afiliacion-corporativa\/#primaryimage\"},\"thumbnailUrl\":\"https:\/\/cms.gbkroccenter.org\/wp-content\/uploads\/sites\/4\/2021\/11\/corporate-connections.png\",\"datePublished\":\"2021-11-03T17:06:15+00:00\",\"dateModified\":\"2025-02-24T16:51:37+00:00\",\"breadcrumb\":{\"@id\":\"https:\/\/cms.gbkroccenter.org\/es\/afiliacion-corporativa\/#breadcrumb\"},\"inLanguage\":\"es\",\"potentialAction\":[{\"@type\":\"ReadAction\",\"target\":[\"https:\/\/cms.gbkroccenter.org\/es\/afiliacion-corporativa\/\"]}]},{\"@type\":\"ImageObject\",\"inLanguage\":\"es\",\"@id\":\"https:\/\/cms.gbkroccenter.org\/es\/afiliacion-corporativa\/#primaryimage\",\"url\":\"https:\/\/cms.gbkroccenter.org\/wp-content\/uploads\/sites\/4\/2021\/11\/corporate-connections.png\",\"contentUrl\":\"https:\/\/cms.gbkroccenter.org\/wp-content\/uploads\/sites\/4\/2021\/11\/corporate-connections.png\"},{\"@type\":\"BreadcrumbList\",\"@id\":\"https:\/\/cms.gbkroccenter.org\/es\/afiliacion-corporativa\/#breadcrumb\",\"itemListElement\":[{\"@type\":\"ListItem\",\"position\":1,\"name\":\"Home\",\"item\":\"https:\/\/cms.gbkroccenter.org\/es\/\"},{\"@type\":\"ListItem\",\"position\":2,\"name\":\"Afiliaci\u00f3n Corporativa\"}]},{\"@type\":\"WebSite\",\"@id\":\"https:\/\/cms.gbkroccenter.org\/es\/#website\",\"url\":\"https:\/\/cms.gbkroccenter.org\/es\/\",\"name\":\"Green Bay - The Salvation Army Kroc Center\",\"description\":\"\",\"publisher\":{\"@id\":\"https:\/\/cms.gbkroccenter.org\/es\/#organization\"},\"potentialAction\":[{\"@type\":\"SearchAction\",\"target\":{\"@type\":\"EntryPoint\",\"urlTemplate\":\"https:\/\/cms.gbkroccenter.org\/es\/?s={search_term_string}\"},\"query-input\":\"required name=search_term_string\"}],\"inLanguage\":\"es\"},{\"@type\":\"Organization\",\"@id\":\"https:\/\/cms.gbkroccenter.org\/es\/#organization\",\"name\":\"The Salvation Army Kroc Center\",\"url\":\"https:\/\/cms.gbkroccenter.org\/es\/\",\"logo\":{\"@type\":\"ImageObject\",\"inLanguage\":\"es\",\"@id\":\"https:\/\/cms.gbkroccenter.org\/es\/#\/schema\/logo\/image\/\",\"url\":\"\",\"contentUrl\":\"\",\"caption\":\"The Salvation Army Kroc Center\"},\"image\":{\"@id\":\"https:\/\/cms.gbkroccenter.org\/es\/#\/schema\/logo\/image\/\"}}]}<\/script>\n<!-- \/ Yoast SEO plugin. -->","yoast_head_json":{"title":"Afiliaci\u00f3n Corporativa | Green Bay - The Salvation Army Kroc Center","robots":{"index":"index","follow":"follow","max-snippet":"max-snippet:-1","max-image-preview":"max-image-preview:large","max-video-preview":"max-video-preview:-1"},"canonical":"https:\/\/cms.gbkroccenter.org\/es\/afiliacion-corporativa\/","og_locale":"es_ES","og_type":"article","og_title":"Afiliaci\u00f3n Corporativa | Green Bay - The Salvation Army Kroc Center","og_url":"https:\/\/cms.gbkroccenter.org\/es\/afiliacion-corporativa\/","og_site_name":"Green Bay - The Salvation Army Kroc Center","article_modified_time":"2025-02-24T16:51:37+00:00","og_image":[{"url":"https:\/\/cms.gbkroccenter.org\/wp-content\/uploads\/sites\/4\/2021\/11\/corporate-connections.png"}],"twitter_card":"summary_large_image","schema":{"@context":"https:\/\/schema.org","@graph":[{"@type":"WebPage","@id":"https:\/\/cms.gbkroccenter.org\/es\/afiliacion-corporativa\/","url":"https:\/\/cms.gbkroccenter.org\/es\/afiliacion-corporativa\/","name":"Afiliaci\u00f3n Corporativa | Green Bay - The Salvation Army Kroc Center","isPartOf":{"@id":"https:\/\/cms.gbkroccenter.org\/es\/#website"},"primaryImageOfPage":{"@id":"https:\/\/cms.gbkroccenter.org\/es\/afiliacion-corporativa\/#primaryimage"},"image":{"@id":"https:\/\/cms.gbkroccenter.org\/es\/afiliacion-corporativa\/#primaryimage"},"thumbnailUrl":"https:\/\/cms.gbkroccenter.org\/wp-content\/uploads\/sites\/4\/2021\/11\/corporate-connections.png","datePublished":"2021-11-03T17:06:15+00:00","dateModified":"2025-02-24T16:51:37+00:00","breadcrumb":{"@id":"https:\/\/cms.gbkroccenter.org\/es\/afiliacion-corporativa\/#breadcrumb"},"inLanguage":"es","potentialAction":[{"@type":"ReadAction","target":["https:\/\/cms.gbkroccenter.org\/es\/afiliacion-corporativa\/"]}]},{"@type":"ImageObject","inLanguage":"es","@id":"https:\/\/cms.gbkroccenter.org\/es\/afiliacion-corporativa\/#primaryimage","url":"https:\/\/cms.gbkroccenter.org\/wp-content\/uploads\/sites\/4\/2021\/11\/corporate-connections.png","contentUrl":"https:\/\/cms.gbkroccenter.org\/wp-content\/uploads\/sites\/4\/2021\/11\/corporate-connections.png"},{"@type":"BreadcrumbList","@id":"https:\/\/cms.gbkroccenter.org\/es\/afiliacion-corporativa\/#breadcrumb","itemListElement":[{"@type":"ListItem","position":1,"name":"Home","item":"https:\/\/cms.gbkroccenter.org\/es\/"},{"@type":"ListItem","position":2,"name":"Afiliaci\u00f3n Corporativa"}]},{"@type":"WebSite","@id":"https:\/\/cms.gbkroccenter.org\/es\/#website","url":"https:\/\/cms.gbkroccenter.org\/es\/","name":"Green Bay - The Salvation Army Kroc Center","description":"","publisher":{"@id":"https:\/\/cms.gbkroccenter.org\/es\/#organization"},"potentialAction":[{"@type":"SearchAction","target":{"@type":"EntryPoint","urlTemplate":"https:\/\/cms.gbkroccenter.org\/es\/?s={search_term_string}"},"query-input":"required name=search_term_string"}],"inLanguage":"es"},{"@type":"Organization","@id":"https:\/\/cms.gbkroccenter.org\/es\/#organization","name":"The Salvation Army Kroc Center","url":"https:\/\/cms.gbkroccenter.org\/es\/","logo":{"@type":"ImageObject","inLanguage":"es","@id":"https:\/\/cms.gbkroccenter.org\/es\/#\/schema\/logo\/image\/","url":"","contentUrl":"","caption":"The Salvation Army Kroc Center"},"image":{"@id":"https:\/\/cms.gbkroccenter.org\/es\/#\/schema\/logo\/image\/"}}]}},"featured_image_src":null,"featured_image_src_square":null,"_links":{"self":[{"href":"https:\/\/cms.gbkroccenter.org\/es\/wp-json\/wp\/v2\/pages\/3988","targetHints":{"allow":["GET"]}}],"collection":[{"href":"https:\/\/cms.gbkroccenter.org\/es\/wp-json\/wp\/v2\/pages"}],"about":[{"href":"https:\/\/cms.gbkroccenter.org\/es\/wp-json\/wp\/v2\/types\/page"}],"author":[{"embeddable":true,"href":"https:\/\/cms.gbkroccenter.org\/es\/wp-json\/wp\/v2\/users\/32"}],"replies":[{"embeddable":true,"href":"https:\/\/cms.gbkroccenter.org\/es\/wp-json\/wp\/v2\/comments?post=3988"}],"version-history":[{"count":0,"href":"https:\/\/cms.gbkroccenter.org\/es\/wp-json\/wp\/v2\/pages\/3988\/revisions"}],"wp:attachment":[{"href":"https:\/\/cms.gbkroccenter.org\/es\/wp-json\/wp\/v2\/media?parent=3988"}],"curies":[{"name":"wp","href":"https:\/\/api.w.org\/{rel}","templated":true}]}}