{"id":3990,"date":"2022-03-04T11:06:24","date_gmt":"2022-03-04T16:06:24","guid":{"rendered":"https:\/\/cms.gbkroccenter.org\/remision-de-miembros\/"},"modified":"2024-07-23T16:49:26","modified_gmt":"2024-07-23T20:49:26","slug":"remision-de-miembros","status":"publish","type":"page","link":"https:\/\/cms.gbkroccenter.org\/es\/remision-de-miembros\/","title":{"rendered":"Remisi\u00f3n de miembros"},"content":{"rendered":"\n<div class=\"wp-block-kroc-free-text-area section\"><div class=\"container\">\n<h2 class=\"wp-block-heading\">\u00bfTe encanta ser Miembro Kroc? \u00a1Comparte el amor y s\u00e9 recompensado!<\/h2>\n\n\n\n<p>Cuando nos ayudes a dar la bienvenida a nuevos miembros a nuestra familia Kroc, recibir\u00e1s un <strong>20%<\/strong> <strong>DE DESCUENTO<\/strong> en en la cuota de tu pr\u00f3ximo mes de afiliaci\u00f3n, y el miembro que recomiendes <strong>AHORRAR\u00c1 un 20%<\/strong> en su primer mes de afiliaci\u00f3n. Cuando recomiendas a m\u00e1s de un miembro, este beneficio se extiende a los meses siguientes, \u00a1as\u00ed que podr\u00edas acabar ahorrando <strong>un 20% durante 12 MESES<\/strong> al a\u00f1o!<\/p>\n\n\n<div class=\"wp-block-image\">\n<figure class=\"aligncenter size-full\"><img loading=\"lazy\" decoding=\"async\" width=\"1000\" height=\"500\" src=\"https:\/\/cms.gbkroccenter.org\/wp-content\/uploads\/sites\/4\/2022\/03\/referal.jpg\" alt=\"\" class=\"wp-image-1754\" srcset=\"https:\/\/cms.gbkroccenter.org\/wp-content\/uploads\/sites\/4\/2022\/03\/referal.jpg 1000w, https:\/\/cms.gbkroccenter.org\/wp-content\/uploads\/sites\/4\/2022\/03\/referal-300x150.jpg 300w, https:\/\/cms.gbkroccenter.org\/wp-content\/uploads\/sites\/4\/2022\/03\/referal-768x384.jpg 768w\" sizes=\"auto, (max-width: 1000px) 100vw, 1000px\" \/><\/figure>\n<\/div>\n\n\n<div class=\"wp-block-kroc-free-text-area section\"><div class=\"container\">\n<div class=\"row is-layout-flex wp-container-core-columns-is-layout-9d6595d7 wp-block-columns-is-layout-flex\">\n<div class=\"col-md is-layout-flow wp-block-column-is-layout-flow\">\n<p class=\"has-text-align-center has-x-large-font-size\"><strong>Programa de Recomendaci\u00f3n de Miembros<\/strong><\/p>\n\n\n\n<p>\u00bfSe te ocurren amigos y familiares a los que les encantar\u00eda el Kroc?<br\/><\/p>\n\n\n\n<ul class=\"wp-block-list\">\n<li>\u00bfFamiliares que podr\u00edan beneficiarse de las clases SilverSneakers\u00ae &amp; Senior en tierra y en la piscina?<\/li>\n\n\n\n<li>\u00bfAmigos con hijos a los que les encanta la gimnasia, la danza, las clases de nataci\u00f3n y el arte?<\/li>\n\n\n\n<li>\u00bfAmigos solteros o parejas j\u00f3venes a los que les encanta hacer ejercicio en el Centro de Fitness, practicar deporte en el Gimnasio o nadar en la Piscina?<\/li>\n<\/ul>\n<\/div>\n\n\n\n<div class=\"col-md is-layout-flow wp-block-column-is-layout-flow\">\n<p><\/p>\n\n\n\n<figure class=\"wp-block-image size-full\"><img loading=\"lazy\" decoding=\"async\" width=\"500\" height=\"500\" src=\"https:\/\/cms.gbkroccenter.org\/wp-content\/uploads\/sites\/4\/2022\/03\/parent-tot-soccer.jpg\" alt=\"F&#xFA;tbol para padres y ni&#xF1;os\" class=\"wp-image-1752\" srcset=\"https:\/\/cms.gbkroccenter.org\/wp-content\/uploads\/sites\/4\/2022\/03\/parent-tot-soccer.jpg 500w, https:\/\/cms.gbkroccenter.org\/wp-content\/uploads\/sites\/4\/2022\/03\/parent-tot-soccer-300x300.jpg 300w, https:\/\/cms.gbkroccenter.org\/wp-content\/uploads\/sites\/4\/2022\/03\/parent-tot-soccer-150x150.jpg 150w\" sizes=\"auto, (max-width: 500px) 100vw, 500px\" \/><\/figure>\n<\/div>\n<\/div>\n<\/div><\/div>\n\n\n\n<div class=\"row is-layout-flex wp-container-core-columns-is-layout-9d6595d7 wp-block-columns-is-layout-flex\">\n<div class=\"col-md is-layout-flow wp-block-column-is-layout-flow\">\n<figure class=\"wp-block-image size-full\"><img loading=\"lazy\" decoding=\"async\" width=\"500\" height=\"250\" src=\"https:\/\/cms.gbkroccenter.org\/wp-content\/uploads\/sites\/4\/2021\/09\/track-walking-group.jpg\" alt=\"\" class=\"wp-image-1445\" srcset=\"https:\/\/cms.gbkroccenter.org\/wp-content\/uploads\/sites\/4\/2021\/09\/track-walking-group.jpg 500w, https:\/\/cms.gbkroccenter.org\/wp-content\/uploads\/sites\/4\/2021\/09\/track-walking-group-300x150.jpg 300w\" sizes=\"auto, (max-width: 500px) 100vw, 500px\" \/><\/figure>\n<\/div>\n\n\n\n<div class=\"col-md is-layout-flow wp-block-column-is-layout-flow\">\n<h2 class=\"wp-block-heading\">\u00bfC\u00f3mo conseguirlo? Es muy f\u00e1cil.<\/h2>\n\n\n\n<p>Acompa\u00f1a al nuevo afiliado cuando se registre, y dile a nuestro personal de recepci\u00f3n que eres un afiliado actual que lo est\u00e1 recomendando, para que podamos abonarlo en tu cuenta.<\/p>\n\n\n\n<p>&#8211; \u00d3 &#8211;<\/p>\n\n\n\n<p>Env\u00edales a inscribirse y aseg\u00farate de que digan a nuestro personal de recepci\u00f3n que un miembro actual les ha recomendado. Si nos dan tu nombre completo, podemos encontrar tu cuenta de afiliaci\u00f3n y aplicar tu descuento.<\/p>\n<\/div>\n<\/div>\n<\/div><\/div>\n","protected":false},"excerpt":{"rendered":"","protected":false},"author":32,"featured_media":0,"parent":0,"menu_order":0,"comment_status":"closed","ping_status":"closed","template":"","meta":{"footnotes":""},"class_list":["post-3990","page","type-page","status-publish","hentry"],"yoast_head":"<!-- This site is optimized with the Yoast SEO plugin v23.0 - https:\/\/yoast.com\/wordpress\/plugins\/seo\/ -->\n<title>Remisi\u00f3n de miembros | Green Bay - The Salvation Army Kroc Center<\/title>\n<meta name=\"robots\" content=\"index, follow, max-snippet:-1, max-image-preview:large, max-video-preview:-1\" \/>\n<link rel=\"canonical\" href=\"https:\/\/cms.gbkroccenter.org\/es\/remision-de-miembros\/\" \/>\n<meta property=\"og:locale\" content=\"es_ES\" \/>\n<meta property=\"og:type\" content=\"article\" \/>\n<meta property=\"og:title\" content=\"Remisi\u00f3n de miembros | Green Bay - The Salvation Army Kroc Center\" \/>\n<meta property=\"og:url\" content=\"https:\/\/cms.gbkroccenter.org\/es\/remision-de-miembros\/\" \/>\n<meta property=\"og:site_name\" content=\"Green Bay - The Salvation Army Kroc Center\" \/>\n<meta property=\"article:modified_time\" content=\"2024-07-23T20:49:26+00:00\" \/>\n<meta property=\"og:image\" content=\"https:\/\/cms.gbkroccenter.org\/wp-content\/uploads\/sites\/4\/2022\/03\/referal.jpg\" \/>\n<meta name=\"twitter:card\" content=\"summary_large_image\" \/>\n<script type=\"application\/ld+json\" class=\"yoast-schema-graph\">{\"@context\":\"https:\/\/schema.org\",\"@graph\":[{\"@type\":\"WebPage\",\"@id\":\"https:\/\/cms.gbkroccenter.org\/es\/remision-de-miembros\/\",\"url\":\"https:\/\/cms.gbkroccenter.org\/es\/remision-de-miembros\/\",\"name\":\"Remisi\u00f3n de miembros | Green Bay - The Salvation Army Kroc Center\",\"isPartOf\":{\"@id\":\"https:\/\/cms.gbkroccenter.org\/es\/#website\"},\"primaryImageOfPage\":{\"@id\":\"https:\/\/cms.gbkroccenter.org\/es\/remision-de-miembros\/#primaryimage\"},\"image\":{\"@id\":\"https:\/\/cms.gbkroccenter.org\/es\/remision-de-miembros\/#primaryimage\"},\"thumbnailUrl\":\"https:\/\/cms.gbkroccenter.org\/wp-content\/uploads\/sites\/4\/2022\/03\/referal.jpg\",\"datePublished\":\"2022-03-04T16:06:24+00:00\",\"dateModified\":\"2024-07-23T20:49:26+00:00\",\"breadcrumb\":{\"@id\":\"https:\/\/cms.gbkroccenter.org\/es\/remision-de-miembros\/#breadcrumb\"},\"inLanguage\":\"es\",\"potentialAction\":[{\"@type\":\"ReadAction\",\"target\":[\"https:\/\/cms.gbkroccenter.org\/es\/remision-de-miembros\/\"]}]},{\"@type\":\"ImageObject\",\"inLanguage\":\"es\",\"@id\":\"https:\/\/cms.gbkroccenter.org\/es\/remision-de-miembros\/#primaryimage\",\"url\":\"https:\/\/cms.gbkroccenter.org\/wp-content\/uploads\/sites\/4\/2022\/03\/referal.jpg\",\"contentUrl\":\"https:\/\/cms.gbkroccenter.org\/wp-content\/uploads\/sites\/4\/2022\/03\/referal.jpg\"},{\"@type\":\"BreadcrumbList\",\"@id\":\"https:\/\/cms.gbkroccenter.org\/es\/remision-de-miembros\/#breadcrumb\",\"itemListElement\":[{\"@type\":\"ListItem\",\"position\":1,\"name\":\"Home\",\"item\":\"https:\/\/cms.gbkroccenter.org\/es\/\"},{\"@type\":\"ListItem\",\"position\":2,\"name\":\"Remisi\u00f3n de miembros\"}]},{\"@type\":\"WebSite\",\"@id\":\"https:\/\/cms.gbkroccenter.org\/es\/#website\",\"url\":\"https:\/\/cms.gbkroccenter.org\/es\/\",\"name\":\"Green Bay - The Salvation Army Kroc Center\",\"description\":\"\",\"publisher\":{\"@id\":\"https:\/\/cms.gbkroccenter.org\/es\/#organization\"},\"potentialAction\":[{\"@type\":\"SearchAction\",\"target\":{\"@type\":\"EntryPoint\",\"urlTemplate\":\"https:\/\/cms.gbkroccenter.org\/es\/?s={search_term_string}\"},\"query-input\":\"required name=search_term_string\"}],\"inLanguage\":\"es\"},{\"@type\":\"Organization\",\"@id\":\"https:\/\/cms.gbkroccenter.org\/es\/#organization\",\"name\":\"The Salvation Army Kroc Center\",\"url\":\"https:\/\/cms.gbkroccenter.org\/es\/\",\"logo\":{\"@type\":\"ImageObject\",\"inLanguage\":\"es\",\"@id\":\"https:\/\/cms.gbkroccenter.org\/es\/#\/schema\/logo\/image\/\",\"url\":\"\",\"contentUrl\":\"\",\"caption\":\"The Salvation Army Kroc Center\"},\"image\":{\"@id\":\"https:\/\/cms.gbkroccenter.org\/es\/#\/schema\/logo\/image\/\"}}]}<\/script>\n<!-- \/ Yoast SEO plugin. -->","yoast_head_json":{"title":"Remisi\u00f3n de miembros | Green Bay - The Salvation Army Kroc Center","robots":{"index":"index","follow":"follow","max-snippet":"max-snippet:-1","max-image-preview":"max-image-preview:large","max-video-preview":"max-video-preview:-1"},"canonical":"https:\/\/cms.gbkroccenter.org\/es\/remision-de-miembros\/","og_locale":"es_ES","og_type":"article","og_title":"Remisi\u00f3n de miembros | Green Bay - The Salvation Army Kroc Center","og_url":"https:\/\/cms.gbkroccenter.org\/es\/remision-de-miembros\/","og_site_name":"Green Bay - The Salvation Army Kroc Center","article_modified_time":"2024-07-23T20:49:26+00:00","og_image":[{"url":"https:\/\/cms.gbkroccenter.org\/wp-content\/uploads\/sites\/4\/2022\/03\/referal.jpg"}],"twitter_card":"summary_large_image","schema":{"@context":"https:\/\/schema.org","@graph":[{"@type":"WebPage","@id":"https:\/\/cms.gbkroccenter.org\/es\/remision-de-miembros\/","url":"https:\/\/cms.gbkroccenter.org\/es\/remision-de-miembros\/","name":"Remisi\u00f3n de miembros | Green Bay - The Salvation Army Kroc Center","isPartOf":{"@id":"https:\/\/cms.gbkroccenter.org\/es\/#website"},"primaryImageOfPage":{"@id":"https:\/\/cms.gbkroccenter.org\/es\/remision-de-miembros\/#primaryimage"},"image":{"@id":"https:\/\/cms.gbkroccenter.org\/es\/remision-de-miembros\/#primaryimage"},"thumbnailUrl":"https:\/\/cms.gbkroccenter.org\/wp-content\/uploads\/sites\/4\/2022\/03\/referal.jpg","datePublished":"2022-03-04T16:06:24+00:00","dateModified":"2024-07-23T20:49:26+00:00","breadcrumb":{"@id":"https:\/\/cms.gbkroccenter.org\/es\/remision-de-miembros\/#breadcrumb"},"inLanguage":"es","potentialAction":[{"@type":"ReadAction","target":["https:\/\/cms.gbkroccenter.org\/es\/remision-de-miembros\/"]}]},{"@type":"ImageObject","inLanguage":"es","@id":"https:\/\/cms.gbkroccenter.org\/es\/remision-de-miembros\/#primaryimage","url":"https:\/\/cms.gbkroccenter.org\/wp-content\/uploads\/sites\/4\/2022\/03\/referal.jpg","contentUrl":"https:\/\/cms.gbkroccenter.org\/wp-content\/uploads\/sites\/4\/2022\/03\/referal.jpg"},{"@type":"BreadcrumbList","@id":"https:\/\/cms.gbkroccenter.org\/es\/remision-de-miembros\/#breadcrumb","itemListElement":[{"@type":"ListItem","position":1,"name":"Home","item":"https:\/\/cms.gbkroccenter.org\/es\/"},{"@type":"ListItem","position":2,"name":"Remisi\u00f3n de miembros"}]},{"@type":"WebSite","@id":"https:\/\/cms.gbkroccenter.org\/es\/#website","url":"https:\/\/cms.gbkroccenter.org\/es\/","name":"Green Bay - The Salvation Army Kroc Center","description":"","publisher":{"@id":"https:\/\/cms.gbkroccenter.org\/es\/#organization"},"potentialAction":[{"@type":"SearchAction","target":{"@type":"EntryPoint","urlTemplate":"https:\/\/cms.gbkroccenter.org\/es\/?s={search_term_string}"},"query-input":"required name=search_term_string"}],"inLanguage":"es"},{"@type":"Organization","@id":"https:\/\/cms.gbkroccenter.org\/es\/#organization","name":"The Salvation Army Kroc Center","url":"https:\/\/cms.gbkroccenter.org\/es\/","logo":{"@type":"ImageObject","inLanguage":"es","@id":"https:\/\/cms.gbkroccenter.org\/es\/#\/schema\/logo\/image\/","url":"","contentUrl":"","caption":"The Salvation Army Kroc Center"},"image":{"@id":"https:\/\/cms.gbkroccenter.org\/es\/#\/schema\/logo\/image\/"}}]}},"featured_image_src":null,"featured_image_src_square":null,"_links":{"self":[{"href":"https:\/\/cms.gbkroccenter.org\/es\/wp-json\/wp\/v2\/pages\/3990","targetHints":{"allow":["GET"]}}],"collection":[{"href":"https:\/\/cms.gbkroccenter.org\/es\/wp-json\/wp\/v2\/pages"}],"about":[{"href":"https:\/\/cms.gbkroccenter.org\/es\/wp-json\/wp\/v2\/types\/page"}],"author":[{"embeddable":true,"href":"https:\/\/cms.gbkroccenter.org\/es\/wp-json\/wp\/v2\/users\/32"}],"replies":[{"embeddable":true,"href":"https:\/\/cms.gbkroccenter.org\/es\/wp-json\/wp\/v2\/comments?post=3990"}],"version-history":[{"count":0,"href":"https:\/\/cms.gbkroccenter.org\/es\/wp-json\/wp\/v2\/pages\/3990\/revisions"}],"wp:attachment":[{"href":"https:\/\/cms.gbkroccenter.org\/es\/wp-json\/wp\/v2\/media?parent=3990"}],"curies":[{"name":"wp","href":"https:\/\/api.w.org\/{rel}","templated":true}]}}