{"id":3992,"date":"2021-05-05T13:42:51","date_gmt":"2021-05-05T17:42:51","guid":{"rendered":"https:\/\/cms.gbkroccenter.org\/afiliacion\/becas\/"},"modified":"2026-03-09T16:40:09","modified_gmt":"2026-03-09T20:40:09","slug":"membresias-con-respaldo-comunitario","status":"publish","type":"page","link":"https:\/\/cms.gbkroccenter.org\/es\/afiliacion\/membresias-con-respaldo-comunitario\/","title":{"rendered":"Membres\u00edas con Respaldo Comunitario"},"content":{"rendered":"\n<div class=\"wp-block-kroc-free-text-area section\"><div class=\"container\">\n<h2 class=\"wp-block-heading\">PROGRAMA DE BECAS KROC<\/h2>\n\n\n\n<p>El Centro Comunitario Ray &amp; Joan Kroc Corps del Ej\u00e9rcito de Salvaci\u00f3n se complace en ofrecer un programa de becas para ayudar a proporcionar acceso al Centro Comunitario Kroc.\nLa visi\u00f3n y expectativa de Joan Kroc era que todas las personas tuvieran las mismas oportunidades de desarrollar sus dones y talentos naturales.\nHay becas disponibles para todas las afiliaciones y programas.  <\/p>\n\n\n\n<p>El Programa de Becas Kroc proporciona afiliaciones y clases a un precio con descuento en funci\u00f3n de los ingresos familiares.<\/p>\n\n\n\n<div class=\"wp-block-cover aligncenter\"><img loading=\"lazy\" decoding=\"async\" width=\"1000\" height=\"500\" class=\"wp-block-cover__image-background wp-image-1336\" alt=\"\" src=\"https:\/\/cms.gbkroccenter.org\/wp-content\/uploads\/sites\/4\/2021\/09\/scholarships-header.jpg\" data-object-fit=\"cover\" srcset=\"https:\/\/cms.gbkroccenter.org\/wp-content\/uploads\/sites\/4\/2021\/09\/scholarships-header.jpg 1000w, https:\/\/cms.gbkroccenter.org\/wp-content\/uploads\/sites\/4\/2021\/09\/scholarships-header-300x150.jpg 300w, https:\/\/cms.gbkroccenter.org\/wp-content\/uploads\/sites\/4\/2021\/09\/scholarships-header-768x384.jpg 768w\" sizes=\"auto, (max-width: 1000px) 100vw, 1000px\" \/><span aria-hidden=\"true\" class=\"wp-block-cover__background has-background-dim-0 has-background-dim\"><\/span><div class=\"wp-block-cover__inner-container is-layout-flow wp-block-cover-is-layout-flow\">\n<p class=\"has-text-align-center has-large-font-size\"><\/p>\n<\/div><\/div>\n<\/div><\/div>\n\n\n\n<div class=\"wp-block-kroc-free-text-area section\"><div class=\"container\">\n<div class=\"row is-layout-flex wp-container-core-columns-is-layout-9d6595d7 wp-block-columns-is-layout-flex\">\n<div class=\"col-md is-layout-flow wp-block-column-is-layout-flow\">\n<h2 class=\"wp-block-heading\" id=\"u6110-8\">C\u00f3mo solicitar una beca del Centro Comunitario Kroc<\/h2>\n\n\n\n<ol class=\"wp-block-list\">\n<li><a href=\"https:\/\/www.gbkroccenter.org\/wp-content\/uploads\/sites\/4\/2026\/03\/CommunityAssistedMembership_Spanish-1.pdf\" target=\"_blank\" rel=\"noreferrer noopener\">Descarga una solicitud de beca<\/a>. Tambi\u00e9n puedes recoger una en el Mostrador de Servicios a Socios.<\/li>\n\n\n\n<li>Adjunta a tu solicitud cumplimentada todos los documentos de verificaci\u00f3n de ingresos de la unidad familiar.\nEsto incluye todos los documentos que mejor reflejen los ingresos salariales brutos anuales de todos los miembros de la unidad familiar: talones de cheques, declaraci\u00f3n de desempleo, seguridad social, ingresos por discapacidad, carta de concesi\u00f3n de cupones de alimentos, pensi\u00f3n alimenticia, ingresos por manutenci\u00f3n de los hijos o la declaraci\u00f3n de la renta fiscal m\u00e1s reciente. <\/li>\n\n\n\n<li>Devuelve tu solicitud cumplimentada con la verificaci\u00f3n de ingresos familiares adjunta al Mostrador de Servicios para Socios durante el horario laboral habitual.\nLas solicitudes de beca se revisan en el acto, y tu afiliaci\u00f3n puede crearse de inmediato. <\/li>\n<\/ol>\n<\/div>\n\n\n\n<div class=\"col-md is-layout-flow wp-block-column-is-layout-flow\">\n<figure class=\"wp-block-image size-full\"><img loading=\"lazy\" decoding=\"async\" width=\"800\" height=\"533\" src=\"https:\/\/cms.gbkroccenter.org\/wp-content\/uploads\/sites\/4\/2021\/09\/ninja.jpg\" alt=\"Los ni\u00f1os trepan por obst\u00e1culos acolchados en la clase Ninja.\" class=\"wp-image-1184\" srcset=\"https:\/\/cms.gbkroccenter.org\/wp-content\/uploads\/sites\/4\/2021\/09\/ninja.jpg 800w, https:\/\/cms.gbkroccenter.org\/wp-content\/uploads\/sites\/4\/2021\/09\/ninja-300x200.jpg 300w, https:\/\/cms.gbkroccenter.org\/wp-content\/uploads\/sites\/4\/2021\/09\/ninja-768x512.jpg 768w, https:\/\/cms.gbkroccenter.org\/wp-content\/uploads\/sites\/4\/2021\/09\/ninja-600x400.jpg 600w\" sizes=\"auto, (max-width: 800px) 100vw, 800px\" \/><\/figure>\n<\/div>\n<\/div>\n\n\n\n<div class=\"row is-layout-flex wp-container-core-columns-is-layout-9d6595d7 wp-block-columns-is-layout-flex\">\n<div class=\"col-md is-layout-flow wp-block-column-is-layout-flow\">\n<figure class=\"wp-block-image size-full\"><img loading=\"lazy\" decoding=\"async\" width=\"800\" height=\"533\" src=\"https:\/\/cms.gbkroccenter.org\/wp-content\/uploads\/sites\/4\/2021\/09\/youth-basketball.jpg\" alt=\"Una ni\u00f1a regatea una pelota de baloncesto en la cancha mientras un ni\u00f1o corre detr\u00e1s.\" class=\"wp-image-1182\" srcset=\"https:\/\/cms.gbkroccenter.org\/wp-content\/uploads\/sites\/4\/2021\/09\/youth-basketball.jpg 800w, https:\/\/cms.gbkroccenter.org\/wp-content\/uploads\/sites\/4\/2021\/09\/youth-basketball-300x200.jpg 300w, https:\/\/cms.gbkroccenter.org\/wp-content\/uploads\/sites\/4\/2021\/09\/youth-basketball-768x512.jpg 768w, https:\/\/cms.gbkroccenter.org\/wp-content\/uploads\/sites\/4\/2021\/09\/youth-basketball-600x400.jpg 600w\" sizes=\"auto, (max-width: 800px) 100vw, 800px\" \/><\/figure>\n<\/div>\n\n\n\n<div class=\"col-md is-layout-flow wp-block-column-is-layout-flow\">\n<h2 class=\"wp-block-heading\" id=\"u6110-19\">C\u00f3mo renovar tu beca<\/h2>\n\n\n\n<ol class=\"wp-block-list\">\n<li>Las becas son v\u00e1lidas durante un a\u00f1o, a partir del d\u00eda de inicio de la afiliaci\u00f3n.<\/li>\n\n\n\n<li>Se te notificar\u00e1 un (1) mes antes de la fecha de vencimiento de tu beca.<\/li>\n\n\n\n<li><a href=\"https:\/\/www.gbkroccenter.org\/wp-content\/uploads\/sites\/4\/2026\/03\/CommunityAssistedMembership_Spanish-1.pdf\" target=\"_blank\" rel=\"noreferrer noopener\">Desc\u00e1rgate una solicitud de beca<\/a> o rec\u00f3gela en el mostrador de Servicios a Socios.<\/li>\n\n\n\n<li>Adjunta a tu solicitud cumplimentada todos los documentos de verificaci\u00f3n de ingresos de la unidad familiar.\nEsto incluye todos los documentos que mejor reflejen los ingresos salariales brutos anuales de todos los miembros de la unidad familiar: talones de cheques, declaraci\u00f3n de desempleo, seguridad social, ingresos por discapacidad, carta de concesi\u00f3n de cupones de alimentos, pensi\u00f3n alimenticia, ingresos por manutenci\u00f3n de los hijos o la declaraci\u00f3n de la renta fiscal m\u00e1s reciente. <\/li>\n\n\n\n<li>Devuelve tu solicitud cumplimentada con la verificaci\u00f3n de ingresos familiares adjunta al Mostrador de Servicios para Afiliados.<\/li>\n\n\n\n<li>Las renovaciones se revisan en el momento, y tu afiliaci\u00f3n puede renovarse inmediatamente una vez aprobada.<\/li>\n<\/ol>\n<\/div>\n<\/div>\n<\/div><\/div>\n\n\n\n<p><\/p>\n","protected":false},"excerpt":{"rendered":"","protected":false},"author":9,"featured_media":0,"parent":3966,"menu_order":2,"comment_status":"closed","ping_status":"closed","template":"","meta":{"footnotes":""},"class_list":["post-3992","page","type-page","status-publish","hentry"],"yoast_head":"<!-- This site is optimized with the Yoast SEO plugin v23.0 - https:\/\/yoast.com\/wordpress\/plugins\/seo\/ -->\n<title>Membres\u00edas con Respaldo Comunitario | Green Bay - The Salvation Army Kroc Center<\/title>\n<meta name=\"description\" content=\"El Programa de Becas Kroc proporciona afiliaciones y clases a un precio con descuento en funci\u00f3n de los ingresos familiares.\" \/>\n<meta name=\"robots\" content=\"index, follow, max-snippet:-1, max-image-preview:large, max-video-preview:-1\" \/>\n<link rel=\"canonical\" href=\"https:\/\/cms.gbkroccenter.org\/es\/afiliacion\/membresias-con-respaldo-comunitario\/\" \/>\n<meta property=\"og:locale\" content=\"es_ES\" \/>\n<meta property=\"og:type\" content=\"article\" \/>\n<meta property=\"og:title\" content=\"Membres\u00edas con Respaldo Comunitario | Green Bay - The Salvation Army Kroc Center\" \/>\n<meta property=\"og:description\" content=\"El Programa de Becas Kroc proporciona afiliaciones y clases a un precio con descuento en funci\u00f3n de los ingresos familiares.\" \/>\n<meta property=\"og:url\" content=\"https:\/\/cms.gbkroccenter.org\/es\/afiliacion\/membresias-con-respaldo-comunitario\/\" \/>\n<meta property=\"og:site_name\" content=\"Green Bay - The Salvation Army Kroc Center\" \/>\n<meta property=\"article:modified_time\" content=\"2026-03-09T20:40:09+00:00\" \/>\n<meta property=\"og:image\" content=\"https:\/\/cms.gbkroccenter.org\/wp-content\/uploads\/sites\/4\/2021\/09\/scholarships-header.jpg\" \/>\n<meta name=\"twitter:card\" content=\"summary_large_image\" \/>\n<script type=\"application\/ld+json\" class=\"yoast-schema-graph\">{\"@context\":\"https:\/\/schema.org\",\"@graph\":[{\"@type\":\"WebPage\",\"@id\":\"https:\/\/cms.gbkroccenter.org\/es\/afiliacion\/membresias-con-respaldo-comunitario\/\",\"url\":\"https:\/\/cms.gbkroccenter.org\/es\/afiliacion\/membresias-con-respaldo-comunitario\/\",\"name\":\"Membres\u00edas con Respaldo Comunitario | Green Bay - The Salvation Army Kroc Center\",\"isPartOf\":{\"@id\":\"https:\/\/cms.gbkroccenter.org\/es\/#website\"},\"primaryImageOfPage\":{\"@id\":\"https:\/\/cms.gbkroccenter.org\/es\/afiliacion\/membresias-con-respaldo-comunitario\/#primaryimage\"},\"image\":{\"@id\":\"https:\/\/cms.gbkroccenter.org\/es\/afiliacion\/membresias-con-respaldo-comunitario\/#primaryimage\"},\"thumbnailUrl\":\"https:\/\/cms.gbkroccenter.org\/wp-content\/uploads\/sites\/4\/2021\/09\/scholarships-header.jpg\",\"datePublished\":\"2021-05-05T17:42:51+00:00\",\"dateModified\":\"2026-03-09T20:40:09+00:00\",\"description\":\"El Programa de Becas Kroc proporciona afiliaciones y clases a un precio con descuento en funci\u00f3n de los ingresos familiares.\",\"breadcrumb\":{\"@id\":\"https:\/\/cms.gbkroccenter.org\/es\/afiliacion\/membresias-con-respaldo-comunitario\/#breadcrumb\"},\"inLanguage\":\"es\",\"potentialAction\":[{\"@type\":\"ReadAction\",\"target\":[\"https:\/\/cms.gbkroccenter.org\/es\/afiliacion\/membresias-con-respaldo-comunitario\/\"]}]},{\"@type\":\"ImageObject\",\"inLanguage\":\"es\",\"@id\":\"https:\/\/cms.gbkroccenter.org\/es\/afiliacion\/membresias-con-respaldo-comunitario\/#primaryimage\",\"url\":\"https:\/\/cms.gbkroccenter.org\/wp-content\/uploads\/sites\/4\/2021\/09\/scholarships-header.jpg\",\"contentUrl\":\"https:\/\/cms.gbkroccenter.org\/wp-content\/uploads\/sites\/4\/2021\/09\/scholarships-header.jpg\"},{\"@type\":\"BreadcrumbList\",\"@id\":\"https:\/\/cms.gbkroccenter.org\/es\/afiliacion\/membresias-con-respaldo-comunitario\/#breadcrumb\",\"itemListElement\":[{\"@type\":\"ListItem\",\"position\":1,\"name\":\"Home\",\"item\":\"https:\/\/cms.gbkroccenter.org\/es\/\"},{\"@type\":\"ListItem\",\"position\":2,\"name\":\"Afiliaci\u00f3n\",\"item\":\"https:\/\/cms.gbkroccenter.org\/es\/afiliacion\/\"},{\"@type\":\"ListItem\",\"position\":3,\"name\":\"Membres\u00edas con Respaldo Comunitario\"}]},{\"@type\":\"WebSite\",\"@id\":\"https:\/\/cms.gbkroccenter.org\/es\/#website\",\"url\":\"https:\/\/cms.gbkroccenter.org\/es\/\",\"name\":\"Green Bay - The Salvation Army Kroc Center\",\"description\":\"\",\"publisher\":{\"@id\":\"https:\/\/cms.gbkroccenter.org\/es\/#organization\"},\"potentialAction\":[{\"@type\":\"SearchAction\",\"target\":{\"@type\":\"EntryPoint\",\"urlTemplate\":\"https:\/\/cms.gbkroccenter.org\/es\/?s={search_term_string}\"},\"query-input\":\"required name=search_term_string\"}],\"inLanguage\":\"es\"},{\"@type\":\"Organization\",\"@id\":\"https:\/\/cms.gbkroccenter.org\/es\/#organization\",\"name\":\"The Salvation Army Kroc Center\",\"url\":\"https:\/\/cms.gbkroccenter.org\/es\/\",\"logo\":{\"@type\":\"ImageObject\",\"inLanguage\":\"es\",\"@id\":\"https:\/\/cms.gbkroccenter.org\/es\/#\/schema\/logo\/image\/\",\"url\":\"\",\"contentUrl\":\"\",\"caption\":\"The Salvation Army Kroc Center\"},\"image\":{\"@id\":\"https:\/\/cms.gbkroccenter.org\/es\/#\/schema\/logo\/image\/\"}}]}<\/script>\n<!-- \/ Yoast SEO plugin. -->","yoast_head_json":{"title":"Membres\u00edas con Respaldo Comunitario | Green Bay - The Salvation Army Kroc Center","description":"El Programa de Becas Kroc proporciona afiliaciones y clases a un precio con descuento en funci\u00f3n de los ingresos familiares.","robots":{"index":"index","follow":"follow","max-snippet":"max-snippet:-1","max-image-preview":"max-image-preview:large","max-video-preview":"max-video-preview:-1"},"canonical":"https:\/\/cms.gbkroccenter.org\/es\/afiliacion\/membresias-con-respaldo-comunitario\/","og_locale":"es_ES","og_type":"article","og_title":"Membres\u00edas con Respaldo Comunitario | Green Bay - The Salvation Army Kroc Center","og_description":"El Programa de Becas Kroc proporciona afiliaciones y clases a un precio con descuento en funci\u00f3n de los ingresos familiares.","og_url":"https:\/\/cms.gbkroccenter.org\/es\/afiliacion\/membresias-con-respaldo-comunitario\/","og_site_name":"Green Bay - The Salvation Army Kroc Center","article_modified_time":"2026-03-09T20:40:09+00:00","og_image":[{"url":"https:\/\/cms.gbkroccenter.org\/wp-content\/uploads\/sites\/4\/2021\/09\/scholarships-header.jpg"}],"twitter_card":"summary_large_image","schema":{"@context":"https:\/\/schema.org","@graph":[{"@type":"WebPage","@id":"https:\/\/cms.gbkroccenter.org\/es\/afiliacion\/membresias-con-respaldo-comunitario\/","url":"https:\/\/cms.gbkroccenter.org\/es\/afiliacion\/membresias-con-respaldo-comunitario\/","name":"Membres\u00edas con Respaldo Comunitario | Green Bay - The Salvation Army Kroc Center","isPartOf":{"@id":"https:\/\/cms.gbkroccenter.org\/es\/#website"},"primaryImageOfPage":{"@id":"https:\/\/cms.gbkroccenter.org\/es\/afiliacion\/membresias-con-respaldo-comunitario\/#primaryimage"},"image":{"@id":"https:\/\/cms.gbkroccenter.org\/es\/afiliacion\/membresias-con-respaldo-comunitario\/#primaryimage"},"thumbnailUrl":"https:\/\/cms.gbkroccenter.org\/wp-content\/uploads\/sites\/4\/2021\/09\/scholarships-header.jpg","datePublished":"2021-05-05T17:42:51+00:00","dateModified":"2026-03-09T20:40:09+00:00","description":"El Programa de Becas Kroc proporciona afiliaciones y clases a un precio con descuento en funci\u00f3n de los ingresos familiares.","breadcrumb":{"@id":"https:\/\/cms.gbkroccenter.org\/es\/afiliacion\/membresias-con-respaldo-comunitario\/#breadcrumb"},"inLanguage":"es","potentialAction":[{"@type":"ReadAction","target":["https:\/\/cms.gbkroccenter.org\/es\/afiliacion\/membresias-con-respaldo-comunitario\/"]}]},{"@type":"ImageObject","inLanguage":"es","@id":"https:\/\/cms.gbkroccenter.org\/es\/afiliacion\/membresias-con-respaldo-comunitario\/#primaryimage","url":"https:\/\/cms.gbkroccenter.org\/wp-content\/uploads\/sites\/4\/2021\/09\/scholarships-header.jpg","contentUrl":"https:\/\/cms.gbkroccenter.org\/wp-content\/uploads\/sites\/4\/2021\/09\/scholarships-header.jpg"},{"@type":"BreadcrumbList","@id":"https:\/\/cms.gbkroccenter.org\/es\/afiliacion\/membresias-con-respaldo-comunitario\/#breadcrumb","itemListElement":[{"@type":"ListItem","position":1,"name":"Home","item":"https:\/\/cms.gbkroccenter.org\/es\/"},{"@type":"ListItem","position":2,"name":"Afiliaci\u00f3n","item":"https:\/\/cms.gbkroccenter.org\/es\/afiliacion\/"},{"@type":"ListItem","position":3,"name":"Membres\u00edas con Respaldo Comunitario"}]},{"@type":"WebSite","@id":"https:\/\/cms.gbkroccenter.org\/es\/#website","url":"https:\/\/cms.gbkroccenter.org\/es\/","name":"Green Bay - The Salvation Army Kroc Center","description":"","publisher":{"@id":"https:\/\/cms.gbkroccenter.org\/es\/#organization"},"potentialAction":[{"@type":"SearchAction","target":{"@type":"EntryPoint","urlTemplate":"https:\/\/cms.gbkroccenter.org\/es\/?s={search_term_string}"},"query-input":"required name=search_term_string"}],"inLanguage":"es"},{"@type":"Organization","@id":"https:\/\/cms.gbkroccenter.org\/es\/#organization","name":"The Salvation Army Kroc Center","url":"https:\/\/cms.gbkroccenter.org\/es\/","logo":{"@type":"ImageObject","inLanguage":"es","@id":"https:\/\/cms.gbkroccenter.org\/es\/#\/schema\/logo\/image\/","url":"","contentUrl":"","caption":"The Salvation Army Kroc Center"},"image":{"@id":"https:\/\/cms.gbkroccenter.org\/es\/#\/schema\/logo\/image\/"}}]}},"featured_image_src":null,"featured_image_src_square":null,"_links":{"self":[{"href":"https:\/\/cms.gbkroccenter.org\/es\/wp-json\/wp\/v2\/pages\/3992","targetHints":{"allow":["GET"]}}],"collection":[{"href":"https:\/\/cms.gbkroccenter.org\/es\/wp-json\/wp\/v2\/pages"}],"about":[{"href":"https:\/\/cms.gbkroccenter.org\/es\/wp-json\/wp\/v2\/types\/page"}],"author":[{"embeddable":true,"href":"https:\/\/cms.gbkroccenter.org\/es\/wp-json\/wp\/v2\/users\/9"}],"replies":[{"embeddable":true,"href":"https:\/\/cms.gbkroccenter.org\/es\/wp-json\/wp\/v2\/comments?post=3992"}],"version-history":[{"count":0,"href":"https:\/\/cms.gbkroccenter.org\/es\/wp-json\/wp\/v2\/pages\/3992\/revisions"}],"up":[{"embeddable":true,"href":"https:\/\/cms.gbkroccenter.org\/es\/wp-json\/wp\/v2\/pages\/3966"}],"wp:attachment":[{"href":"https:\/\/cms.gbkroccenter.org\/es\/wp-json\/wp\/v2\/media?parent=3992"}],"curies":[{"name":"wp","href":"https:\/\/api.w.org\/{rel}","templated":true}]}}