{"id":3994,"date":"2021-05-03T14:56:59","date_gmt":"2021-05-03T18:56:59","guid":{"rendered":"https:\/\/cms.gbkroccenter.org\/programas\/"},"modified":"2024-07-24T13:42:51","modified_gmt":"2024-07-24T17:42:51","slug":"programas","status":"publish","type":"page","link":"https:\/\/cms.gbkroccenter.org\/es\/programas\/","title":{"rendered":"Programas"},"content":{"rendered":"\n<!-- hero -->\n<section>\n  <a class=\"heroArrow\" tabindex=\"0\" title=\"Scroll Down\"><i class=\"fa fa-angle-down\"><\/i><\/a>\n  <div class=\"chl-block hero-slider\">\n                            <div class=\"home-hero\" style=\"background-image: url(https:\/\/cms.gbkroccenter.org\/wp-content\/uploads\/sites\/4\/2021\/09\/senior-header.jpg);\"><\/div>\n        \n                        <div class=\"home-hero\" style=\"background-image: url(https:\/\/cms.gbkroccenter.org\/wp-content\/uploads\/sites\/4\/2021\/09\/swim-lessons-header.jpg);\"><\/div>\n        \n            <\/div>\n<\/section>\n<!-- \/hero -->\n\n\n\n<div class=\"wp-block-kroc-free-text-area section\"><div class=\"container\">\n<h1 class=\"wp-block-heading has-text-align-center\">\u00bfQU\u00c9 TIPO DE CLASES TE INTERESAN?<\/h1>\n\n\n\n<div class=\"row is-layout-flex wp-container-core-columns-is-layout-9d6595d7 wp-block-columns-is-layout-flex\">\n<div class=\"col-md is-layout-flow wp-block-column-is-layout-flow\">\n<p>\u00a1Todo est\u00e1 en el Kroc! La visi\u00f3n de Joan Kroc para el Ej\u00e9rcito de Salvaci\u00f3n fue ofrecer programas y clases que cambiaran la vida, accesibles a cualquier miembro de nuestra comunidad. Por eso en el Kroc encontrar\u00e1s clases para ni\u00f1os, adultos y mayores.<\/p>\n\n\n\n<p>Adem\u00e1s, los programas y clases son impartidos por profesionales experimentados y son estupendos para todos los niveles de experiencia. Los afiliados obtienen <a href=\"https:\/\/gbkroccenter.org\/es\/afiliacion\/\">a\u00fan m\u00e1s valor<\/a> porque muchas de estas clases transformadoras tienen un precio reducido o son gratuitas para los afiliados.<\/p>\n\n\n\n<p>Inscr\u00edbete hoy mismo para obtener el mejor precio en las clases haciendo clic en la categor\u00eda de abajo para saber m\u00e1s sobre las ofertas de cada departamento.<\/p>\n\n\n\n<p>Si necesitas ayuda econ\u00f3mica, el programa de <a href=\"https:\/\/gbkroccenter.org\/es\/afiliacion\/becas\/\">Becas<\/a> Kroc puede ofrecerte un 25% o un 50% de descuento en funci\u00f3n de tus ingresos.<\/p>\n<\/div>\n\n\n\n<div class=\"col-md is-layout-flow wp-block-column-is-layout-flow\">\n<p>\u00bfNecesitas ayuda para apuntarte a las clases? Mira este v\u00eddeo r\u00e1pido.<\/p>\n\n\n\n<figure class=\"wp-block-video\"><video height=\"484\" style=\"aspect-ratio: 640 \/ 484;\" width=\"640\" controls src=\"https:\/\/cms.gbkroccenter.org\/wp-content\/uploads\/sites\/4\/2021\/11\/Sign-Up-for-Classes.mov\"><\/video><\/figure>\n<\/div>\n<\/div>\n<\/div><\/div>\n\n\n\n<div class=\"wp-block-kroc-free-text-area section\"><div class=\"container\">\n<div class=\"row is-layout-flex wp-container-core-columns-is-layout-9d6595d7 wp-block-columns-is-layout-flex\">\n<div class=\"col-md is-layout-flow wp-block-column-is-layout-flow\" style=\"flex-basis:33.33%\">\n<div class=\"wp-block-kroc-free-text-area section has-light-blue-background-color has-background\"><div class=\"container\">\n<p class=\"has-text-align-center has-white-color has-text-color has-medium-font-size\"><a href=\"https:\/\/gbkroccenter.org\/es\/programas\/acuaticos\"><strong>CENTRO ACU\u00c1TICO<br><\/strong><\/a><\/p>\n<\/div><\/div>\n<\/div>\n\n\n\n<div class=\"col-md is-layout-flow wp-block-column-is-layout-flow\" style=\"flex-basis:33.33%\">\n<div class=\"wp-block-kroc-free-text-area section has-gold-background-color has-background\"><div class=\"container\">\n<p class=\"has-text-align-center has-white-color has-text-color\" style=\"font-size:20px\"><a href=\"https:\/\/gbkroccenter.org\/es\/programas\/campamentos-y-actividades-extraescolares\"><strong>CAMPAMENTOS Y<br>DESPU\u00c9S DE CLASE<\/strong><\/a><\/p>\n<\/div><\/div>\n<\/div>\n\n\n\n<div class=\"col-md is-layout-flow wp-block-column-is-layout-flow\" style=\"flex-basis:33.33%\">\n<div class=\"wp-block-kroc-free-text-area section has-orange-background-color has-background\"><div class=\"container\">\n<p class=\"has-text-align-center has-white-color has-text-color\" style=\"font-size:20px\"><a href=\"https:\/\/gbkroccenter.org\/es\/programas\/bellas-artes\"><strong>BELLAS ARTES<br><\/strong><\/a><\/p>\n<\/div><\/div>\n<\/div>\n<\/div>\n\n\n\n<div style=\"height:20px\" aria-hidden=\"true\" class=\"wp-block-spacer\"><\/div>\n\n\n\n<div class=\"row is-layout-flex wp-container-core-columns-is-layout-9d6595d7 wp-block-columns-is-layout-flex\">\n<div class=\"col-md is-layout-flow wp-block-column-is-layout-flow\" style=\"flex-basis:33.33%\">\n<div class=\"wp-block-kroc-free-text-area section has-grey-background-color has-background\"><div class=\"container\">\n<p class=\"has-text-align-center has-white-color has-text-color has-medium-font-size\"><a href=\"https:\/\/gbkroccenter.org\/es\/programas\/fitness\"><strong>TIERRA Y AGUA<br>FITNESS<\/strong><\/a><\/p>\n<\/div><\/div>\n<\/div>\n\n\n\n<div class=\"col-md is-layout-flow wp-block-column-is-layout-flow\" style=\"flex-basis:33.33%\">\n<div class=\"wp-block-kroc-free-text-area section has-teal-background-color has-background\"><div class=\"container\">\n<p class=\"has-text-align-center has-white-color has-text-color has-medium-font-size\"><a href=\"https:\/\/gbkroccenter.org\/es\/programas\/entrenamiento-personal\"><strong>ENTRENAMIENTO PERSONAL<br><\/strong><\/a><\/p>\n<\/div><\/div>\n<\/div>\n\n\n\n<div class=\"col-md is-layout-flow wp-block-column-is-layout-flow\" style=\"flex-basis:33.33%\">\n<div class=\"wp-block-kroc-free-text-area section has-green-background-color has-background\"><div class=\"container\">\n<p class=\"has-text-align-center has-white-color has-text-color\" style=\"font-size:20px\"><a href=\"https:\/\/gbkroccenter.org\/es\/programas\/programas-para-mayores\"><strong>PROGRAMAS PARA MAYORES<br><\/strong><\/a><\/p>\n<\/div><\/div>\n<\/div>\n<\/div>\n\n\n\n<div style=\"height:20px\" aria-hidden=\"true\" class=\"wp-block-spacer\"><\/div>\n\n\n\n<div class=\"row is-layout-flex wp-container-core-columns-is-layout-9d6595d7 wp-block-columns-is-layout-flex\">\n<div class=\"col-md is-layout-flow wp-block-column-is-layout-flow\" style=\"flex-basis:33.33%\">\n<div class=\"wp-block-kroc-free-text-area section\"><div class=\"container\">\n<p class=\"has-text-align-center has-white-color has-text-color\"><\/p>\n<\/div><\/div>\n<\/div>\n\n\n\n<div class=\"col-md is-layout-flow wp-block-column-is-layout-flow\" style=\"flex-basis:33.33%\">\n<div class=\"wp-block-kroc-free-text-area section has-navy-background-color has-background\"><div class=\"container\">\n<p class=\"has-text-align-center has-white-color has-text-color\" style=\"font-size:20px\"><meta charset=\"utf-8\"><\/meta><a href=\"https:\/\/gbkroccenter.org\/es\/programas\/deportes-y-ocio\"><strong>DEPORTES Y OCIO<br><\/strong><\/a><\/p>\n<\/div><\/div>\n<\/div>\n\n\n\n<div class=\"col-md is-layout-flow wp-block-column-is-layout-flow\" style=\"flex-basis:33.33%\">\n<div class=\"wp-block-kroc-free-text-area section\"><div class=\"container\">\n<p class=\"has-text-align-center has-black-color has-text-color\" style=\"font-size:15px\"><\/p>\n<\/div><\/div>\n<\/div>\n<\/div>\n<\/div><\/div>\n\n\n\n<div class=\"wp-block-kroc-free-text-area section\"><div class=\"container\">\n<div class=\"row is-layout-flex wp-container-core-columns-is-layout-9d6595d7 wp-block-columns-is-layout-flex\">\n<div class=\"col-md is-layout-flow wp-block-column-is-layout-flow\">\n<div class=\"wp-block-buttons is-content-justification-right is-layout-flex wp-container-core-buttons-is-layout-765c4724 wp-block-buttons-is-layout-flex\">\n<div class=\"wp-block-button\"><a class=\"wp-block-button__link wp-element-button\" href=\"https:\/\/www.gbkroccenter.org\/wp-content\/uploads\/sites\/4\/2026\/04\/KrocGB_MAR-Calendar_2026-v3.pdf\" target=\"_blank\" rel=\"noreferrer noopener\">CALENDARIO DE INSTALACIONES<\/a><\/div>\n<\/div>\n<\/div>\n\n\n\n<div class=\"col-md is-layout-flow wp-block-column-is-layout-flow\">\n<div class=\"wp-block-buttons is-horizontal is-content-justification-left is-layout-flex wp-container-core-buttons-is-layout-7e5fce0a wp-block-buttons-is-layout-flex\">\n<div class=\"wp-block-button is-style-fill\"><a class=\"wp-block-button__link wp-element-button\" href=\"https:\/\/www.gbkroccenter.org\/wp-content\/uploads\/sites\/4\/2026\/04\/KROCGB-RegGuide_Session3_2026.pdf\" target=\"_blank\" rel=\"noreferrer noopener\">GU\u00cdA DE INSCRIPCI\u00d3N<\/a><\/div>\n<\/div>\n<\/div>\n<\/div>\n<\/div><\/div>\n\n\n\n<div style=\"height:100px\" aria-hidden=\"true\" class=\"wp-block-spacer\"><\/div>\n","protected":false},"excerpt":{"rendered":"","protected":false},"author":32,"featured_media":0,"parent":0,"menu_order":0,"comment_status":"closed","ping_status":"closed","template":"","meta":{"footnotes":""},"class_list":["post-3994","page","type-page","status-publish","hentry"],"yoast_head":"<!-- This site is optimized with the Yoast SEO plugin v23.0 - https:\/\/yoast.com\/wordpress\/plugins\/seo\/ -->\n<title>Programas | Green Bay - The Salvation Army Kroc Center<\/title>\n<meta name=\"description\" content=\"Conoce las diferentes \u00e1reas de programaci\u00f3n para todas las edades del Centro Kroc de Green Bay.\" \/>\n<meta name=\"robots\" content=\"index, follow, max-snippet:-1, max-image-preview:large, max-video-preview:-1\" \/>\n<link rel=\"canonical\" href=\"https:\/\/cms.gbkroccenter.org\/es\/programas\/\" \/>\n<meta property=\"og:locale\" content=\"es_ES\" \/>\n<meta property=\"og:type\" content=\"article\" \/>\n<meta property=\"og:title\" content=\"Programas | Green Bay - The Salvation Army Kroc Center\" \/>\n<meta property=\"og:description\" content=\"Conoce las diferentes \u00e1reas de programaci\u00f3n para todas las edades del Centro Kroc de Green Bay.\" \/>\n<meta property=\"og:url\" content=\"https:\/\/cms.gbkroccenter.org\/es\/programas\/\" \/>\n<meta property=\"og:site_name\" content=\"Green Bay - The Salvation Army Kroc Center\" \/>\n<meta property=\"article:modified_time\" content=\"2024-07-24T17:42:51+00:00\" \/>\n<meta name=\"twitter:card\" content=\"summary_large_image\" \/>\n<script type=\"application\/ld+json\" class=\"yoast-schema-graph\">{\"@context\":\"https:\/\/schema.org\",\"@graph\":[{\"@type\":\"WebPage\",\"@id\":\"https:\/\/cms.gbkroccenter.org\/es\/programas\/\",\"url\":\"https:\/\/cms.gbkroccenter.org\/es\/programas\/\",\"name\":\"Programas | Green Bay - The Salvation Army Kroc Center\",\"isPartOf\":{\"@id\":\"https:\/\/cms.gbkroccenter.org\/es\/#website\"},\"datePublished\":\"2021-05-03T18:56:59+00:00\",\"dateModified\":\"2024-07-24T17:42:51+00:00\",\"description\":\"Conoce las diferentes \u00e1reas de programaci\u00f3n para todas las edades del Centro Kroc de Green Bay.\",\"breadcrumb\":{\"@id\":\"https:\/\/cms.gbkroccenter.org\/es\/programas\/#breadcrumb\"},\"inLanguage\":\"es\",\"potentialAction\":[{\"@type\":\"ReadAction\",\"target\":[\"https:\/\/cms.gbkroccenter.org\/es\/programas\/\"]}]},{\"@type\":\"BreadcrumbList\",\"@id\":\"https:\/\/cms.gbkroccenter.org\/es\/programas\/#breadcrumb\",\"itemListElement\":[{\"@type\":\"ListItem\",\"position\":1,\"name\":\"Home\",\"item\":\"https:\/\/cms.gbkroccenter.org\/es\/\"},{\"@type\":\"ListItem\",\"position\":2,\"name\":\"Programas\"}]},{\"@type\":\"WebSite\",\"@id\":\"https:\/\/cms.gbkroccenter.org\/es\/#website\",\"url\":\"https:\/\/cms.gbkroccenter.org\/es\/\",\"name\":\"Green Bay - The Salvation Army Kroc Center\",\"description\":\"\",\"publisher\":{\"@id\":\"https:\/\/cms.gbkroccenter.org\/es\/#organization\"},\"potentialAction\":[{\"@type\":\"SearchAction\",\"target\":{\"@type\":\"EntryPoint\",\"urlTemplate\":\"https:\/\/cms.gbkroccenter.org\/es\/?s={search_term_string}\"},\"query-input\":\"required name=search_term_string\"}],\"inLanguage\":\"es\"},{\"@type\":\"Organization\",\"@id\":\"https:\/\/cms.gbkroccenter.org\/es\/#organization\",\"name\":\"The Salvation Army Kroc Center\",\"url\":\"https:\/\/cms.gbkroccenter.org\/es\/\",\"logo\":{\"@type\":\"ImageObject\",\"inLanguage\":\"es\",\"@id\":\"https:\/\/cms.gbkroccenter.org\/es\/#\/schema\/logo\/image\/\",\"url\":\"\",\"contentUrl\":\"\",\"caption\":\"The Salvation Army Kroc Center\"},\"image\":{\"@id\":\"https:\/\/cms.gbkroccenter.org\/es\/#\/schema\/logo\/image\/\"}}]}<\/script>\n<!-- \/ Yoast SEO plugin. -->","yoast_head_json":{"title":"Programas | Green Bay - The Salvation Army Kroc Center","description":"Conoce las diferentes \u00e1reas de programaci\u00f3n para todas las edades del Centro Kroc de Green Bay.","robots":{"index":"index","follow":"follow","max-snippet":"max-snippet:-1","max-image-preview":"max-image-preview:large","max-video-preview":"max-video-preview:-1"},"canonical":"https:\/\/cms.gbkroccenter.org\/es\/programas\/","og_locale":"es_ES","og_type":"article","og_title":"Programas | Green Bay - The Salvation Army Kroc Center","og_description":"Conoce las diferentes \u00e1reas de programaci\u00f3n para todas las edades del Centro Kroc de Green Bay.","og_url":"https:\/\/cms.gbkroccenter.org\/es\/programas\/","og_site_name":"Green Bay - The Salvation Army Kroc Center","article_modified_time":"2024-07-24T17:42:51+00:00","twitter_card":"summary_large_image","schema":{"@context":"https:\/\/schema.org","@graph":[{"@type":"WebPage","@id":"https:\/\/cms.gbkroccenter.org\/es\/programas\/","url":"https:\/\/cms.gbkroccenter.org\/es\/programas\/","name":"Programas | Green Bay - The Salvation Army Kroc Center","isPartOf":{"@id":"https:\/\/cms.gbkroccenter.org\/es\/#website"},"datePublished":"2021-05-03T18:56:59+00:00","dateModified":"2024-07-24T17:42:51+00:00","description":"Conoce las diferentes \u00e1reas de programaci\u00f3n para todas las edades del Centro Kroc de Green Bay.","breadcrumb":{"@id":"https:\/\/cms.gbkroccenter.org\/es\/programas\/#breadcrumb"},"inLanguage":"es","potentialAction":[{"@type":"ReadAction","target":["https:\/\/cms.gbkroccenter.org\/es\/programas\/"]}]},{"@type":"BreadcrumbList","@id":"https:\/\/cms.gbkroccenter.org\/es\/programas\/#breadcrumb","itemListElement":[{"@type":"ListItem","position":1,"name":"Home","item":"https:\/\/cms.gbkroccenter.org\/es\/"},{"@type":"ListItem","position":2,"name":"Programas"}]},{"@type":"WebSite","@id":"https:\/\/cms.gbkroccenter.org\/es\/#website","url":"https:\/\/cms.gbkroccenter.org\/es\/","name":"Green Bay - The Salvation Army Kroc Center","description":"","publisher":{"@id":"https:\/\/cms.gbkroccenter.org\/es\/#organization"},"potentialAction":[{"@type":"SearchAction","target":{"@type":"EntryPoint","urlTemplate":"https:\/\/cms.gbkroccenter.org\/es\/?s={search_term_string}"},"query-input":"required name=search_term_string"}],"inLanguage":"es"},{"@type":"Organization","@id":"https:\/\/cms.gbkroccenter.org\/es\/#organization","name":"The Salvation Army Kroc Center","url":"https:\/\/cms.gbkroccenter.org\/es\/","logo":{"@type":"ImageObject","inLanguage":"es","@id":"https:\/\/cms.gbkroccenter.org\/es\/#\/schema\/logo\/image\/","url":"","contentUrl":"","caption":"The Salvation Army Kroc Center"},"image":{"@id":"https:\/\/cms.gbkroccenter.org\/es\/#\/schema\/logo\/image\/"}}]}},"featured_image_src":null,"featured_image_src_square":null,"_links":{"self":[{"href":"https:\/\/cms.gbkroccenter.org\/es\/wp-json\/wp\/v2\/pages\/3994","targetHints":{"allow":["GET"]}}],"collection":[{"href":"https:\/\/cms.gbkroccenter.org\/es\/wp-json\/wp\/v2\/pages"}],"about":[{"href":"https:\/\/cms.gbkroccenter.org\/es\/wp-json\/wp\/v2\/types\/page"}],"author":[{"embeddable":true,"href":"https:\/\/cms.gbkroccenter.org\/es\/wp-json\/wp\/v2\/users\/32"}],"replies":[{"embeddable":true,"href":"https:\/\/cms.gbkroccenter.org\/es\/wp-json\/wp\/v2\/comments?post=3994"}],"version-history":[{"count":0,"href":"https:\/\/cms.gbkroccenter.org\/es\/wp-json\/wp\/v2\/pages\/3994\/revisions"}],"wp:attachment":[{"href":"https:\/\/cms.gbkroccenter.org\/es\/wp-json\/wp\/v2\/media?parent=3994"}],"curies":[{"name":"wp","href":"https:\/\/api.w.org\/{rel}","templated":true}]}}