{"id":3998,"date":"2021-06-11T12:31:18","date_gmt":"2021-06-11T16:31:18","guid":{"rendered":"https:\/\/cms.gbkroccenter.org\/programas\/campamentos-y-actividades-extraescolares\/"},"modified":"2026-04-09T13:44:30","modified_gmt":"2026-04-09T17:44:30","slug":"campamentos-y-actividades-extraescolares","status":"publish","type":"page","link":"https:\/\/cms.gbkroccenter.org\/es\/programas\/campamentos-y-actividades-extraescolares\/","title":{"rendered":"Campamentos y Actividades Extraescolares"},"content":{"rendered":"\n<div class=\"wp-block-kroc-free-text-area section has-white-background-color has-background\"><div class=\"container\"><div class=\"wp-block-image\">\n<figure class=\"aligncenter size-large is-resized\"><img loading=\"lazy\" decoding=\"async\" width=\"1024\" height=\"320\" src=\"https:\/\/cms.gbkroccenter.org\/wp-content\/uploads\/sites\/4\/2026\/01\/Image-1-21-26-at-6.06-PM-1024x320.jpeg\" alt=\"\" class=\"wp-image-5788\" style=\"width:742px;height:auto\" srcset=\"https:\/\/cms.gbkroccenter.org\/wp-content\/uploads\/sites\/4\/2026\/01\/Image-1-21-26-at-6.06-PM-1024x320.jpeg 1024w, https:\/\/cms.gbkroccenter.org\/wp-content\/uploads\/sites\/4\/2026\/01\/Image-1-21-26-at-6.06-PM-300x94.jpeg 300w, https:\/\/cms.gbkroccenter.org\/wp-content\/uploads\/sites\/4\/2026\/01\/Image-1-21-26-at-6.06-PM-768x240.jpeg 768w, https:\/\/cms.gbkroccenter.org\/wp-content\/uploads\/sites\/4\/2026\/01\/Image-1-21-26-at-6.06-PM-1536x480.jpeg 1536w, https:\/\/cms.gbkroccenter.org\/wp-content\/uploads\/sites\/4\/2026\/01\/Image-1-21-26-at-6.06-PM-2048x640.jpeg 2048w\" sizes=\"auto, (max-width: 1024px) 100vw, 1024px\" \/><\/figure>\n<\/div>\n\n\n<div class=\"wp-block-kroc-free-text-area section has-white-background-color has-background\"><div class=\"container\">\n<p class=\"has-text-align-center has-large-font-size\"><strong>Registration for Summer Day Camp at the Kroc Center is now open<\/strong>!<\/p>\n\n\n\n<div class=\"row is-layout-flex wp-container-core-columns-is-layout-9d6595d7 wp-block-columns-is-layout-flex\">\n<div class=\"col-md is-layout-flow wp-block-column-is-layout-flow\">\n<p>The Kroc Center Summer Camp is a full-day, state-licensed, faith-based camp for kids 5\u201312 years old! Enjoy swimming, crafts, games, and outdoor adventures while growing in a safe, Christ-centered environment.<\/p>\n\n\n\n<p class=\"has-text-align-center\"><strong>Hours: Mon\u2013Fri 8 AM\u20134 PM | Early: 7\u20138 AM* | Late: 4\u20135 PM*&nbsp;<\/strong><\/p>\n\n\n\n<p class=\"has-text-align-center\">*Additional fees apply<\/p>\n\n\n\n<p>&#8220;Jesus spoke to the people again. He said, &#8216;I am the light of the world. Anyone who follows me will never walk in darkness. They will have that light. They will have life.&#8217; &#8221;&nbsp; <em>&#8211; John 8:12<\/em><\/p>\n<\/div>\n\n\n\n<div class=\"col-md is-vertically-aligned-top is-layout-flow wp-block-column-is-layout-flow\">\n<div class=\"wp-block-buttons is-content-justification-center is-layout-flex wp-container-core-buttons-is-layout-51f7783f wp-block-buttons-is-layout-flex\">\n<div class=\"wp-block-button gb-block-button\"><a class=\"wp-block-button__link has-text-color has-background has-custom-font-size wp-element-button\" href=\"https:\/\/thesalvationarmywi.redpodium.com\/kroc-summer-day-camp-2026\" style=\"border-radius:5px;color:#ffffff;background-color:#20b3a8;padding-top:10px;padding-right:1.2em;padding-bottom:10px;padding-left:1.2em;font-size:34px;line-height:2.0\"><strong>REGISTER HERE<\/strong><\/a><\/div>\n<\/div>\n\n\n\n<div class=\"wp-block-buttons is-content-justification-center is-layout-flex wp-container-core-buttons-is-layout-16018d1d wp-block-buttons-is-layout-flex\">\n<div class=\"wp-block-button\"><a class=\"wp-block-button__link has-text-align-center wp-element-button\" href=\"https:\/\/www.gbkroccenter.org\/wp-content\/uploads\/sites\/4\/2026\/01\/2026-Camp-Program-Guide.pdf\" target=\"_blank\" rel=\"noreferrer noopener\">Download 2026 Summer Day Camp Guide<\/a><\/div>\n\n\n\n<div class=\"wp-block-button\"><a class=\"wp-block-button__link wp-element-button\" href=\"https:\/\/www.gbkroccenter.org\/wp-content\/uploads\/sites\/4\/2026\/04\/KrocSummerDayCamp_ParentHandbook2026.pdf\" target=\"_blank\" rel=\"noreferrer noopener\">Download 2026 Parent Handbook<\/a><\/div>\n<\/div>\n<\/div>\n<\/div>\n<\/div><\/div>\n\n\n\n<p class=\"has-text-align-center\">Our detailed registration form ensures state compliance. While all children are welcome, one-on-one supervision is not available. <\/p>\n\n\n\n<p class=\"has-text-align-center\">Families needing extra support should contact our Youth Development Supervisor.<\/p>\n\n\n\n<p class=\"has-text-align-center\"><em>Camp runs June 15 through August 21, 2026.<\/em><\/p>\n\n\n\n<div class=\"wp-block-kroc-free-text-area section\"><div class=\"container\">\n<h2 class=\"wp-block-heading has-text-align-center\"><strong>Summer Day Camp 2025 Highlights<\/strong><\/h2>\n\n\n\n<!-- hero -->\n<section>\n  <a class=\"heroArrow\" tabindex=\"0\" title=\"Scroll Down\"><i class=\"fa fa-angle-down\"><\/i><\/a>\n  <div class=\"chl-block hero-slider\">\n                            <div class=\"home-hero\" style=\"background-image: url(https:\/\/cms.gbkroccenter.org\/wp-content\/uploads\/sites\/4\/2025\/08\/camp-foam.jpg);\"><\/div>\n        \n                        <div class=\"home-hero\" style=\"background-image: url(https:\/\/cms.gbkroccenter.org\/wp-content\/uploads\/sites\/4\/2025\/08\/camp-jesus.jpg);\"><\/div>\n        \n                        <div class=\"home-hero\" style=\"background-image: url(https:\/\/cms.gbkroccenter.org\/wp-content\/uploads\/sites\/4\/2025\/08\/camp-hawaiian.jpg);\"><\/div>\n        \n                        <div class=\"home-hero\" style=\"background-image: url(https:\/\/cms.gbkroccenter.org\/wp-content\/uploads\/sites\/4\/2025\/08\/camp-balloons.jpg);\"><\/div>\n        \n                        <div class=\"home-hero\" style=\"background-image: url(https:\/\/cms.gbkroccenter.org\/wp-content\/uploads\/sites\/4\/2025\/08\/camp-colorwalk.jpg);\"><\/div>\n        \n                        <div class=\"home-hero\" style=\"background-image: url(https:\/\/cms.gbkroccenter.org\/wp-content\/uploads\/sites\/4\/2025\/08\/camp-prayer.jpg);\"><\/div>\n        \n                        <div class=\"home-hero\" style=\"background-image: url(https:\/\/cms.gbkroccenter.org\/wp-content\/uploads\/sites\/4\/2025\/08\/camp-hockey.jpg);\"><\/div>\n        \n                        <div class=\"home-hero\" style=\"background-image: url(https:\/\/cms.gbkroccenter.org\/wp-content\/uploads\/sites\/4\/2025\/08\/camp-bowling.jpg);\"><\/div>\n        \n                        <div class=\"home-hero\" style=\"background-image: url(https:\/\/cms.gbkroccenter.org\/wp-content\/uploads\/sites\/4\/2025\/08\/camp-game.jpg);\"><\/div>\n        \n                        <div class=\"home-hero\" style=\"background-image: url(https:\/\/cms.gbkroccenter.org\/wp-content\/uploads\/sites\/4\/2025\/08\/camp-slideshow.jpg);\"><\/div>\n        \n                        <div class=\"home-hero\" style=\"background-image: url(https:\/\/cms.gbkroccenter.org\/wp-content\/uploads\/sites\/4\/2025\/08\/camp-color.jpg);\"><\/div>\n        \n            <\/div>\n<\/section>\n<!-- \/hero -->\n<\/div><\/div>\n\n\n\n<div class=\"wp-block-kroc-free-text-area section has-background\" style=\"background-color:#dcf1fd\"><div class=\"container\">\n<h2 class=\"wp-block-heading has-text-align-center has-x-large-font-size\" id=\"u52365-2\"><strong>HAPPY CAMPERS!<\/strong><\/h2>\n\n\n\n<p class=\"has-text-align-center\"><em>Here&#8217;s what caregivers have to say about Summer Day Camp at the Kroc Center<\/em><\/p>\n\n\n\n<blockquote class=\"wp-block-quote is-layout-flow wp-block-quote-is-layout-flow\">\n<p class=\"has-white-color has-green-background-color has-text-color has-background has-link-color wp-elements-a06da33ae7d303a7f8046527ad650d66\">&#8220;What I liked most about Kroc Summer Day Camp the Christian attitude, patience, and friendliness exhibited by the Kroc Center staff\/counselors to us. Very well-run program with lots of activities and variety to keep the campers interested and engaged.&#8221;<\/p>\n<\/blockquote>\n\n\n\n<blockquote class=\"wp-block-quote is-layout-flow wp-block-quote-is-layout-flow\">\n<p class=\"has-white-color has-gold-background-color has-text-color has-background has-link-color wp-elements-15308d091ccf15793721546f40358181\">&#8220;I just wanted to thank you and the counselors for being so welcoming and supportive of&nbsp;our daughter. She has never spent a summer anywhere but with us or her grandparents so this was new for us and her. She had nothing but great memories and it helped contribute to her not being scared of new things, so we thank you.&#8221;<\/p>\n<\/blockquote>\n\n\n\n<blockquote class=\"wp-block-quote is-layout-flow wp-block-quote-is-layout-flow\">\n<p class=\"has-white-color has-light-blue-background-color has-text-color has-background has-link-color wp-elements-5b1000f183f23a571f73eb9450d91cce\">&#8220;What I liked most about Kroc Summer Day Camp was the engagement and relationships that the counselors have with my children! They advocate for them and know their personalities. The communication with camp administrators was prompt, professional and personable!&#8221;<\/p>\n<\/blockquote>\n<\/div><\/div>\n\n\n\n<div class=\"wp-block-kroc-free-text-area section has-background\" style=\"background-color:#dcf1fd\"><div class=\"container\">\n<blockquote class=\"wp-block-quote is-layout-flow wp-block-quote-is-layout-flow\">\n<p class=\"has-white-color has-green-background-color has-text-color has-background has-link-color wp-elements-7b50dda5251b44694c61fb6db211c13a\">&#8220;What I liked most about Kroc Summer Day Camp was being greeted at the door for drop off and staff promptness in getting child at pick up. Swimming days are great and the ability to enroll in additional camps.&#8221; &nbsp;<\/p>\n<\/blockquote>\n\n\n\n<blockquote class=\"wp-block-quote is-layout-flow wp-block-quote-is-layout-flow\">\n<p class=\"has-white-color has-gold-background-color has-text-color has-background has-link-color wp-elements-cbf12d473472c1327c1adb38ea7a63c6\">&#8220;Hearing that you truly saw how special my daughter is and what a unique gift she is from God warms my Momma heart.&#8221;&nbsp;<\/p>\n<\/blockquote>\n\n\n\n<blockquote class=\"wp-block-quote is-layout-flow wp-block-quote-is-layout-flow\">\n<p class=\"has-light-blue-background-color has-background\">&#8220;I do very much appreciate everyone\u2019s time and support, as my camper hasn\u2019t had so much fun or physical activity in a very long time.&#8221;<\/p>\n<\/blockquote>\n<\/div><\/div>\n\n\n<div class=\"wp-block-image\">\n<figure class=\"aligncenter size-large is-resized\"><img loading=\"lazy\" decoding=\"async\" width=\"1024\" height=\"606\" src=\"https:\/\/cms.gbkroccenter.org\/wp-content\/uploads\/sites\/4\/2025\/06\/Image-6-6-25-at-9.56\u202fAM-1024x606.jpeg\" alt=\"\" class=\"wp-image-5165\" style=\"width:923px;height:auto\" srcset=\"https:\/\/cms.gbkroccenter.org\/wp-content\/uploads\/sites\/4\/2025\/06\/Image-6-6-25-at-9.56\u202fAM-1024x606.jpeg 1024w, https:\/\/cms.gbkroccenter.org\/wp-content\/uploads\/sites\/4\/2025\/06\/Image-6-6-25-at-9.56\u202fAM-300x178.jpeg 300w, https:\/\/cms.gbkroccenter.org\/wp-content\/uploads\/sites\/4\/2025\/06\/Image-6-6-25-at-9.56\u202fAM-768x455.jpeg 768w, https:\/\/cms.gbkroccenter.org\/wp-content\/uploads\/sites\/4\/2025\/06\/Image-6-6-25-at-9.56\u202fAM-1536x909.jpeg 1536w, https:\/\/cms.gbkroccenter.org\/wp-content\/uploads\/sites\/4\/2025\/06\/Image-6-6-25-at-9.56\u202fAM.jpeg 1706w\" sizes=\"auto, (max-width: 1024px) 100vw, 1024px\" \/><\/figure>\n<\/div>\n\n\n<div class=\"wp-block-kroc-free-text-area section has-orange-background-color has-background\"><div class=\"container\">\n<div class=\"row is-layout-flex wp-container-core-columns-is-layout-9d6595d7 wp-block-columns-is-layout-flex\">\n<div class=\"col-md is-vertically-aligned-center is-layout-flow wp-block-column-is-layout-flow\">\n<p class=\"has-text-align-center has-large-font-size\"><strong>FINANCIAL ASSISTANCE<\/strong><\/p>\n\n\n\n<p class=\"has-text-align-center\" id=\"u9511-6\">Did you know you can qualify for assistance through Wisconsin Shares?<br><a href=\"https:\/\/dcf.wisconsin.gov\/wishares\" target=\"_blank\" rel=\"noreferrer noopener\">LEARN MORE ABOUT WISCONSIN SHARES &gt;<\/a><\/p>\n\n\n\n<p class=\"has-text-align-center\" id=\"u9511-12\">Financial assistance is available for those who qualify.<br><a href=\"https:\/\/www.gbkroccenter.org\/membership\/community-assisted-membership\/\" target=\"_blank\" rel=\"noreferrer noopener\">LEARN MORE ABOUT FINANCIAL ASSISTANCE &gt;<\/a><\/p>\n<\/div>\n<\/div>\n<\/div><\/div>\n\n\n\n<div style=\"height:30px\" aria-hidden=\"true\" class=\"wp-block-spacer\"><\/div>\n\n\n\n<p class=\"has-text-align-center has-medium-font-size\" id=\"u48424-2\">The Kroc Center is committed to building a strong community and that starts with educating the adults of tomorrow. <\/p>\n\n\n\n<p class=\"has-text-align-center has-medium-font-size\" id=\"u48424-2\">The Kroc Center&#8217;s youth programs combine developmental learning, mentorship, team building and more, in a fun atmosphere <\/p>\n\n\n\n<p class=\"has-text-align-center has-medium-font-size\" id=\"u48424-2\">where kids will feel comfortable learning, being active and making new friends.<\/p>\n\n\n\n<p class=\"has-text-align-center\"><strong>Have more questions? Please reach out to our<\/strong> <strong>Youth Development Supervisor by calling <a href=\"tel:920.544.4975\">920.544.4975<\/a> <\/strong><\/p>\n\n\n\n<p class=\"has-text-align-center\"><strong>or email<\/strong> <strong><a href=\"mailto:GBKrocKids@usc.salvationarmy.org\">GBKrocKids@usc.salvationarmy.org<\/a>.<\/strong><\/p>\n<\/div><\/div>\n","protected":false},"excerpt":{"rendered":"","protected":false},"author":7,"featured_media":0,"parent":3994,"menu_order":0,"comment_status":"closed","ping_status":"closed","template":"","meta":{"footnotes":""},"class_list":["post-3998","page","type-page","status-publish","hentry"],"yoast_head":"<!-- This site is optimized with the Yoast SEO plugin v23.0 - https:\/\/yoast.com\/wordpress\/plugins\/seo\/ -->\n<title>Campamentos y Actividades Extraescolares | Green Bay - The Salvation Army Kroc Center<\/title>\n<meta name=\"description\" content=\"El Centro Kroc de Green Bay ofrece campamentos diurnos y atenci\u00f3n extraescolar autorizados por el estado. Inf\u00f3rmate sobre estas oportunidades y c\u00f3mo solicitarlas.\" \/>\n<meta name=\"robots\" content=\"index, follow, max-snippet:-1, max-image-preview:large, max-video-preview:-1\" \/>\n<link rel=\"canonical\" href=\"https:\/\/cms.gbkroccenter.org\/es\/programas\/campamentos-y-actividades-extraescolares\/\" \/>\n<meta property=\"og:locale\" content=\"es_ES\" \/>\n<meta property=\"og:type\" content=\"article\" \/>\n<meta property=\"og:title\" content=\"Campamentos y Actividades Extraescolares | Green Bay - The Salvation Army Kroc Center\" \/>\n<meta property=\"og:description\" content=\"El Centro Kroc de Green Bay ofrece campamentos diurnos y atenci\u00f3n extraescolar autorizados por el estado. Inf\u00f3rmate sobre estas oportunidades y c\u00f3mo solicitarlas.\" \/>\n<meta property=\"og:url\" content=\"https:\/\/cms.gbkroccenter.org\/es\/programas\/campamentos-y-actividades-extraescolares\/\" \/>\n<meta property=\"og:site_name\" content=\"Green Bay - The Salvation Army Kroc Center\" \/>\n<meta property=\"article:modified_time\" content=\"2026-04-09T17:44:30+00:00\" \/>\n<meta property=\"og:image\" content=\"https:\/\/cms.gbkroccenter.org\/wp-content\/uploads\/sites\/4\/2026\/01\/Image-1-21-26-at-6.06-PM-1024x320.jpeg\" \/>\n<meta name=\"twitter:card\" content=\"summary_large_image\" \/>\n<script type=\"application\/ld+json\" class=\"yoast-schema-graph\">{\"@context\":\"https:\/\/schema.org\",\"@graph\":[{\"@type\":\"WebPage\",\"@id\":\"https:\/\/cms.gbkroccenter.org\/es\/programas\/campamentos-y-actividades-extraescolares\/\",\"url\":\"https:\/\/cms.gbkroccenter.org\/es\/programas\/campamentos-y-actividades-extraescolares\/\",\"name\":\"Campamentos y Actividades Extraescolares | Green Bay - The Salvation Army Kroc Center\",\"isPartOf\":{\"@id\":\"https:\/\/cms.gbkroccenter.org\/es\/#website\"},\"primaryImageOfPage\":{\"@id\":\"https:\/\/cms.gbkroccenter.org\/es\/programas\/campamentos-y-actividades-extraescolares\/#primaryimage\"},\"image\":{\"@id\":\"https:\/\/cms.gbkroccenter.org\/es\/programas\/campamentos-y-actividades-extraescolares\/#primaryimage\"},\"thumbnailUrl\":\"https:\/\/cms.gbkroccenter.org\/wp-content\/uploads\/sites\/4\/2026\/01\/Image-1-21-26-at-6.06-PM-1024x320.jpeg\",\"datePublished\":\"2021-06-11T16:31:18+00:00\",\"dateModified\":\"2026-04-09T17:44:30+00:00\",\"description\":\"El Centro Kroc de Green Bay ofrece campamentos diurnos y atenci\u00f3n extraescolar autorizados por el estado. Inf\u00f3rmate sobre estas oportunidades y c\u00f3mo solicitarlas.\",\"breadcrumb\":{\"@id\":\"https:\/\/cms.gbkroccenter.org\/es\/programas\/campamentos-y-actividades-extraescolares\/#breadcrumb\"},\"inLanguage\":\"es\",\"potentialAction\":[{\"@type\":\"ReadAction\",\"target\":[\"https:\/\/cms.gbkroccenter.org\/es\/programas\/campamentos-y-actividades-extraescolares\/\"]}]},{\"@type\":\"ImageObject\",\"inLanguage\":\"es\",\"@id\":\"https:\/\/cms.gbkroccenter.org\/es\/programas\/campamentos-y-actividades-extraescolares\/#primaryimage\",\"url\":\"https:\/\/cms.gbkroccenter.org\/wp-content\/uploads\/sites\/4\/2026\/01\/Image-1-21-26-at-6.06-PM-1024x320.jpeg\",\"contentUrl\":\"https:\/\/cms.gbkroccenter.org\/wp-content\/uploads\/sites\/4\/2026\/01\/Image-1-21-26-at-6.06-PM-1024x320.jpeg\"},{\"@type\":\"BreadcrumbList\",\"@id\":\"https:\/\/cms.gbkroccenter.org\/es\/programas\/campamentos-y-actividades-extraescolares\/#breadcrumb\",\"itemListElement\":[{\"@type\":\"ListItem\",\"position\":1,\"name\":\"Home\",\"item\":\"https:\/\/cms.gbkroccenter.org\/es\/\"},{\"@type\":\"ListItem\",\"position\":2,\"name\":\"Programas\",\"item\":\"https:\/\/cms.gbkroccenter.org\/es\/programas\/\"},{\"@type\":\"ListItem\",\"position\":3,\"name\":\"Campamentos y Actividades Extraescolares\"}]},{\"@type\":\"WebSite\",\"@id\":\"https:\/\/cms.gbkroccenter.org\/es\/#website\",\"url\":\"https:\/\/cms.gbkroccenter.org\/es\/\",\"name\":\"Green Bay - The Salvation Army Kroc Center\",\"description\":\"\",\"publisher\":{\"@id\":\"https:\/\/cms.gbkroccenter.org\/es\/#organization\"},\"potentialAction\":[{\"@type\":\"SearchAction\",\"target\":{\"@type\":\"EntryPoint\",\"urlTemplate\":\"https:\/\/cms.gbkroccenter.org\/es\/?s={search_term_string}\"},\"query-input\":\"required name=search_term_string\"}],\"inLanguage\":\"es\"},{\"@type\":\"Organization\",\"@id\":\"https:\/\/cms.gbkroccenter.org\/es\/#organization\",\"name\":\"The Salvation Army Kroc Center\",\"url\":\"https:\/\/cms.gbkroccenter.org\/es\/\",\"logo\":{\"@type\":\"ImageObject\",\"inLanguage\":\"es\",\"@id\":\"https:\/\/cms.gbkroccenter.org\/es\/#\/schema\/logo\/image\/\",\"url\":\"\",\"contentUrl\":\"\",\"caption\":\"The Salvation Army Kroc Center\"},\"image\":{\"@id\":\"https:\/\/cms.gbkroccenter.org\/es\/#\/schema\/logo\/image\/\"}}]}<\/script>\n<!-- \/ Yoast SEO plugin. -->","yoast_head_json":{"title":"Campamentos y Actividades Extraescolares | Green Bay - The Salvation Army Kroc Center","description":"El Centro Kroc de Green Bay ofrece campamentos diurnos y atenci\u00f3n extraescolar autorizados por el estado. Inf\u00f3rmate sobre estas oportunidades y c\u00f3mo solicitarlas.","robots":{"index":"index","follow":"follow","max-snippet":"max-snippet:-1","max-image-preview":"max-image-preview:large","max-video-preview":"max-video-preview:-1"},"canonical":"https:\/\/cms.gbkroccenter.org\/es\/programas\/campamentos-y-actividades-extraescolares\/","og_locale":"es_ES","og_type":"article","og_title":"Campamentos y Actividades Extraescolares | Green Bay - The Salvation Army Kroc Center","og_description":"El Centro Kroc de Green Bay ofrece campamentos diurnos y atenci\u00f3n extraescolar autorizados por el estado. Inf\u00f3rmate sobre estas oportunidades y c\u00f3mo solicitarlas.","og_url":"https:\/\/cms.gbkroccenter.org\/es\/programas\/campamentos-y-actividades-extraescolares\/","og_site_name":"Green Bay - The Salvation Army Kroc Center","article_modified_time":"2026-04-09T17:44:30+00:00","og_image":[{"url":"https:\/\/cms.gbkroccenter.org\/wp-content\/uploads\/sites\/4\/2026\/01\/Image-1-21-26-at-6.06-PM-1024x320.jpeg"}],"twitter_card":"summary_large_image","schema":{"@context":"https:\/\/schema.org","@graph":[{"@type":"WebPage","@id":"https:\/\/cms.gbkroccenter.org\/es\/programas\/campamentos-y-actividades-extraescolares\/","url":"https:\/\/cms.gbkroccenter.org\/es\/programas\/campamentos-y-actividades-extraescolares\/","name":"Campamentos y Actividades Extraescolares | Green Bay - The Salvation Army Kroc Center","isPartOf":{"@id":"https:\/\/cms.gbkroccenter.org\/es\/#website"},"primaryImageOfPage":{"@id":"https:\/\/cms.gbkroccenter.org\/es\/programas\/campamentos-y-actividades-extraescolares\/#primaryimage"},"image":{"@id":"https:\/\/cms.gbkroccenter.org\/es\/programas\/campamentos-y-actividades-extraescolares\/#primaryimage"},"thumbnailUrl":"https:\/\/cms.gbkroccenter.org\/wp-content\/uploads\/sites\/4\/2026\/01\/Image-1-21-26-at-6.06-PM-1024x320.jpeg","datePublished":"2021-06-11T16:31:18+00:00","dateModified":"2026-04-09T17:44:30+00:00","description":"El Centro Kroc de Green Bay ofrece campamentos diurnos y atenci\u00f3n extraescolar autorizados por el estado. Inf\u00f3rmate sobre estas oportunidades y c\u00f3mo solicitarlas.","breadcrumb":{"@id":"https:\/\/cms.gbkroccenter.org\/es\/programas\/campamentos-y-actividades-extraescolares\/#breadcrumb"},"inLanguage":"es","potentialAction":[{"@type":"ReadAction","target":["https:\/\/cms.gbkroccenter.org\/es\/programas\/campamentos-y-actividades-extraescolares\/"]}]},{"@type":"ImageObject","inLanguage":"es","@id":"https:\/\/cms.gbkroccenter.org\/es\/programas\/campamentos-y-actividades-extraescolares\/#primaryimage","url":"https:\/\/cms.gbkroccenter.org\/wp-content\/uploads\/sites\/4\/2026\/01\/Image-1-21-26-at-6.06-PM-1024x320.jpeg","contentUrl":"https:\/\/cms.gbkroccenter.org\/wp-content\/uploads\/sites\/4\/2026\/01\/Image-1-21-26-at-6.06-PM-1024x320.jpeg"},{"@type":"BreadcrumbList","@id":"https:\/\/cms.gbkroccenter.org\/es\/programas\/campamentos-y-actividades-extraescolares\/#breadcrumb","itemListElement":[{"@type":"ListItem","position":1,"name":"Home","item":"https:\/\/cms.gbkroccenter.org\/es\/"},{"@type":"ListItem","position":2,"name":"Programas","item":"https:\/\/cms.gbkroccenter.org\/es\/programas\/"},{"@type":"ListItem","position":3,"name":"Campamentos y Actividades Extraescolares"}]},{"@type":"WebSite","@id":"https:\/\/cms.gbkroccenter.org\/es\/#website","url":"https:\/\/cms.gbkroccenter.org\/es\/","name":"Green Bay - The Salvation Army Kroc Center","description":"","publisher":{"@id":"https:\/\/cms.gbkroccenter.org\/es\/#organization"},"potentialAction":[{"@type":"SearchAction","target":{"@type":"EntryPoint","urlTemplate":"https:\/\/cms.gbkroccenter.org\/es\/?s={search_term_string}"},"query-input":"required name=search_term_string"}],"inLanguage":"es"},{"@type":"Organization","@id":"https:\/\/cms.gbkroccenter.org\/es\/#organization","name":"The Salvation Army Kroc Center","url":"https:\/\/cms.gbkroccenter.org\/es\/","logo":{"@type":"ImageObject","inLanguage":"es","@id":"https:\/\/cms.gbkroccenter.org\/es\/#\/schema\/logo\/image\/","url":"","contentUrl":"","caption":"The Salvation Army Kroc Center"},"image":{"@id":"https:\/\/cms.gbkroccenter.org\/es\/#\/schema\/logo\/image\/"}}]}},"featured_image_src":null,"featured_image_src_square":null,"_links":{"self":[{"href":"https:\/\/cms.gbkroccenter.org\/es\/wp-json\/wp\/v2\/pages\/3998","targetHints":{"allow":["GET"]}}],"collection":[{"href":"https:\/\/cms.gbkroccenter.org\/es\/wp-json\/wp\/v2\/pages"}],"about":[{"href":"https:\/\/cms.gbkroccenter.org\/es\/wp-json\/wp\/v2\/types\/page"}],"author":[{"embeddable":true,"href":"https:\/\/cms.gbkroccenter.org\/es\/wp-json\/wp\/v2\/users\/7"}],"replies":[{"embeddable":true,"href":"https:\/\/cms.gbkroccenter.org\/es\/wp-json\/wp\/v2\/comments?post=3998"}],"version-history":[{"count":0,"href":"https:\/\/cms.gbkroccenter.org\/es\/wp-json\/wp\/v2\/pages\/3998\/revisions"}],"up":[{"embeddable":true,"href":"https:\/\/cms.gbkroccenter.org\/es\/wp-json\/wp\/v2\/pages\/3994"}],"wp:attachment":[{"href":"https:\/\/cms.gbkroccenter.org\/es\/wp-json\/wp\/v2\/media?parent=3998"}],"curies":[{"name":"wp","href":"https:\/\/api.w.org\/{rel}","templated":true}]}}