{"id":4015,"date":"2022-08-16T15:01:25","date_gmt":"2022-08-16T19:01:25","guid":{"rendered":"https:\/\/cms.gbkroccenter.org\/eventos\/"},"modified":"2026-03-05T11:00:47","modified_gmt":"2026-03-05T16:00:47","slug":"eventos","status":"publish","type":"page","link":"https:\/\/cms.gbkroccenter.org\/es\/eventos\/","title":{"rendered":"Eventos"},"content":{"rendered":"\n<h2 class=\"wp-block-heading has-text-align-center\"><strong>\u00a1La quinta carrera anual Uncle Mike&#8217;s Donut 5K regresa en junio!<\/strong><\/h2>\n\n\n<div class=\"wp-block-image\">\n<figure class=\"aligncenter is-resized\"><img loading=\"lazy\" decoding=\"async\" width=\"2122\" height=\"1194\" src=\"https:\/\/cms.gbkroccenter.org\/wp-content\/uploads\/sites\/4\/2026\/02\/Image-2-20-26-at-10.38-AM.jpeg\" alt=\"\" class=\"wp-image-5895\" style=\"aspect-ratio:1.7772429592946568;width:665px;height:auto\" srcset=\"https:\/\/cms.gbkroccenter.org\/wp-content\/uploads\/sites\/4\/2026\/02\/Image-2-20-26-at-10.38-AM.jpeg 2122w, https:\/\/cms.gbkroccenter.org\/wp-content\/uploads\/sites\/4\/2026\/02\/Image-2-20-26-at-10.38-AM-300x169.jpeg 300w, https:\/\/cms.gbkroccenter.org\/wp-content\/uploads\/sites\/4\/2026\/02\/Image-2-20-26-at-10.38-AM-1024x576.jpeg 1024w, https:\/\/cms.gbkroccenter.org\/wp-content\/uploads\/sites\/4\/2026\/02\/Image-2-20-26-at-10.38-AM-768x432.jpeg 768w, https:\/\/cms.gbkroccenter.org\/wp-content\/uploads\/sites\/4\/2026\/02\/Image-2-20-26-at-10.38-AM-1536x864.jpeg 1536w, https:\/\/cms.gbkroccenter.org\/wp-content\/uploads\/sites\/4\/2026\/02\/Image-2-20-26-at-10.38-AM-2048x1152.jpeg 2048w\" sizes=\"auto, (max-width: 2122px) 100vw, 2122px\" \/><\/figure>\n<\/div>\n\n\n<div class=\"wp-block-group\"><div class=\"wp-block-group__inner-container is-layout-constrained wp-block-group-is-layout-constrained\">\n<p class=\"has-text-align-center\">\u00a1Ya est\u00e1 abierta la inscripci\u00f3n para la 5.\u00aa Carrera Anual de Donas T\u00edo Mike!<\/p>\n\n\n\n<p class=\"has-text-align-center\">Acomp\u00e1\u00f1enos en el hermoso Parque Green Isle en Allouez el s\u00e1bado 6 de junio <br>para disfrutar de una ma\u00f1ana llena de ejercicio y comunidad.<\/p>\n\n\n\n<p class=\"has-text-align-center\">Nos complace anunciar que 91.5 The Family ser\u00e1 nuestro socio medi\u00e1tico oficial este a\u00f1o, <br>contribuyendo a que este importante evento sea a\u00fan m\u00e1s grande y mejor.<br>La carrera favorita de los fans, Sprinkle Sprint (de 2 a 10 a\u00f1os), <br>est\u00e1 de vuelta y dar\u00e1 inicio a la diversi\u00f3n a las 8:45 a.m., antes del inicio de la carrera de 5 km.<\/p>\n\n\n\n<p class=\"has-text-align-center\">\u00a1Es la manera perfecta de que toda la familia participe!<br>\u00a1Inscr\u00edbase en la carrera de donas y la Sprinkle Sprint AQU\u00cd!.<\/p>\n<\/div><\/div>\n\n\n\n<p class=\"has-text-align-center\"><\/p>\n\n\n\n<hr class=\"wp-block-separator has-alpha-channel-opacity\"\/>\n\n\n<div class=\"wp-block-image\">\n<figure class=\"aligncenter is-resized\"><img loading=\"lazy\" decoding=\"async\" width=\"1024\" height=\"544\" src=\"https:\/\/cms.gbkroccenter.org\/wp-content\/uploads\/sites\/4\/2025\/08\/Image-8-27-25-at-10.03-AM-1024x544.jpeg\" alt=\"\" class=\"wp-image-5432\" style=\"width:768px;height:auto\" srcset=\"https:\/\/cms.gbkroccenter.org\/wp-content\/uploads\/sites\/4\/2025\/08\/Image-8-27-25-at-10.03-AM-1024x544.jpeg 1024w, https:\/\/cms.gbkroccenter.org\/wp-content\/uploads\/sites\/4\/2025\/08\/Image-8-27-25-at-10.03-AM-300x159.jpeg 300w, https:\/\/cms.gbkroccenter.org\/wp-content\/uploads\/sites\/4\/2025\/08\/Image-8-27-25-at-10.03-AM-768x408.jpeg 768w, https:\/\/cms.gbkroccenter.org\/wp-content\/uploads\/sites\/4\/2025\/08\/Image-8-27-25-at-10.03-AM-1536x816.jpeg 1536w, https:\/\/cms.gbkroccenter.org\/wp-content\/uploads\/sites\/4\/2025\/08\/Image-8-27-25-at-10.03-AM-2048x1088.jpeg 2048w\" sizes=\"auto, (max-width: 1024px) 100vw, 1024px\" \/><\/figure>\n<\/div>\n\n\n<h2 class=\"wp-block-heading has-text-align-center\"><strong>\u00a1Reserva la fecha para ICF 2026!<\/strong><\/h2>\n\n\n\n<p class=\"has-text-align-center\">\u00danase a nosotros el viernes 27 de marzo de 2026 de 4 a 7 p. m. en <br>el Kroc Center para una noche llena de cultura, comunidad y celebraci\u00f3n.<\/p>\n\n\n\n<p class=\"has-text-align-center\">\u00a1Marque sus calendarios: no querr\u00e1 perderse este vibrante evento <br>que muestra tradiciones, actuaciones y organizaciones de<\/p>\n\n\n\n<p class=\"has-text-align-center\">en todo el mundo y aqu\u00ed mismo en nuestra comunidad!<\/p>\n\n\n\n<hr class=\"wp-block-separator has-alpha-channel-opacity is-style-dots\"\/>\n\n\n\n<p class=\"has-text-align-center\"><\/p>\n\n\n\n<p class=\"has-text-align-center\"><\/p>\n\n\n\n<div class=\"row are-vertically-aligned-center is-layout-flex wp-container-core-columns-is-layout-9d6595d7 wp-block-columns-is-layout-flex\">\n<div class=\"col-md is-vertically-aligned-center is-layout-flow wp-block-column-is-layout-flow\"><div class=\"wp-block-image\">\n<figure class=\"aligncenter size-large is-resized\"><img loading=\"lazy\" decoding=\"async\" width=\"1024\" height=\"270\" src=\"https:\/\/cms.gbkroccenter.org\/wp-content\/uploads\/sites\/4\/2024\/03\/Kroc-Logo-Horiz-1024x270.png\" alt=\"\" class=\"wp-image-2628\" style=\"width:326px;height:auto\" srcset=\"https:\/\/cms.gbkroccenter.org\/wp-content\/uploads\/sites\/4\/2024\/03\/Kroc-Logo-Horiz-1024x270.png 1024w, https:\/\/cms.gbkroccenter.org\/wp-content\/uploads\/sites\/4\/2024\/03\/Kroc-Logo-Horiz-300x79.png 300w, https:\/\/cms.gbkroccenter.org\/wp-content\/uploads\/sites\/4\/2024\/03\/Kroc-Logo-Horiz-768x202.png 768w, https:\/\/cms.gbkroccenter.org\/wp-content\/uploads\/sites\/4\/2024\/03\/Kroc-Logo-Horiz-1536x404.png 1536w, https:\/\/cms.gbkroccenter.org\/wp-content\/uploads\/sites\/4\/2024\/03\/Kroc-Logo-Horiz-2048x539.png 2048w\" sizes=\"auto, (max-width: 1024px) 100vw, 1024px\" \/><\/figure>\n<\/div><\/div>\n<\/div>\n\n\n\n<p class=\"has-text-align-center\">1315 Lime Kiln Road, Green Bay, WI 54311<\/p>\n\n\n\n<p><\/p>\n","protected":false},"excerpt":{"rendered":"<p>\u00a1La quinta carrera anual Uncle Mike&#8217;s Donut 5K regresa en junio! \u00a1Ya est\u00e1 abierta la inscripci\u00f3n para la 5.\u00aa Carrera Anual de Donas T\u00edo Mike! Acomp\u00e1\u00f1enos en el hermoso Parque Green Isle en Allouez el s\u00e1bado 6 de junio para disfrutar de una ma\u00f1ana llena de ejercicio y comunidad. Nos complace anunciar que 91.5 The [&hellip;]<\/p>\n","protected":false},"author":32,"featured_media":0,"parent":0,"menu_order":0,"comment_status":"closed","ping_status":"closed","template":"","meta":{"footnotes":""},"class_list":["post-4015","page","type-page","status-publish","hentry"],"yoast_head":"<!-- This site is optimized with the Yoast SEO plugin v23.0 - https:\/\/yoast.com\/wordpress\/plugins\/seo\/ -->\n<title>Eventos | Green Bay - The Salvation Army Kroc Center<\/title>\n<meta name=\"robots\" content=\"index, follow, max-snippet:-1, max-image-preview:large, max-video-preview:-1\" \/>\n<link rel=\"canonical\" href=\"https:\/\/cms.gbkroccenter.org\/es\/eventos\/\" \/>\n<meta property=\"og:locale\" content=\"es_ES\" \/>\n<meta property=\"og:type\" content=\"article\" \/>\n<meta property=\"og:title\" content=\"Eventos | Green Bay - The Salvation Army Kroc Center\" \/>\n<meta property=\"og:description\" content=\"\u00a1La quinta carrera anual Uncle Mike&#8217;s Donut 5K regresa en junio! \u00a1Ya est\u00e1 abierta la inscripci\u00f3n para la 5.\u00aa Carrera Anual de Donas T\u00edo Mike! Acomp\u00e1\u00f1enos en el hermoso Parque Green Isle en Allouez el s\u00e1bado 6 de junio para disfrutar de una ma\u00f1ana llena de ejercicio y comunidad. Nos complace anunciar que 91.5 The [&hellip;]\" \/>\n<meta property=\"og:url\" content=\"https:\/\/cms.gbkroccenter.org\/es\/eventos\/\" \/>\n<meta property=\"og:site_name\" content=\"Green Bay - The Salvation Army Kroc Center\" \/>\n<meta property=\"article:modified_time\" content=\"2026-03-05T16:00:47+00:00\" \/>\n<meta property=\"og:image\" content=\"https:\/\/cms.gbkroccenter.org\/wp-content\/uploads\/sites\/4\/2026\/02\/Image-2-20-26-at-10.38-AM.jpeg\" \/>\n<meta name=\"twitter:card\" content=\"summary_large_image\" \/>\n<script type=\"application\/ld+json\" class=\"yoast-schema-graph\">{\"@context\":\"https:\/\/schema.org\",\"@graph\":[{\"@type\":\"WebPage\",\"@id\":\"https:\/\/cms.gbkroccenter.org\/es\/eventos\/\",\"url\":\"https:\/\/cms.gbkroccenter.org\/es\/eventos\/\",\"name\":\"Eventos | Green Bay - The Salvation Army Kroc Center\",\"isPartOf\":{\"@id\":\"https:\/\/cms.gbkroccenter.org\/es\/#website\"},\"primaryImageOfPage\":{\"@id\":\"https:\/\/cms.gbkroccenter.org\/es\/eventos\/#primaryimage\"},\"image\":{\"@id\":\"https:\/\/cms.gbkroccenter.org\/es\/eventos\/#primaryimage\"},\"thumbnailUrl\":\"https:\/\/cms.gbkroccenter.org\/wp-content\/uploads\/sites\/4\/2026\/02\/Image-2-20-26-at-10.38-AM.jpeg\",\"datePublished\":\"2022-08-16T19:01:25+00:00\",\"dateModified\":\"2026-03-05T16:00:47+00:00\",\"breadcrumb\":{\"@id\":\"https:\/\/cms.gbkroccenter.org\/es\/eventos\/#breadcrumb\"},\"inLanguage\":\"es\",\"potentialAction\":[{\"@type\":\"ReadAction\",\"target\":[\"https:\/\/cms.gbkroccenter.org\/es\/eventos\/\"]}]},{\"@type\":\"ImageObject\",\"inLanguage\":\"es\",\"@id\":\"https:\/\/cms.gbkroccenter.org\/es\/eventos\/#primaryimage\",\"url\":\"https:\/\/cms.gbkroccenter.org\/wp-content\/uploads\/sites\/4\/2026\/02\/Image-2-20-26-at-10.38-AM.jpeg\",\"contentUrl\":\"https:\/\/cms.gbkroccenter.org\/wp-content\/uploads\/sites\/4\/2026\/02\/Image-2-20-26-at-10.38-AM.jpeg\"},{\"@type\":\"BreadcrumbList\",\"@id\":\"https:\/\/cms.gbkroccenter.org\/es\/eventos\/#breadcrumb\",\"itemListElement\":[{\"@type\":\"ListItem\",\"position\":1,\"name\":\"Home\",\"item\":\"https:\/\/cms.gbkroccenter.org\/es\/\"},{\"@type\":\"ListItem\",\"position\":2,\"name\":\"Eventos\"}]},{\"@type\":\"WebSite\",\"@id\":\"https:\/\/cms.gbkroccenter.org\/es\/#website\",\"url\":\"https:\/\/cms.gbkroccenter.org\/es\/\",\"name\":\"Green Bay - The Salvation Army Kroc Center\",\"description\":\"\",\"publisher\":{\"@id\":\"https:\/\/cms.gbkroccenter.org\/es\/#organization\"},\"potentialAction\":[{\"@type\":\"SearchAction\",\"target\":{\"@type\":\"EntryPoint\",\"urlTemplate\":\"https:\/\/cms.gbkroccenter.org\/es\/?s={search_term_string}\"},\"query-input\":\"required name=search_term_string\"}],\"inLanguage\":\"es\"},{\"@type\":\"Organization\",\"@id\":\"https:\/\/cms.gbkroccenter.org\/es\/#organization\",\"name\":\"The Salvation Army Kroc Center\",\"url\":\"https:\/\/cms.gbkroccenter.org\/es\/\",\"logo\":{\"@type\":\"ImageObject\",\"inLanguage\":\"es\",\"@id\":\"https:\/\/cms.gbkroccenter.org\/es\/#\/schema\/logo\/image\/\",\"url\":\"\",\"contentUrl\":\"\",\"caption\":\"The Salvation Army Kroc Center\"},\"image\":{\"@id\":\"https:\/\/cms.gbkroccenter.org\/es\/#\/schema\/logo\/image\/\"}}]}<\/script>\n<!-- \/ Yoast SEO plugin. -->","yoast_head_json":{"title":"Eventos | Green Bay - The Salvation Army Kroc Center","robots":{"index":"index","follow":"follow","max-snippet":"max-snippet:-1","max-image-preview":"max-image-preview:large","max-video-preview":"max-video-preview:-1"},"canonical":"https:\/\/cms.gbkroccenter.org\/es\/eventos\/","og_locale":"es_ES","og_type":"article","og_title":"Eventos | Green Bay - The Salvation Army Kroc Center","og_description":"\u00a1La quinta carrera anual Uncle Mike&#8217;s Donut 5K regresa en junio! \u00a1Ya est\u00e1 abierta la inscripci\u00f3n para la 5.\u00aa Carrera Anual de Donas T\u00edo Mike! Acomp\u00e1\u00f1enos en el hermoso Parque Green Isle en Allouez el s\u00e1bado 6 de junio para disfrutar de una ma\u00f1ana llena de ejercicio y comunidad. Nos complace anunciar que 91.5 The [&hellip;]","og_url":"https:\/\/cms.gbkroccenter.org\/es\/eventos\/","og_site_name":"Green Bay - The Salvation Army Kroc Center","article_modified_time":"2026-03-05T16:00:47+00:00","og_image":[{"url":"https:\/\/cms.gbkroccenter.org\/wp-content\/uploads\/sites\/4\/2026\/02\/Image-2-20-26-at-10.38-AM.jpeg"}],"twitter_card":"summary_large_image","schema":{"@context":"https:\/\/schema.org","@graph":[{"@type":"WebPage","@id":"https:\/\/cms.gbkroccenter.org\/es\/eventos\/","url":"https:\/\/cms.gbkroccenter.org\/es\/eventos\/","name":"Eventos | Green Bay - The Salvation Army Kroc Center","isPartOf":{"@id":"https:\/\/cms.gbkroccenter.org\/es\/#website"},"primaryImageOfPage":{"@id":"https:\/\/cms.gbkroccenter.org\/es\/eventos\/#primaryimage"},"image":{"@id":"https:\/\/cms.gbkroccenter.org\/es\/eventos\/#primaryimage"},"thumbnailUrl":"https:\/\/cms.gbkroccenter.org\/wp-content\/uploads\/sites\/4\/2026\/02\/Image-2-20-26-at-10.38-AM.jpeg","datePublished":"2022-08-16T19:01:25+00:00","dateModified":"2026-03-05T16:00:47+00:00","breadcrumb":{"@id":"https:\/\/cms.gbkroccenter.org\/es\/eventos\/#breadcrumb"},"inLanguage":"es","potentialAction":[{"@type":"ReadAction","target":["https:\/\/cms.gbkroccenter.org\/es\/eventos\/"]}]},{"@type":"ImageObject","inLanguage":"es","@id":"https:\/\/cms.gbkroccenter.org\/es\/eventos\/#primaryimage","url":"https:\/\/cms.gbkroccenter.org\/wp-content\/uploads\/sites\/4\/2026\/02\/Image-2-20-26-at-10.38-AM.jpeg","contentUrl":"https:\/\/cms.gbkroccenter.org\/wp-content\/uploads\/sites\/4\/2026\/02\/Image-2-20-26-at-10.38-AM.jpeg"},{"@type":"BreadcrumbList","@id":"https:\/\/cms.gbkroccenter.org\/es\/eventos\/#breadcrumb","itemListElement":[{"@type":"ListItem","position":1,"name":"Home","item":"https:\/\/cms.gbkroccenter.org\/es\/"},{"@type":"ListItem","position":2,"name":"Eventos"}]},{"@type":"WebSite","@id":"https:\/\/cms.gbkroccenter.org\/es\/#website","url":"https:\/\/cms.gbkroccenter.org\/es\/","name":"Green Bay - The Salvation Army Kroc Center","description":"","publisher":{"@id":"https:\/\/cms.gbkroccenter.org\/es\/#organization"},"potentialAction":[{"@type":"SearchAction","target":{"@type":"EntryPoint","urlTemplate":"https:\/\/cms.gbkroccenter.org\/es\/?s={search_term_string}"},"query-input":"required name=search_term_string"}],"inLanguage":"es"},{"@type":"Organization","@id":"https:\/\/cms.gbkroccenter.org\/es\/#organization","name":"The Salvation Army Kroc Center","url":"https:\/\/cms.gbkroccenter.org\/es\/","logo":{"@type":"ImageObject","inLanguage":"es","@id":"https:\/\/cms.gbkroccenter.org\/es\/#\/schema\/logo\/image\/","url":"","contentUrl":"","caption":"The Salvation Army Kroc Center"},"image":{"@id":"https:\/\/cms.gbkroccenter.org\/es\/#\/schema\/logo\/image\/"}}]}},"featured_image_src":null,"featured_image_src_square":null,"_links":{"self":[{"href":"https:\/\/cms.gbkroccenter.org\/es\/wp-json\/wp\/v2\/pages\/4015","targetHints":{"allow":["GET"]}}],"collection":[{"href":"https:\/\/cms.gbkroccenter.org\/es\/wp-json\/wp\/v2\/pages"}],"about":[{"href":"https:\/\/cms.gbkroccenter.org\/es\/wp-json\/wp\/v2\/types\/page"}],"author":[{"embeddable":true,"href":"https:\/\/cms.gbkroccenter.org\/es\/wp-json\/wp\/v2\/users\/32"}],"replies":[{"embeddable":true,"href":"https:\/\/cms.gbkroccenter.org\/es\/wp-json\/wp\/v2\/comments?post=4015"}],"version-history":[{"count":0,"href":"https:\/\/cms.gbkroccenter.org\/es\/wp-json\/wp\/v2\/pages\/4015\/revisions"}],"wp:attachment":[{"href":"https:\/\/cms.gbkroccenter.org\/es\/wp-json\/wp\/v2\/media?parent=4015"}],"curies":[{"name":"wp","href":"https:\/\/api.w.org\/{rel}","templated":true}]}}