{"id":4018,"date":"2022-08-16T14:51:49","date_gmt":"2022-08-16T18:51:49","guid":{"rendered":"https:\/\/cms.gbkroccenter.org\/fiestas-de-cumpleanos\/"},"modified":"2024-07-23T17:21:13","modified_gmt":"2024-07-23T21:21:13","slug":"fiestas-de-cumpleanos","status":"publish","type":"page","link":"https:\/\/cms.gbkroccenter.org\/es\/fiestas-de-cumpleanos\/","title":{"rendered":"Fiestas de cumplea\u00f1os"},"content":{"rendered":"\n<div class=\"wp-block-kroc-free-text-area section\"><div class=\"container\"><div class=\"wp-block-image\">\n<figure class=\"aligncenter size-full\"><img decoding=\"async\" src=\"https:\/\/cms.gbkroccenter.org\/wp-content\/uploads\/sites\/4\/2024\/01\/Image-1-29-24-at-12.33&#x202F;PM.jpeg\" alt=\"\" class=\"wp-image-2559\"\/><\/figure>\n<\/div>\n\n\n<h1 class=\"wp-block-heading\">\u00a1Ven a celebrarlo con nosotros!<\/h1>\n\n\n\n<p>Nuestro Paquete Fiesta de Cumplea\u00f1os (disponible s\u00f3lo viernes* y s\u00e1bados) incluye:<\/p>\n\n\n\n<ul class=\"wp-block-list\">\n<li>2 horas de acceso al Centro Acu\u00e1tico y Splash Zone  <\/li>\n\n\n\n<li>Uso de una Sala de Fiestas junto a la piscina (incluye fregadero, encimera, frigor\u00edfico est\u00e1ndar con congelador para guardar la comida durante la fiesta, 3 mesas redondas con una pila de 25 sillas, art\u00edculos de limpieza, cubos de basura y reciclaje)<\/li>\n\n\n\n<li>Hasta 25 invitados (25 pases de invitado para utilizar el d\u00eda de la fiesta. La capacidad m\u00e1xima de cada sala de fiestas es de 25 personas, sin excepciones)<\/li>\n<\/ul>\n\n\n\n<p>* Los programas de los viernes de 17:00 a 19:00 pueden tener limitado el acceso a la piscina.<\/p>\n\n\n\n<div class=\"wp-block-buttons is-content-justification-center is-layout-flex wp-container-core-buttons-is-layout-16018d1d wp-block-buttons-is-layout-flex\">\n<div class=\"wp-block-button is-style-fill\"><a class=\"wp-block-button__link has-orange-background-color has-background wp-element-button\" href=\"https:\/\/thesalvationarmywi.redpodium.com\/gb-kroc-center-birthday-party-reservations\">HAZ CLIC AQU\u00cd PARA RESERVAR TU FIESTA<\/a><\/div>\n<\/div>\n\n\n\n<p><strong>Recordatorios<\/strong><\/p>\n\n\n\n<p><em>Los grupos de fiesta de cumplea\u00f1os tendr\u00e1n acceso a la sala de fiestas 15 minutos antes de la hora de la fiesta para prepararla y 15 minutos despu\u00e9s de la fiesta para limpiarla.\nTe pedimos que dejes la sala en las mismas condiciones en que la encontraste.\nNos reservamos el derecho a cobrar una tasa de limpieza si consideramos que la sala no es aceptable a la salida, a partir de 50 $.  <\/em><\/p>\n\n\n\n<p><em>Somos un centro <em>libre de<\/em> alcohol, drogas y tabaco y nos reservamos el derecho a denegar la entrada a cualquier persona de la que sospechemos que est\u00e1 bajo los efectos de las drogas o el alcohol.\nEn este caso, no se efectuar\u00e1n reembolsos. <\/em><\/p>\n\n\n\n<p><strong>Devoluciones<\/strong><\/p>\n\n\n\n<p><em>Se puede reembolsar el 100% si la fiesta se cancela 14 d\u00edas antes de la fecha\/hora de la reserva &#8211; mediante notificaci\u00f3n por correo electr\u00f3nico al Organizador del Evento.<\/em><\/p>\n\n\n\n<p><em>Se puede reembolsar el 50% si la fiesta se cancela entre 7 y 14 d\u00edas antes de la fecha\/hora de la reserva, mediante notificaci\u00f3n por correo electr\u00f3nico al organizador del evento.<\/em><\/p>\n\n\n\n<p><em>No se har\u00e1n devoluciones si la fiesta se cancela con menos de 7 d\u00edas de antelaci\u00f3n a la fecha\/hora de la reserva.<\/em><\/p>\n<\/div><\/div>\n","protected":false},"excerpt":{"rendered":"","protected":false},"author":32,"featured_media":0,"parent":0,"menu_order":0,"comment_status":"closed","ping_status":"closed","template":"","meta":{"footnotes":""},"class_list":["post-4018","page","type-page","status-publish","hentry"],"yoast_head":"<!-- This site is optimized with the Yoast SEO plugin v23.0 - https:\/\/yoast.com\/wordpress\/plugins\/seo\/ -->\n<title>Fiestas de cumplea\u00f1os | Green Bay - The Salvation Army Kroc Center<\/title>\n<meta name=\"robots\" content=\"index, follow, max-snippet:-1, max-image-preview:large, max-video-preview:-1\" \/>\n<link rel=\"canonical\" href=\"https:\/\/cms.gbkroccenter.org\/es\/fiestas-de-cumpleanos\/\" \/>\n<meta property=\"og:locale\" content=\"es_ES\" \/>\n<meta property=\"og:type\" content=\"article\" \/>\n<meta property=\"og:title\" content=\"Fiestas de cumplea\u00f1os | Green Bay - The Salvation Army Kroc Center\" \/>\n<meta property=\"og:url\" content=\"https:\/\/cms.gbkroccenter.org\/es\/fiestas-de-cumpleanos\/\" \/>\n<meta property=\"og:site_name\" content=\"Green Bay - The Salvation Army Kroc Center\" \/>\n<meta property=\"article:modified_time\" content=\"2024-07-23T21:21:13+00:00\" \/>\n<meta property=\"og:image\" content=\"https:\/\/cms.gbkroccenter.org\/wp-content\/uploads\/sites\/4\/2024\/01\/Image-1-29-24-at-12.33&#x202F;PM.jpeg\" \/>\n<meta name=\"twitter:card\" content=\"summary_large_image\" \/>\n<script type=\"application\/ld+json\" class=\"yoast-schema-graph\">{\"@context\":\"https:\/\/schema.org\",\"@graph\":[{\"@type\":\"WebPage\",\"@id\":\"https:\/\/cms.gbkroccenter.org\/es\/fiestas-de-cumpleanos\/\",\"url\":\"https:\/\/cms.gbkroccenter.org\/es\/fiestas-de-cumpleanos\/\",\"name\":\"Fiestas de cumplea\u00f1os | Green Bay - The Salvation Army Kroc Center\",\"isPartOf\":{\"@id\":\"https:\/\/cms.gbkroccenter.org\/es\/#website\"},\"primaryImageOfPage\":{\"@id\":\"https:\/\/cms.gbkroccenter.org\/es\/fiestas-de-cumpleanos\/#primaryimage\"},\"image\":{\"@id\":\"https:\/\/cms.gbkroccenter.org\/es\/fiestas-de-cumpleanos\/#primaryimage\"},\"thumbnailUrl\":\"https:\/\/cms.gbkroccenter.org\/wp-content\/uploads\/sites\/4\/2024\/01\/Image-1-29-24-at-12.33&#x202F;PM.jpeg\",\"datePublished\":\"2022-08-16T18:51:49+00:00\",\"dateModified\":\"2024-07-23T21:21:13+00:00\",\"breadcrumb\":{\"@id\":\"https:\/\/cms.gbkroccenter.org\/es\/fiestas-de-cumpleanos\/#breadcrumb\"},\"inLanguage\":\"es\",\"potentialAction\":[{\"@type\":\"ReadAction\",\"target\":[\"https:\/\/cms.gbkroccenter.org\/es\/fiestas-de-cumpleanos\/\"]}]},{\"@type\":\"ImageObject\",\"inLanguage\":\"es\",\"@id\":\"https:\/\/cms.gbkroccenter.org\/es\/fiestas-de-cumpleanos\/#primaryimage\",\"url\":\"https:\/\/cms.gbkroccenter.org\/wp-content\/uploads\/sites\/4\/2024\/01\/Image-1-29-24-at-12.33&#x202F;PM.jpeg\",\"contentUrl\":\"https:\/\/cms.gbkroccenter.org\/wp-content\/uploads\/sites\/4\/2024\/01\/Image-1-29-24-at-12.33&#x202F;PM.jpeg\"},{\"@type\":\"BreadcrumbList\",\"@id\":\"https:\/\/cms.gbkroccenter.org\/es\/fiestas-de-cumpleanos\/#breadcrumb\",\"itemListElement\":[{\"@type\":\"ListItem\",\"position\":1,\"name\":\"Home\",\"item\":\"https:\/\/cms.gbkroccenter.org\/es\/\"},{\"@type\":\"ListItem\",\"position\":2,\"name\":\"Fiestas de cumplea\u00f1os\"}]},{\"@type\":\"WebSite\",\"@id\":\"https:\/\/cms.gbkroccenter.org\/es\/#website\",\"url\":\"https:\/\/cms.gbkroccenter.org\/es\/\",\"name\":\"Green Bay - The Salvation Army Kroc Center\",\"description\":\"\",\"publisher\":{\"@id\":\"https:\/\/cms.gbkroccenter.org\/es\/#organization\"},\"potentialAction\":[{\"@type\":\"SearchAction\",\"target\":{\"@type\":\"EntryPoint\",\"urlTemplate\":\"https:\/\/cms.gbkroccenter.org\/es\/?s={search_term_string}\"},\"query-input\":\"required name=search_term_string\"}],\"inLanguage\":\"es\"},{\"@type\":\"Organization\",\"@id\":\"https:\/\/cms.gbkroccenter.org\/es\/#organization\",\"name\":\"The Salvation Army Kroc Center\",\"url\":\"https:\/\/cms.gbkroccenter.org\/es\/\",\"logo\":{\"@type\":\"ImageObject\",\"inLanguage\":\"es\",\"@id\":\"https:\/\/cms.gbkroccenter.org\/es\/#\/schema\/logo\/image\/\",\"url\":\"\",\"contentUrl\":\"\",\"caption\":\"The Salvation Army Kroc Center\"},\"image\":{\"@id\":\"https:\/\/cms.gbkroccenter.org\/es\/#\/schema\/logo\/image\/\"}}]}<\/script>\n<!-- \/ Yoast SEO plugin. -->","yoast_head_json":{"title":"Fiestas de cumplea\u00f1os | Green Bay - The Salvation Army Kroc Center","robots":{"index":"index","follow":"follow","max-snippet":"max-snippet:-1","max-image-preview":"max-image-preview:large","max-video-preview":"max-video-preview:-1"},"canonical":"https:\/\/cms.gbkroccenter.org\/es\/fiestas-de-cumpleanos\/","og_locale":"es_ES","og_type":"article","og_title":"Fiestas de cumplea\u00f1os | Green Bay - The Salvation Army Kroc Center","og_url":"https:\/\/cms.gbkroccenter.org\/es\/fiestas-de-cumpleanos\/","og_site_name":"Green Bay - The Salvation Army Kroc Center","article_modified_time":"2024-07-23T21:21:13+00:00","og_image":[{"url":"https:\/\/cms.gbkroccenter.org\/wp-content\/uploads\/sites\/4\/2024\/01\/Image-1-29-24-at-12.33&#x202F;PM.jpeg"}],"twitter_card":"summary_large_image","schema":{"@context":"https:\/\/schema.org","@graph":[{"@type":"WebPage","@id":"https:\/\/cms.gbkroccenter.org\/es\/fiestas-de-cumpleanos\/","url":"https:\/\/cms.gbkroccenter.org\/es\/fiestas-de-cumpleanos\/","name":"Fiestas de cumplea\u00f1os | Green Bay - The Salvation Army Kroc Center","isPartOf":{"@id":"https:\/\/cms.gbkroccenter.org\/es\/#website"},"primaryImageOfPage":{"@id":"https:\/\/cms.gbkroccenter.org\/es\/fiestas-de-cumpleanos\/#primaryimage"},"image":{"@id":"https:\/\/cms.gbkroccenter.org\/es\/fiestas-de-cumpleanos\/#primaryimage"},"thumbnailUrl":"https:\/\/cms.gbkroccenter.org\/wp-content\/uploads\/sites\/4\/2024\/01\/Image-1-29-24-at-12.33&#x202F;PM.jpeg","datePublished":"2022-08-16T18:51:49+00:00","dateModified":"2024-07-23T21:21:13+00:00","breadcrumb":{"@id":"https:\/\/cms.gbkroccenter.org\/es\/fiestas-de-cumpleanos\/#breadcrumb"},"inLanguage":"es","potentialAction":[{"@type":"ReadAction","target":["https:\/\/cms.gbkroccenter.org\/es\/fiestas-de-cumpleanos\/"]}]},{"@type":"ImageObject","inLanguage":"es","@id":"https:\/\/cms.gbkroccenter.org\/es\/fiestas-de-cumpleanos\/#primaryimage","url":"https:\/\/cms.gbkroccenter.org\/wp-content\/uploads\/sites\/4\/2024\/01\/Image-1-29-24-at-12.33&#x202F;PM.jpeg","contentUrl":"https:\/\/cms.gbkroccenter.org\/wp-content\/uploads\/sites\/4\/2024\/01\/Image-1-29-24-at-12.33&#x202F;PM.jpeg"},{"@type":"BreadcrumbList","@id":"https:\/\/cms.gbkroccenter.org\/es\/fiestas-de-cumpleanos\/#breadcrumb","itemListElement":[{"@type":"ListItem","position":1,"name":"Home","item":"https:\/\/cms.gbkroccenter.org\/es\/"},{"@type":"ListItem","position":2,"name":"Fiestas de cumplea\u00f1os"}]},{"@type":"WebSite","@id":"https:\/\/cms.gbkroccenter.org\/es\/#website","url":"https:\/\/cms.gbkroccenter.org\/es\/","name":"Green Bay - The Salvation Army Kroc Center","description":"","publisher":{"@id":"https:\/\/cms.gbkroccenter.org\/es\/#organization"},"potentialAction":[{"@type":"SearchAction","target":{"@type":"EntryPoint","urlTemplate":"https:\/\/cms.gbkroccenter.org\/es\/?s={search_term_string}"},"query-input":"required name=search_term_string"}],"inLanguage":"es"},{"@type":"Organization","@id":"https:\/\/cms.gbkroccenter.org\/es\/#organization","name":"The Salvation Army Kroc Center","url":"https:\/\/cms.gbkroccenter.org\/es\/","logo":{"@type":"ImageObject","inLanguage":"es","@id":"https:\/\/cms.gbkroccenter.org\/es\/#\/schema\/logo\/image\/","url":"","contentUrl":"","caption":"The Salvation Army Kroc Center"},"image":{"@id":"https:\/\/cms.gbkroccenter.org\/es\/#\/schema\/logo\/image\/"}}]}},"featured_image_src":null,"featured_image_src_square":null,"_links":{"self":[{"href":"https:\/\/cms.gbkroccenter.org\/es\/wp-json\/wp\/v2\/pages\/4018","targetHints":{"allow":["GET"]}}],"collection":[{"href":"https:\/\/cms.gbkroccenter.org\/es\/wp-json\/wp\/v2\/pages"}],"about":[{"href":"https:\/\/cms.gbkroccenter.org\/es\/wp-json\/wp\/v2\/types\/page"}],"author":[{"embeddable":true,"href":"https:\/\/cms.gbkroccenter.org\/es\/wp-json\/wp\/v2\/users\/32"}],"replies":[{"embeddable":true,"href":"https:\/\/cms.gbkroccenter.org\/es\/wp-json\/wp\/v2\/comments?post=4018"}],"version-history":[{"count":0,"href":"https:\/\/cms.gbkroccenter.org\/es\/wp-json\/wp\/v2\/pages\/4018\/revisions"}],"wp:attachment":[{"href":"https:\/\/cms.gbkroccenter.org\/es\/wp-json\/wp\/v2\/media?parent=4018"}],"curies":[{"name":"wp","href":"https:\/\/api.w.org\/{rel}","templated":true}]}}