{"id":4020,"date":"2021-06-11T12:32:28","date_gmt":"2021-06-11T16:32:28","guid":{"rendered":"https:\/\/cms.gbkroccenter.org\/iglesia-kroc\/"},"modified":"2025-03-06T10:30:36","modified_gmt":"2025-03-06T15:30:36","slug":"iglesia-kroc","status":"publish","type":"page","link":"https:\/\/cms.gbkroccenter.org\/es\/iglesia-kroc\/","title":{"rendered":"Iglesia Kroc"},"content":{"rendered":"\n<div class=\"wp-block-kroc-free-text-area section\"><div class=\"container\">\n<div class=\"wp-block-media-text alignwide is-stacked-on-mobile\" style=\"grid-template-columns:39% auto\"><figure class=\"wp-block-media-text__media\"><img loading=\"lazy\" decoding=\"async\" width=\"1024\" height=\"936\" src=\"https:\/\/cms.gbkroccenter.org\/wp-content\/uploads\/sites\/4\/2021\/09\/Screen-Shot-2021-09-09-at-12.55.43-PM-1024x936.png\" alt=\"Vista arial de personas reunidas en forma de cruz.\" class=\"wp-image-1074 size-full\" srcset=\"https:\/\/cms.gbkroccenter.org\/wp-content\/uploads\/sites\/4\/2021\/09\/Screen-Shot-2021-09-09-at-12.55.43-PM-1024x936.png 1024w, https:\/\/cms.gbkroccenter.org\/wp-content\/uploads\/sites\/4\/2021\/09\/Screen-Shot-2021-09-09-at-12.55.43-PM-300x274.png 300w, https:\/\/cms.gbkroccenter.org\/wp-content\/uploads\/sites\/4\/2021\/09\/Screen-Shot-2021-09-09-at-12.55.43-PM-768x702.png 768w, https:\/\/cms.gbkroccenter.org\/wp-content\/uploads\/sites\/4\/2021\/09\/Screen-Shot-2021-09-09-at-12.55.43-PM.png 1138w\" sizes=\"auto, (max-width: 1024px) 100vw, 1024px\" \/><\/figure><div class=\"wp-block-media-text__content\">\n<h1 class=\"wp-block-heading\">Adora con nosotros<\/h1>\n\n\n\n<h2 class=\"wp-block-heading\">Bienvenido a la Iglesia Kroc<\/h2>\n\n\n\n<p>En la Iglesia Kroc nos esforzamos por ser honestos sobre qui\u00e9nes somos, y nuestro objetivo es simplemente glorificar a Dios con nuestras vidas; es la gracia de Dios lo que nos motiva. Esperamos apuntar a nuestra comunidad hacia Jes\u00fas. <\/p>\n\n\n\n<p>La Iglesia Kroc es un grupo de personas con el deseo com\u00fan de seguir y amar a Jes\u00fas. Formar parte del Centro Kroc del Ej\u00e9rcito de Salvaci\u00f3n nos permite diversas formas de crear comunidad. No importa qui\u00e9n seas o d\u00f3nde te encuentres en la vida, si quieres acercarte a Jes\u00fas y quieres construir una comunidad cristiana, nos encantar\u00eda que te unieras a nosotros.    <a href=\"https:\/\/www.gbkroccenter.org\/es\/iglesia-kroc\/lo-que-creemos\/\">Lee m\u00e1s sobre lo que creemos.<\/a><\/p>\n<\/div><\/div>\n<\/div><\/div>\n\n<div class=\"wp-block-kroc-free-text-area section has-light-blue-background-color has-background\"><div class=\"container\">\n<h1 class=\"wp-block-heading\">CULTO SEMANAL<br\/>Servicio dominical<\/h1>\n\n\n\n<h2 class=\"wp-block-heading\">10:00 horas<\/h2>\n\n\n\n<p>Te invitamos a unirte a nosotros en el culto cada semana.<\/p>\n\n\n\n<p id=\"u24963-8\">Cada semana, nos reunimos y adoramos utilizando una mezcla de m\u00fasica contempor\u00e1nea, himnos cl\u00e1sicos, historias de aliento y sermones basados en la verdad b\u00edblica. Damos la bienvenida a todos a la Iglesia Kroc. <\/p>\n\n\n\n<p id=\"u24963-19\">Mantente al d\u00eda de las actividades visit\u00e1ndonos en nuestra <a href=\"https:\/\/www.facebook.com\/KrocCenterGB\" target=\"_blank\" rel=\"noreferrer noopener\"><strong>P\u00e1gina de Facebook<\/strong><\/a> y en nuestro <strong><a href=\"https:\/\/www.facebook.com\/groups\/1250108875116801\/\" target=\"_blank\" rel=\"noreferrer noopener\">Grupo de Facebook de la Iglesia Kroc<\/a><\/strong>. \u00a1\u00danete a nosotros! <\/p>\n<\/div><\/div>\n\n<div class=\"wp-block-kroc-free-text-area section\"><div class=\"container\">\n<div class=\"wp-block-media-text alignwide has-media-on-the-right is-stacked-on-mobile is-image-fill\" style=\"grid-template-columns:auto 32%\"><div class=\"wp-block-media-text__content\">\n<p class=\"has-large-font-size\">Nuestros voluntarios<\/p>\n\n\n\n<p>Los miembros de la Iglesia Kroc ofrecen generosamente su tiempo y sus talentos para ayudarnos a servir a los dem\u00e1s y hacer el mayor bien posible. Desde dirigir estudios b\u00edblicos y grupos peque\u00f1os hasta preparar comida para nuestras Comidas Familiares, estamos agradecidos y bendecidos con una comunidad incre\u00edble. <\/p>\n<\/div><figure class=\"wp-block-media-text__media\" style=\"background-image:url(https:\/\/cms.gbkroccenter.org\/wp-content\/uploads\/sites\/4\/2021\/09\/Screen-Shot-2021-09-15-at-11.09.56-AM.png);background-position:50% 50%\"><img loading=\"lazy\" decoding=\"async\" width=\"1010\" height=\"670\" src=\"https:\/\/cms.gbkroccenter.org\/wp-content\/uploads\/sites\/4\/2021\/09\/Screen-Shot-2021-09-15-at-11.09.56-AM.png\" alt=\"Una voluntaria mete comida en recipientes para llevar como parte de nuestro programa Cenas en Familia.\" class=\"wp-image-1392 size-full\" srcset=\"https:\/\/cms.gbkroccenter.org\/wp-content\/uploads\/sites\/4\/2021\/09\/Screen-Shot-2021-09-15-at-11.09.56-AM.png 1010w, https:\/\/cms.gbkroccenter.org\/wp-content\/uploads\/sites\/4\/2021\/09\/Screen-Shot-2021-09-15-at-11.09.56-AM-300x199.png 300w, https:\/\/cms.gbkroccenter.org\/wp-content\/uploads\/sites\/4\/2021\/09\/Screen-Shot-2021-09-15-at-11.09.56-AM-768x509.png 768w\" sizes=\"auto, (max-width: 1010px) 100vw, 1010px\" \/><\/figure><\/div>\n<\/div><\/div>\n\n<div class=\"wp-block-genesis-blocks-gb-columns gb-layout-team-1 gb-layout-team-round-avatar gb-layout-columns-1 gb-1-col-equal gb-has-custom-background-color gb-columns-center alignfull\" style=\"background-color:#f1f1f1\"><div class=\"gb-layout-column-wrap gb-block-layout-column-gap-2 gb-is-responsive-column\" style=\"max-width:1200px\">\n<div class=\"wp-block-genesis-blocks-gb-column gb-block-layout-column\"><div class=\"gb-block-layout-column-inner\">\n<div style=\"margin-bottom:5%\" class=\"wp-block-genesis-blocks-gb-container gb-block-container\"><div class=\"gb-container-inside\"><div class=\"gb-container-content\" style=\"max-width:700px\">\n<h2 class=\"wp-block-heading has-text-align-center\"><strong>Conoce al equipo de la Iglesia Kroc<\/strong><\/h2>\n\n\n\n<p><\/p>\n<\/div><\/div><\/div>\n\n\n\n<div class=\"wp-block-genesis-blocks-gb-columns gb-layout-columns-4 gb-4-col-equal\"><div class=\"gb-layout-column-wrap gb-block-layout-column-gap-2 gb-is-responsive-column\">\n<div class=\"wp-block-genesis-blocks-gb-column gb-block-layout-column\"><div class=\"gb-block-layout-column-inner\">\n<div style=\"background-color:#f2f2f2;color:#32373c\" class=\"wp-block-genesis-blocks-gb-profile-box round gb-has-avatar gb-font-size-18 gb-block-profile gb-profile-columns\"><div class=\"gb-profile-column gb-profile-avatar-wrap\"><div class=\"gb-profile-image-wrap\"><figure class=\"gb-profile-image-square\"><img loading=\"lazy\" decoding=\"async\" width=\"1080\" height=\"1080\" class=\"gb-profile-avatar wp-image-4450\" src=\"https:\/\/cms.gbkroccenter.org\/wp-content\/uploads\/sites\/4\/2024\/12\/FitzgeraldCatherineMajor.jpg\" alt=\"\" srcset=\"https:\/\/cms.gbkroccenter.org\/wp-content\/uploads\/sites\/4\/2024\/12\/FitzgeraldCatherineMajor.jpg 1080w, https:\/\/cms.gbkroccenter.org\/wp-content\/uploads\/sites\/4\/2024\/12\/FitzgeraldCatherineMajor-300x300.jpg 300w, https:\/\/cms.gbkroccenter.org\/wp-content\/uploads\/sites\/4\/2024\/12\/FitzgeraldCatherineMajor-1024x1024.jpg 1024w, https:\/\/cms.gbkroccenter.org\/wp-content\/uploads\/sites\/4\/2024\/12\/FitzgeraldCatherineMajor-150x150.jpg 150w, https:\/\/cms.gbkroccenter.org\/wp-content\/uploads\/sites\/4\/2024\/12\/FitzgeraldCatherineMajor-768x768.jpg 768w, https:\/\/cms.gbkroccenter.org\/wp-content\/uploads\/sites\/4\/2024\/12\/FitzgeraldCatherineMajor-600x600.jpg 600w\" sizes=\"auto, (max-width: 1080px) 100vw, 1080px\" \/><\/figure><\/div><\/div><div class=\"gb-profile-column gb-profile-content-wrap\"><h2 class=\"gb-profile-name\" style=\"color:#32373c\">Mayor Catherine Fitzgerald<\/h2><p class=\"gb-profile-title\" style=\"color:#32373c\">Coordinador del \u00c1rea de Green Bay<\/p><div class=\"gb-profile-text\"><\/div><ul class=\"gb-social-links\"><\/ul><\/div><\/div>\n<\/div><\/div>\n\n\n\n<div class=\"wp-block-genesis-blocks-gb-column gb-block-layout-column\"><div class=\"gb-block-layout-column-inner\">\n<div style=\"background-color:#f2f2f2;color:#32373c\" class=\"wp-block-genesis-blocks-gb-profile-box round gb-has-avatar gb-font-size-18 gb-block-profile gb-profile-columns\"><div class=\"gb-profile-column gb-profile-avatar-wrap\"><div class=\"gb-profile-image-wrap\"><figure class=\"gb-profile-image-square\"><img loading=\"lazy\" decoding=\"async\" width=\"1080\" height=\"1080\" class=\"gb-profile-avatar wp-image-4454\" src=\"https:\/\/cms.gbkroccenter.org\/wp-content\/uploads\/sites\/4\/2024\/12\/FitzgeraldJonathanMajor.jpg\" alt=\"\" srcset=\"https:\/\/cms.gbkroccenter.org\/wp-content\/uploads\/sites\/4\/2024\/12\/FitzgeraldJonathanMajor.jpg 1080w, https:\/\/cms.gbkroccenter.org\/wp-content\/uploads\/sites\/4\/2024\/12\/FitzgeraldJonathanMajor-300x300.jpg 300w, https:\/\/cms.gbkroccenter.org\/wp-content\/uploads\/sites\/4\/2024\/12\/FitzgeraldJonathanMajor-1024x1024.jpg 1024w, https:\/\/cms.gbkroccenter.org\/wp-content\/uploads\/sites\/4\/2024\/12\/FitzgeraldJonathanMajor-150x150.jpg 150w, https:\/\/cms.gbkroccenter.org\/wp-content\/uploads\/sites\/4\/2024\/12\/FitzgeraldJonathanMajor-768x768.jpg 768w, https:\/\/cms.gbkroccenter.org\/wp-content\/uploads\/sites\/4\/2024\/12\/FitzgeraldJonathanMajor-600x600.jpg 600w\" sizes=\"auto, (max-width: 1080px) 100vw, 1080px\" \/><\/figure><\/div><\/div><div class=\"gb-profile-column gb-profile-content-wrap\"><h2 class=\"gb-profile-name\" style=\"color:#32373c\">Mayor Jonathan Fitzgerald<\/h2><p class=\"gb-profile-title\" style=\"color:#32373c\">Oficial Superior del Centro Kroc<\/p><div class=\"gb-profile-text\"><\/div><ul class=\"gb-social-links\"><\/ul><\/div><\/div>\n<\/div><\/div>\n\n\n\n<div class=\"wp-block-genesis-blocks-gb-column gb-block-layout-column\"><div class=\"gb-block-layout-column-inner\">\n<div style=\"background-color:#f2f2f2;color:#32373c\" class=\"wp-block-genesis-blocks-gb-profile-box round gb-has-avatar gb-font-size-18 gb-block-profile gb-profile-columns\"><div class=\"gb-profile-column gb-profile-avatar-wrap\"><div class=\"gb-profile-image-wrap\"><figure class=\"gb-profile-image-square\"><img loading=\"lazy\" decoding=\"async\" width=\"2049\" height=\"2560\" class=\"gb-profile-avatar wp-image-2090\" src=\"https:\/\/cms.gbkroccenter.org\/wp-content\/uploads\/sites\/4\/2022\/11\/Hartley-J-scaled.jpg\" alt=\"\" srcset=\"https:\/\/cms.gbkroccenter.org\/wp-content\/uploads\/sites\/4\/2022\/11\/Hartley-J-scaled.jpg 2049w, https:\/\/cms.gbkroccenter.org\/wp-content\/uploads\/sites\/4\/2022\/11\/Hartley-J-240x300.jpg 240w, https:\/\/cms.gbkroccenter.org\/wp-content\/uploads\/sites\/4\/2022\/11\/Hartley-J-819x1024.jpg 819w, https:\/\/cms.gbkroccenter.org\/wp-content\/uploads\/sites\/4\/2022\/11\/Hartley-J-768x960.jpg 768w, https:\/\/cms.gbkroccenter.org\/wp-content\/uploads\/sites\/4\/2022\/11\/Hartley-J-1229x1536.jpg 1229w, https:\/\/cms.gbkroccenter.org\/wp-content\/uploads\/sites\/4\/2022\/11\/Hartley-J-1639x2048.jpg 1639w\" sizes=\"auto, (max-width: 2049px) 100vw, 2049px\" \/><\/figure><\/div><\/div><div class=\"gb-profile-column gb-profile-content-wrap\"><h2 class=\"gb-profile-name\" style=\"color:#32373c\">Capit\u00e1n Justin Hartley<\/h2><p class=\"gb-profile-title\" style=\"color:#32373c\">Responsable de Vida Congregacional e Integraci\u00f3n de la Misi\u00f3n<\/p><div class=\"gb-profile-text\"><\/div><ul class=\"gb-social-links\"><\/ul><\/div><\/div>\n<\/div><\/div>\n\n\n\n<div class=\"wp-block-genesis-blocks-gb-column gb-block-layout-column\"><div class=\"gb-block-layout-column-inner\">\n<div style=\"background-color:#f2f2f2;color:#32373c\" class=\"wp-block-genesis-blocks-gb-profile-box round gb-has-avatar gb-font-size-18 gb-block-profile gb-profile-columns\"><div class=\"gb-profile-column gb-profile-avatar-wrap\"><div class=\"gb-profile-image-wrap\"><figure class=\"gb-profile-image-square\"><img loading=\"lazy\" decoding=\"async\" width=\"2048\" height=\"2560\" class=\"gb-profile-avatar wp-image-2091\" src=\"https:\/\/cms.gbkroccenter.org\/wp-content\/uploads\/sites\/4\/2022\/11\/Hartley-S-scaled.jpg\" alt=\"\" srcset=\"https:\/\/cms.gbkroccenter.org\/wp-content\/uploads\/sites\/4\/2022\/11\/Hartley-S-scaled.jpg 2048w, https:\/\/cms.gbkroccenter.org\/wp-content\/uploads\/sites\/4\/2022\/11\/Hartley-S-240x300.jpg 240w, https:\/\/cms.gbkroccenter.org\/wp-content\/uploads\/sites\/4\/2022\/11\/Hartley-S-819x1024.jpg 819w, https:\/\/cms.gbkroccenter.org\/wp-content\/uploads\/sites\/4\/2022\/11\/Hartley-S-768x960.jpg 768w, https:\/\/cms.gbkroccenter.org\/wp-content\/uploads\/sites\/4\/2022\/11\/Hartley-S-1229x1536.jpg 1229w, https:\/\/cms.gbkroccenter.org\/wp-content\/uploads\/sites\/4\/2022\/11\/Hartley-S-1638x2048.jpg 1638w\" sizes=\"auto, (max-width: 2048px) 100vw, 2048px\" \/><\/figure><\/div><\/div><div class=\"gb-profile-column gb-profile-content-wrap\"><h2 class=\"gb-profile-name\" style=\"color:#32373c\">Capitana Stephanie Hartley<\/h2><p class=\"gb-profile-title\" style=\"color:#32373c\">Responsable de Vida Congregacional e Integraci\u00f3n de la Misi\u00f3n<\/p><div class=\"gb-profile-text\"><\/div><ul class=\"gb-social-links\"><\/ul><\/div><\/div>\n<\/div><\/div>\n<\/div><\/div>\n<\/div><\/div>\n<\/div><\/div>\n\n<div class=\"wp-block-kroc-free-text-area section\"><div class=\"container\">\n<h2 class=\"wp-block-heading has-text-align-center\">\u00a1Hay muchas formas de conectar con la Iglesia Kroc!<\/h2>\n\n\n\n<div class=\"row is-layout-flex wp-container-core-columns-is-layout-9d6595d7 wp-block-columns-is-layout-flex\">\n<div class=\"col-md is-layout-flow wp-block-column-is-layout-flow\" style=\"flex-basis:20%\">\n<div class=\"wp-block-kroc-free-text-area section has-orange-background-color has-background\"><div class=\"container\">\n<p class=\"has-text-align-center has-black-color has-text-color\"><a href=\"http:\/\/eepurl.com\/hqpEfb\"><strong>\u00danete a nuestra<\/strong> <strong>Lista de correo<\/strong><\/a><\/p>\n<\/div><\/div>\n<\/div>\n\n\n\n<div class=\"col-md is-layout-flow wp-block-column-is-layout-flow\" style=\"flex-basis:20%\">\n<div class=\"wp-block-kroc-free-text-area section has-gold-background-color has-background\"><div class=\"container\">\n<p class=\"has-text-align-center has-black-color has-text-color has-normal-font-size\"><a href=\"https:\/\/www.facebook.com\/groups\/1250108875116801\" target=\"_blank\" rel=\"noreferrer noopener\"><strong>Grupo de Facebook de la Iglesia Kroc<\/strong><\/a><\/p>\n<\/div><\/div>\n<\/div>\n\n\n\n<div class=\"col-md is-layout-flow wp-block-column-is-layout-flow\" style=\"flex-basis:20%\">\n<div class=\"wp-block-kroc-free-text-area section has-black-color has-light-blue-background-color has-text-color has-background\"><div class=\"container\">\n<p class=\"has-text-align-center has-black-color has-text-color has-normal-font-size\"><strong><a href=\"https:\/\/gbkroccenter.org\/kroc-church\/prayer-request\">Env\u00eda una petici\u00f3n de oraci\u00f3n<\/a><\/strong><\/p>\n<\/div><\/div>\n<\/div>\n<\/div>\n<\/div><\/div>\n","protected":false},"excerpt":{"rendered":"","protected":false},"author":7,"featured_media":0,"parent":0,"menu_order":0,"comment_status":"closed","ping_status":"closed","template":"","meta":{"footnotes":""},"class_list":["post-4020","page","type-page","status-publish","hentry"],"yoast_head":"<!-- This site is optimized with the Yoast SEO plugin v23.0 - https:\/\/yoast.com\/wordpress\/plugins\/seo\/ -->\n<title>Iglesia Kroc | Green Bay - The Salvation Army Kroc Center<\/title>\n<meta name=\"description\" content=\"Bienvenido a la Iglesia Kroc. \u00danete a nosotros para el culto, el Estudio B\u00edblico o el culto en grupos peque\u00f1os, y forma parte de nuestra comunidad eclesial.\" \/>\n<meta name=\"robots\" content=\"index, follow, max-snippet:-1, max-image-preview:large, max-video-preview:-1\" \/>\n<link rel=\"canonical\" href=\"https:\/\/cms.gbkroccenter.org\/es\/iglesia-kroc\/\" \/>\n<meta property=\"og:locale\" content=\"es_ES\" \/>\n<meta property=\"og:type\" content=\"article\" \/>\n<meta property=\"og:title\" content=\"Iglesia Kroc | Green Bay - The Salvation Army Kroc Center\" \/>\n<meta property=\"og:description\" content=\"Bienvenido a la Iglesia Kroc. \u00danete a nosotros para el culto, el Estudio B\u00edblico o el culto en grupos peque\u00f1os, y forma parte de nuestra comunidad eclesial.\" \/>\n<meta property=\"og:url\" content=\"https:\/\/cms.gbkroccenter.org\/es\/iglesia-kroc\/\" \/>\n<meta property=\"og:site_name\" content=\"Green Bay - The Salvation Army Kroc Center\" \/>\n<meta property=\"article:modified_time\" content=\"2025-03-06T15:30:36+00:00\" \/>\n<meta property=\"og:image\" content=\"https:\/\/cms.gbkroccenter.org\/wp-content\/uploads\/sites\/4\/2021\/09\/Screen-Shot-2021-09-09-at-12.55.43-PM-1024x936.png\" \/>\n<meta name=\"twitter:card\" content=\"summary_large_image\" \/>\n<script type=\"application\/ld+json\" class=\"yoast-schema-graph\">{\"@context\":\"https:\/\/schema.org\",\"@graph\":[{\"@type\":\"WebPage\",\"@id\":\"https:\/\/cms.gbkroccenter.org\/es\/iglesia-kroc\/\",\"url\":\"https:\/\/cms.gbkroccenter.org\/es\/iglesia-kroc\/\",\"name\":\"Iglesia Kroc | Green Bay - The Salvation Army Kroc Center\",\"isPartOf\":{\"@id\":\"https:\/\/cms.gbkroccenter.org\/es\/#website\"},\"primaryImageOfPage\":{\"@id\":\"https:\/\/cms.gbkroccenter.org\/es\/iglesia-kroc\/#primaryimage\"},\"image\":{\"@id\":\"https:\/\/cms.gbkroccenter.org\/es\/iglesia-kroc\/#primaryimage\"},\"thumbnailUrl\":\"https:\/\/cms.gbkroccenter.org\/wp-content\/uploads\/sites\/4\/2021\/09\/Screen-Shot-2021-09-09-at-12.55.43-PM-1024x936.png\",\"datePublished\":\"2021-06-11T16:32:28+00:00\",\"dateModified\":\"2025-03-06T15:30:36+00:00\",\"description\":\"Bienvenido a la Iglesia Kroc. \u00danete a nosotros para el culto, el Estudio B\u00edblico o el culto en grupos peque\u00f1os, y forma parte de nuestra comunidad eclesial.\",\"breadcrumb\":{\"@id\":\"https:\/\/cms.gbkroccenter.org\/es\/iglesia-kroc\/#breadcrumb\"},\"inLanguage\":\"es\",\"potentialAction\":[{\"@type\":\"ReadAction\",\"target\":[\"https:\/\/cms.gbkroccenter.org\/es\/iglesia-kroc\/\"]}]},{\"@type\":\"ImageObject\",\"inLanguage\":\"es\",\"@id\":\"https:\/\/cms.gbkroccenter.org\/es\/iglesia-kroc\/#primaryimage\",\"url\":\"https:\/\/cms.gbkroccenter.org\/wp-content\/uploads\/sites\/4\/2021\/09\/Screen-Shot-2021-09-09-at-12.55.43-PM-1024x936.png\",\"contentUrl\":\"https:\/\/cms.gbkroccenter.org\/wp-content\/uploads\/sites\/4\/2021\/09\/Screen-Shot-2021-09-09-at-12.55.43-PM-1024x936.png\"},{\"@type\":\"BreadcrumbList\",\"@id\":\"https:\/\/cms.gbkroccenter.org\/es\/iglesia-kroc\/#breadcrumb\",\"itemListElement\":[{\"@type\":\"ListItem\",\"position\":1,\"name\":\"Home\",\"item\":\"https:\/\/cms.gbkroccenter.org\/es\/\"},{\"@type\":\"ListItem\",\"position\":2,\"name\":\"Iglesia Kroc\"}]},{\"@type\":\"WebSite\",\"@id\":\"https:\/\/cms.gbkroccenter.org\/es\/#website\",\"url\":\"https:\/\/cms.gbkroccenter.org\/es\/\",\"name\":\"Green Bay - The Salvation Army Kroc Center\",\"description\":\"\",\"publisher\":{\"@id\":\"https:\/\/cms.gbkroccenter.org\/es\/#organization\"},\"potentialAction\":[{\"@type\":\"SearchAction\",\"target\":{\"@type\":\"EntryPoint\",\"urlTemplate\":\"https:\/\/cms.gbkroccenter.org\/es\/?s={search_term_string}\"},\"query-input\":\"required name=search_term_string\"}],\"inLanguage\":\"es\"},{\"@type\":\"Organization\",\"@id\":\"https:\/\/cms.gbkroccenter.org\/es\/#organization\",\"name\":\"The Salvation Army Kroc Center\",\"url\":\"https:\/\/cms.gbkroccenter.org\/es\/\",\"logo\":{\"@type\":\"ImageObject\",\"inLanguage\":\"es\",\"@id\":\"https:\/\/cms.gbkroccenter.org\/es\/#\/schema\/logo\/image\/\",\"url\":\"\",\"contentUrl\":\"\",\"caption\":\"The Salvation Army Kroc Center\"},\"image\":{\"@id\":\"https:\/\/cms.gbkroccenter.org\/es\/#\/schema\/logo\/image\/\"}}]}<\/script>\n<!-- \/ Yoast SEO plugin. -->","yoast_head_json":{"title":"Iglesia Kroc | Green Bay - The Salvation Army Kroc Center","description":"Bienvenido a la Iglesia Kroc. \u00danete a nosotros para el culto, el Estudio B\u00edblico o el culto en grupos peque\u00f1os, y forma parte de nuestra comunidad eclesial.","robots":{"index":"index","follow":"follow","max-snippet":"max-snippet:-1","max-image-preview":"max-image-preview:large","max-video-preview":"max-video-preview:-1"},"canonical":"https:\/\/cms.gbkroccenter.org\/es\/iglesia-kroc\/","og_locale":"es_ES","og_type":"article","og_title":"Iglesia Kroc | Green Bay - The Salvation Army Kroc Center","og_description":"Bienvenido a la Iglesia Kroc. \u00danete a nosotros para el culto, el Estudio B\u00edblico o el culto en grupos peque\u00f1os, y forma parte de nuestra comunidad eclesial.","og_url":"https:\/\/cms.gbkroccenter.org\/es\/iglesia-kroc\/","og_site_name":"Green Bay - The Salvation Army Kroc Center","article_modified_time":"2025-03-06T15:30:36+00:00","og_image":[{"url":"https:\/\/cms.gbkroccenter.org\/wp-content\/uploads\/sites\/4\/2021\/09\/Screen-Shot-2021-09-09-at-12.55.43-PM-1024x936.png"}],"twitter_card":"summary_large_image","schema":{"@context":"https:\/\/schema.org","@graph":[{"@type":"WebPage","@id":"https:\/\/cms.gbkroccenter.org\/es\/iglesia-kroc\/","url":"https:\/\/cms.gbkroccenter.org\/es\/iglesia-kroc\/","name":"Iglesia Kroc | Green Bay - The Salvation Army Kroc Center","isPartOf":{"@id":"https:\/\/cms.gbkroccenter.org\/es\/#website"},"primaryImageOfPage":{"@id":"https:\/\/cms.gbkroccenter.org\/es\/iglesia-kroc\/#primaryimage"},"image":{"@id":"https:\/\/cms.gbkroccenter.org\/es\/iglesia-kroc\/#primaryimage"},"thumbnailUrl":"https:\/\/cms.gbkroccenter.org\/wp-content\/uploads\/sites\/4\/2021\/09\/Screen-Shot-2021-09-09-at-12.55.43-PM-1024x936.png","datePublished":"2021-06-11T16:32:28+00:00","dateModified":"2025-03-06T15:30:36+00:00","description":"Bienvenido a la Iglesia Kroc. \u00danete a nosotros para el culto, el Estudio B\u00edblico o el culto en grupos peque\u00f1os, y forma parte de nuestra comunidad eclesial.","breadcrumb":{"@id":"https:\/\/cms.gbkroccenter.org\/es\/iglesia-kroc\/#breadcrumb"},"inLanguage":"es","potentialAction":[{"@type":"ReadAction","target":["https:\/\/cms.gbkroccenter.org\/es\/iglesia-kroc\/"]}]},{"@type":"ImageObject","inLanguage":"es","@id":"https:\/\/cms.gbkroccenter.org\/es\/iglesia-kroc\/#primaryimage","url":"https:\/\/cms.gbkroccenter.org\/wp-content\/uploads\/sites\/4\/2021\/09\/Screen-Shot-2021-09-09-at-12.55.43-PM-1024x936.png","contentUrl":"https:\/\/cms.gbkroccenter.org\/wp-content\/uploads\/sites\/4\/2021\/09\/Screen-Shot-2021-09-09-at-12.55.43-PM-1024x936.png"},{"@type":"BreadcrumbList","@id":"https:\/\/cms.gbkroccenter.org\/es\/iglesia-kroc\/#breadcrumb","itemListElement":[{"@type":"ListItem","position":1,"name":"Home","item":"https:\/\/cms.gbkroccenter.org\/es\/"},{"@type":"ListItem","position":2,"name":"Iglesia Kroc"}]},{"@type":"WebSite","@id":"https:\/\/cms.gbkroccenter.org\/es\/#website","url":"https:\/\/cms.gbkroccenter.org\/es\/","name":"Green Bay - The Salvation Army Kroc Center","description":"","publisher":{"@id":"https:\/\/cms.gbkroccenter.org\/es\/#organization"},"potentialAction":[{"@type":"SearchAction","target":{"@type":"EntryPoint","urlTemplate":"https:\/\/cms.gbkroccenter.org\/es\/?s={search_term_string}"},"query-input":"required name=search_term_string"}],"inLanguage":"es"},{"@type":"Organization","@id":"https:\/\/cms.gbkroccenter.org\/es\/#organization","name":"The Salvation Army Kroc Center","url":"https:\/\/cms.gbkroccenter.org\/es\/","logo":{"@type":"ImageObject","inLanguage":"es","@id":"https:\/\/cms.gbkroccenter.org\/es\/#\/schema\/logo\/image\/","url":"","contentUrl":"","caption":"The Salvation Army Kroc Center"},"image":{"@id":"https:\/\/cms.gbkroccenter.org\/es\/#\/schema\/logo\/image\/"}}]}},"featured_image_src":null,"featured_image_src_square":null,"_links":{"self":[{"href":"https:\/\/cms.gbkroccenter.org\/es\/wp-json\/wp\/v2\/pages\/4020","targetHints":{"allow":["GET"]}}],"collection":[{"href":"https:\/\/cms.gbkroccenter.org\/es\/wp-json\/wp\/v2\/pages"}],"about":[{"href":"https:\/\/cms.gbkroccenter.org\/es\/wp-json\/wp\/v2\/types\/page"}],"author":[{"embeddable":true,"href":"https:\/\/cms.gbkroccenter.org\/es\/wp-json\/wp\/v2\/users\/7"}],"replies":[{"embeddable":true,"href":"https:\/\/cms.gbkroccenter.org\/es\/wp-json\/wp\/v2\/comments?post=4020"}],"version-history":[{"count":0,"href":"https:\/\/cms.gbkroccenter.org\/es\/wp-json\/wp\/v2\/pages\/4020\/revisions"}],"wp:attachment":[{"href":"https:\/\/cms.gbkroccenter.org\/es\/wp-json\/wp\/v2\/media?parent=4020"}],"curies":[{"name":"wp","href":"https:\/\/api.w.org\/{rel}","templated":true}]}}