{"id":4027,"date":"2021-06-08T09:47:41","date_gmt":"2021-06-08T13:47:41","guid":{"rendered":"https:\/\/cms.gbkroccenter.org\/iglesia-kroc\/lo-que-creemos\/"},"modified":"2024-07-23T17:29:25","modified_gmt":"2024-07-23T21:29:25","slug":"lo-que-creemos","status":"publish","type":"page","link":"https:\/\/cms.gbkroccenter.org\/es\/iglesia-kroc\/lo-que-creemos\/","title":{"rendered":"Lo que creemos"},"content":{"rendered":"\n<!-- hero -->\n<section>\n  <a class=\"heroArrow\" tabindex=\"0\" title=\"Scroll Down\"><i class=\"fa fa-angle-down\"><\/i><\/a>\n  <div class=\"chl-block hero-slider\">\n                              <div class=\"home-hero\" style=\"background-image: url(https:\/\/cms.gbkroccenter.org\/wp-content\/uploads\/sites\/4\/2021\/09\/Worship-Header-01.jpg);\">\n              <div class=\"container hero-content\">\n                <div class=\"hero-container\">\n      \t\t\t\t\t\t<h1 class=\"heroText-headline\"><\/h1>\n      \t\t\t\t\t\t<p class=\"heroText-subheadline\"><\/p>\n                                  <\/div>\n    \t\t\t\t\t<\/div>\n            <\/div>\n          \n            <\/div>\n<\/section>\n<!-- \/hero -->\n\n<div class=\"wp-block-kroc-free-text-area section\" style=\"background-image:url(&quot;https:\/\/cms.gbkroccenter.org\/wp-content\/uploads\/sites\/4\/2021\/05\/2b6ab7b1-b77e-4e0c-af92-a7cd02881053_WebTemplate_TheatreBackgroundImage_V2_1024x400pxWood3.png&quot;)\"><div class=\"container\">\n<h2 class=\"wp-block-heading\"><strong>Doctrinas del Ej\u00e9rcito de Salvaci\u00f3n<\/strong><\/h2>\n\n\n\n<p>Cada Centro Kroc es un lugar de culto, con la <a href=\"https:\/\/www.gbkroccenter.org\/es\/saber-mas\/\">misi\u00f3n<\/a> de predicar el evangelio de Jesucristo. Los once art\u00edculos de fe del Ej\u00e9rcito de Salvaci\u00f3n reflejan nuestra determinaci\u00f3n de permanecer fieles a nuestras normas y principios.<\/p>\n\n\n\n<div class=\"row is-layout-flex wp-container-core-columns-is-layout-9d6595d7 wp-block-columns-is-layout-flex\">\n<div class=\"col-md is-layout-flow wp-block-column-is-layout-flow\">\n<ul class=\"wp-block-list\">\n<li>Creemos que las Escrituras del Antiguo y del Nuevo Testamento fueron dadas por inspiraci\u00f3n de Dios, y que s\u00f3lo ellas constituyen la regla divina de la fe y la pr\u00e1ctica cristianas.<\/li>\n\n\n\n<li>Creemos que s\u00f3lo hay un Dios, infinitamente perfecto, Creador, Conservador y Gobernador de todas las cosas, y que es el \u00fanico objeto propio del culto religioso.<\/li>\n\n\n\n<li>Creemos que hay tres personas en la Divinidad: el Padre, el Hijo y el Esp\u00edritu Santo, indivisos en esencia y co-iguales en poder y gloria.<\/li>\n\n\n\n<li>Creemos que en la persona de Jesucristo se unen las naturalezas divina y humana, de modo que \u00c9l es verdadera y propiamente Dios y verdadera y propiamente hombre.<\/li>\n<\/ul>\n<\/div>\n\n\n\n<div class=\"col-md is-layout-flow wp-block-column-is-layout-flow\">\n<ul class=\"wp-block-list\">\n<li>Creemos que nuestros primeros padres fueron creados en estado de inocencia, pero que, por su desobediencia, perdieron su pureza y felicidad, y que, como consecuencia de su ca\u00edda, todos los hombres se han convertido en pecadores, totalmente depravados, y como tales est\u00e1n justamente expuestos a la ira de Dios.<\/li>\n\n\n\n<li>Creemos que el Se\u00f1or Jesucristo, mediante su sufrimiento y muerte, ha hecho expiaci\u00f3n por todo el mundo para que todo el que crea en \u00e9l se salve.<\/li>\n\n\n\n<li>Creemos que el arrepentimiento hacia Dios, la fe en nuestro Se\u00f1or Jesucristo y la regeneraci\u00f3n por el Esp\u00edritu Santo son necesarios para la salvaci\u00f3n.<\/li>\n<\/ul>\n<\/div>\n\n\n\n<div class=\"col-md is-layout-flow wp-block-column-is-layout-flow\">\n<ul class=\"wp-block-list\">\n<li>Creemos que somos justificados por gracia mediante la fe en nuestro Se\u00f1or Jesucristo y que el que cree tiene el testimonio en s\u00ed mismo.<\/li>\n\n\n\n<li>Creemos que la permanencia en un estado de salvaci\u00f3n depende de una fe obediente y continuada en Cristo.<\/li>\n\n\n\n<li>Creemos que es privilegio de todos los creyentes ser enteramente santificados, y que todo su esp\u00edritu, alma y cuerpo sean preservados irreprensibles hasta la venida de nuestro Se\u00f1or Jesucristo.<\/li>\n\n\n\n<li>Creemos en la inmortalidad del alma, en la resurrecci\u00f3n del cuerpo, en el juicio general del fin del mundo, en la felicidad eterna de los justos y en el castigo sin fin de los malvados.<\/li>\n<\/ul>\n<\/div>\n<\/div>\n<\/div><\/div>\n\n<div class=\"wp-block-kroc-free-text-area section has-navy-background-color has-background\"><div class=\"container\">\n<h2 class=\"wp-block-heading\"><strong>Creencias del Centro Kroc de Green Bay<\/strong><\/h2>\n\n\n\n<p>A continuaci\u00f3n encontrar\u00e1s un resumen de lo que la Iglesia Kroc considera que son las cosas m\u00e1s importantes que puedes saber. La historia completa se encuentra en la Biblia, pero hemos extra\u00eddo algunos vers\u00edculos para que sepas que no son s\u00f3lo nuestras palabras, sino las de Dios.<\/p>\n<\/div><\/div>\n<!-- collapsible -->\n<section class=\"collapsible chl-block white\">\n  <div class=\"container\">\n    <div class=\"row\">\n\n                      <div class=\"col-12\">\n          <div class=\"collapse-toggle\">\n            <button class=\"btn btn-toggle gray\" type=\"button\" data-toggle=\"collapse\" data-target=\"#collapse1__VIULO\" aria-expanded=\"false\" aria-controls=\"collapse1__VIULO\">La Buena Creaci\u00f3n<\/button>\n          <\/div>\n\n          <div class=\"collapse container\" id=\"collapse1__VIULO\">\n\n                            <div class=\"collapsible-content row\">\n                                        <div class=\"col-sm\">\n                        <p>Antes de que existiera nada, exist\u00eda Dios (G\u00e9nesis 1:1). Con s\u00f3lo hablar, cre\u00f3 el universo (G\u00e9nesis 1:3). Dios hizo de la raza humana sus embajadores ante el resto de Su creaci\u00f3n y les dio la responsabilidad y el privilegio de cuidarla y gobernarla (G\u00e9nesis 1:27-28). Dios mir\u00f3 todo lo que hab\u00eda hecho y era muy bueno (G\u00e9nesis 1:31).<\/p>\n                      <\/div>\n                                <\/div>\n                        <\/div>\n        <\/div>\n                      <div class=\"col-12\">\n          <div class=\"collapse-toggle\">\n            <button class=\"btn btn-toggle gray\" type=\"button\" data-toggle=\"collapse\" data-target=\"#collapse2__1IRAV\" aria-expanded=\"false\" aria-controls=\"collapse2__1IRAV\">El Sacrificio de Jes\u00fas<\/button>\n          <\/div>\n\n          <div class=\"collapse container\" id=\"collapse2__1IRAV\">\n\n                            <div class=\"collapsible-content row\">\n                                        <div class=\"col-sm\">\n                        <p>Nos hizo para glorificarle y adorarle, pero elegimos perseguir nuestros propios deseos y anhelos en lugar de los de Dios (Romanos 1:21). Esto se llama pecado. A causa del ego\u00edsmo y la rebeli\u00f3n, nos separamos de Dios, por lo que \u00c9l envi\u00f3 bondadosamente a Jes\u00fas, su \u00fanico hijo, a la Tierra (Juan 3:16). Nacido de una virgen (Lucas 1:31-35), Jes\u00fas era 100% hombre y 100% Dios (Filipenses 2:6-7). Aunque fue tentado a hacer el mal igual que nosotros, Jes\u00fas nunca pec\u00f3 (Hebreos 4:15). Su obediencia fue asombrosa, hasta la muerte de cruz (Filipenses 2:8). Esta muerte fue el sacrificio definitivo por todos y cada uno de los pecados que hemos cometido y cometeremos. Es la sangre de Jes\u00fas la que nos justifica y salva de la ira de Dios (Romanos 5:8-9).<\/p>\n                      <\/div>\n                                <\/div>\n                        <\/div>\n        <\/div>\n                      <div class=\"col-12\">\n          <div class=\"collapse-toggle\">\n            <button class=\"btn btn-toggle gray\" type=\"button\" data-toggle=\"collapse\" data-target=\"#collapse3__USBY3\" aria-expanded=\"false\" aria-controls=\"collapse3__USBY3\">La buena noticia<\/button>\n          <\/div>\n\n          <div class=\"collapse container\" id=\"collapse3__USBY3\">\n\n                            <div class=\"collapsible-content row\">\n                                        <div class=\"col-sm\">\n                        <p>Tres d\u00edas despu\u00e9s de la crucifixi\u00f3n, Jes\u00fas resucit\u00f3 de entre los muertos (1 Corintios 15:1-4) demostrando su naturaleza divina y proporcionando este asombroso don de la vida eterna con Dios a cada uno de nosotros que decida creer (Juan 3:16). Al admitir nuestros pecados, someternos a Jes\u00fas como Se\u00f1or y comprometer nuestras vidas a seguir a Jes\u00fas, nos salvamos (Romanos 10:9).<\/p>\n                      <\/div>\n                                <\/div>\n                        <\/div>\n        <\/div>\n                      <div class=\"col-12\">\n          <div class=\"collapse-toggle\">\n            <button class=\"btn btn-toggle gray\" type=\"button\" data-toggle=\"collapse\" data-target=\"#collapse4__HR710\" aria-expanded=\"false\" aria-controls=\"collapse4__HR710\">El camino cristiano<\/button>\n          <\/div>\n\n          <div class=\"collapse container\" id=\"collapse4__HR710\">\n\n                            <div class=\"collapsible-content row\">\n                                        <div class=\"col-sm\">\n                        <p>La vida cristiana no es f\u00e1cil. El ap\u00f3stol Pedro nos advierte de los sufrimientos y pruebas dolorosas que nos esperan (1 Pedro 4:12). Pero hay que alegrarse porque, incluso en nuestros sufrimientos, sabemos que seremos recompensados el d\u00eda en que Cristo regrese (2 Timoteo 4:7). As\u00ed que difunde la palabra y sigue la gran comisi\u00f3n, hablando a todas las criaturas (te gusten o no) de la buena nueva que hay en Cristo Jes\u00fas (Marcos 16:15). Ten confianza al saber que las Escrituras son palabra de Dios (2 Timoteo 3:16) y estate preparado para rendir cuentas (1 Pedro 3:15). S\u00e9 fuerte en tu fe, porque el enemigo es astuto y est\u00e1 esperando a la vuelta de la esquina para golpearte (1 Pedro 5:8). Has de saber que no hay condenaci\u00f3n en Cristo Jes\u00fas (Romanos 8:1) y que &#8220;en cuanto a Dios, su camino es perfecto, la palabra del Se\u00f1or es intachable. Es un escudo para todos los que se refugian en \u00c9l&#8221; (Salmo 18:30).<\/p>\n                      <\/div>\n                                <\/div>\n                        <\/div>\n        <\/div>\n      \n    <\/div>\n  <\/div>\n<\/section>\n<!-- \/collapsible -->\n\n","protected":false},"excerpt":{"rendered":"","protected":false},"author":6,"featured_media":0,"parent":4020,"menu_order":0,"comment_status":"closed","ping_status":"closed","template":"","meta":{"footnotes":""},"class_list":["post-4027","page","type-page","status-publish","hentry"],"yoast_head":"<!-- This site is optimized with the Yoast SEO plugin v23.0 - https:\/\/yoast.com\/wordpress\/plugins\/seo\/ -->\n<title>Lo que creemos | Green Bay - The Salvation Army Kroc Center<\/title>\n<meta name=\"description\" content=\"El Ej\u00e9rcito de Salvaci\u00f3n forma parte de la Iglesia Cristiana Universal. M\u00e1s informaci\u00f3n sobre nuestras creencias y nuestro mensaje.\" \/>\n<meta name=\"robots\" content=\"index, follow, max-snippet:-1, max-image-preview:large, max-video-preview:-1\" \/>\n<link rel=\"canonical\" href=\"https:\/\/cms.gbkroccenter.org\/es\/iglesia-kroc\/lo-que-creemos\/\" \/>\n<meta property=\"og:locale\" content=\"es_ES\" \/>\n<meta property=\"og:type\" content=\"article\" \/>\n<meta property=\"og:title\" content=\"Lo que creemos | Green Bay - The Salvation Army Kroc Center\" \/>\n<meta property=\"og:description\" content=\"El Ej\u00e9rcito de Salvaci\u00f3n forma parte de la Iglesia Cristiana Universal. M\u00e1s informaci\u00f3n sobre nuestras creencias y nuestro mensaje.\" \/>\n<meta property=\"og:url\" content=\"https:\/\/cms.gbkroccenter.org\/es\/iglesia-kroc\/lo-que-creemos\/\" \/>\n<meta property=\"og:site_name\" content=\"Green Bay - The Salvation Army Kroc Center\" \/>\n<meta property=\"article:modified_time\" content=\"2024-07-23T21:29:25+00:00\" \/>\n<meta name=\"twitter:card\" content=\"summary_large_image\" \/>\n<script type=\"application\/ld+json\" class=\"yoast-schema-graph\">{\"@context\":\"https:\/\/schema.org\",\"@graph\":[{\"@type\":\"WebPage\",\"@id\":\"https:\/\/cms.gbkroccenter.org\/es\/iglesia-kroc\/lo-que-creemos\/\",\"url\":\"https:\/\/cms.gbkroccenter.org\/es\/iglesia-kroc\/lo-que-creemos\/\",\"name\":\"Lo que creemos | Green Bay - The Salvation Army Kroc Center\",\"isPartOf\":{\"@id\":\"https:\/\/cms.gbkroccenter.org\/es\/#website\"},\"datePublished\":\"2021-06-08T13:47:41+00:00\",\"dateModified\":\"2024-07-23T21:29:25+00:00\",\"description\":\"El Ej\u00e9rcito de Salvaci\u00f3n forma parte de la Iglesia Cristiana Universal. M\u00e1s informaci\u00f3n sobre nuestras creencias y nuestro mensaje.\",\"breadcrumb\":{\"@id\":\"https:\/\/cms.gbkroccenter.org\/es\/iglesia-kroc\/lo-que-creemos\/#breadcrumb\"},\"inLanguage\":\"es\",\"potentialAction\":[{\"@type\":\"ReadAction\",\"target\":[\"https:\/\/cms.gbkroccenter.org\/es\/iglesia-kroc\/lo-que-creemos\/\"]}]},{\"@type\":\"BreadcrumbList\",\"@id\":\"https:\/\/cms.gbkroccenter.org\/es\/iglesia-kroc\/lo-que-creemos\/#breadcrumb\",\"itemListElement\":[{\"@type\":\"ListItem\",\"position\":1,\"name\":\"Home\",\"item\":\"https:\/\/cms.gbkroccenter.org\/es\/\"},{\"@type\":\"ListItem\",\"position\":2,\"name\":\"Iglesia Kroc\",\"item\":\"https:\/\/cms.gbkroccenter.org\/es\/iglesia-kroc\/\"},{\"@type\":\"ListItem\",\"position\":3,\"name\":\"Lo que creemos\"}]},{\"@type\":\"WebSite\",\"@id\":\"https:\/\/cms.gbkroccenter.org\/es\/#website\",\"url\":\"https:\/\/cms.gbkroccenter.org\/es\/\",\"name\":\"Green Bay - The Salvation Army Kroc Center\",\"description\":\"\",\"publisher\":{\"@id\":\"https:\/\/cms.gbkroccenter.org\/es\/#organization\"},\"potentialAction\":[{\"@type\":\"SearchAction\",\"target\":{\"@type\":\"EntryPoint\",\"urlTemplate\":\"https:\/\/cms.gbkroccenter.org\/es\/?s={search_term_string}\"},\"query-input\":\"required name=search_term_string\"}],\"inLanguage\":\"es\"},{\"@type\":\"Organization\",\"@id\":\"https:\/\/cms.gbkroccenter.org\/es\/#organization\",\"name\":\"The Salvation Army Kroc Center\",\"url\":\"https:\/\/cms.gbkroccenter.org\/es\/\",\"logo\":{\"@type\":\"ImageObject\",\"inLanguage\":\"es\",\"@id\":\"https:\/\/cms.gbkroccenter.org\/es\/#\/schema\/logo\/image\/\",\"url\":\"\",\"contentUrl\":\"\",\"caption\":\"The Salvation Army Kroc Center\"},\"image\":{\"@id\":\"https:\/\/cms.gbkroccenter.org\/es\/#\/schema\/logo\/image\/\"}}]}<\/script>\n<!-- \/ Yoast SEO plugin. -->","yoast_head_json":{"title":"Lo que creemos | Green Bay - The Salvation Army Kroc Center","description":"El Ej\u00e9rcito de Salvaci\u00f3n forma parte de la Iglesia Cristiana Universal. M\u00e1s informaci\u00f3n sobre nuestras creencias y nuestro mensaje.","robots":{"index":"index","follow":"follow","max-snippet":"max-snippet:-1","max-image-preview":"max-image-preview:large","max-video-preview":"max-video-preview:-1"},"canonical":"https:\/\/cms.gbkroccenter.org\/es\/iglesia-kroc\/lo-que-creemos\/","og_locale":"es_ES","og_type":"article","og_title":"Lo que creemos | Green Bay - The Salvation Army Kroc Center","og_description":"El Ej\u00e9rcito de Salvaci\u00f3n forma parte de la Iglesia Cristiana Universal. M\u00e1s informaci\u00f3n sobre nuestras creencias y nuestro mensaje.","og_url":"https:\/\/cms.gbkroccenter.org\/es\/iglesia-kroc\/lo-que-creemos\/","og_site_name":"Green Bay - The Salvation Army Kroc Center","article_modified_time":"2024-07-23T21:29:25+00:00","twitter_card":"summary_large_image","schema":{"@context":"https:\/\/schema.org","@graph":[{"@type":"WebPage","@id":"https:\/\/cms.gbkroccenter.org\/es\/iglesia-kroc\/lo-que-creemos\/","url":"https:\/\/cms.gbkroccenter.org\/es\/iglesia-kroc\/lo-que-creemos\/","name":"Lo que creemos | Green Bay - The Salvation Army Kroc Center","isPartOf":{"@id":"https:\/\/cms.gbkroccenter.org\/es\/#website"},"datePublished":"2021-06-08T13:47:41+00:00","dateModified":"2024-07-23T21:29:25+00:00","description":"El Ej\u00e9rcito de Salvaci\u00f3n forma parte de la Iglesia Cristiana Universal. M\u00e1s informaci\u00f3n sobre nuestras creencias y nuestro mensaje.","breadcrumb":{"@id":"https:\/\/cms.gbkroccenter.org\/es\/iglesia-kroc\/lo-que-creemos\/#breadcrumb"},"inLanguage":"es","potentialAction":[{"@type":"ReadAction","target":["https:\/\/cms.gbkroccenter.org\/es\/iglesia-kroc\/lo-que-creemos\/"]}]},{"@type":"BreadcrumbList","@id":"https:\/\/cms.gbkroccenter.org\/es\/iglesia-kroc\/lo-que-creemos\/#breadcrumb","itemListElement":[{"@type":"ListItem","position":1,"name":"Home","item":"https:\/\/cms.gbkroccenter.org\/es\/"},{"@type":"ListItem","position":2,"name":"Iglesia Kroc","item":"https:\/\/cms.gbkroccenter.org\/es\/iglesia-kroc\/"},{"@type":"ListItem","position":3,"name":"Lo que creemos"}]},{"@type":"WebSite","@id":"https:\/\/cms.gbkroccenter.org\/es\/#website","url":"https:\/\/cms.gbkroccenter.org\/es\/","name":"Green Bay - The Salvation Army Kroc Center","description":"","publisher":{"@id":"https:\/\/cms.gbkroccenter.org\/es\/#organization"},"potentialAction":[{"@type":"SearchAction","target":{"@type":"EntryPoint","urlTemplate":"https:\/\/cms.gbkroccenter.org\/es\/?s={search_term_string}"},"query-input":"required name=search_term_string"}],"inLanguage":"es"},{"@type":"Organization","@id":"https:\/\/cms.gbkroccenter.org\/es\/#organization","name":"The Salvation Army Kroc Center","url":"https:\/\/cms.gbkroccenter.org\/es\/","logo":{"@type":"ImageObject","inLanguage":"es","@id":"https:\/\/cms.gbkroccenter.org\/es\/#\/schema\/logo\/image\/","url":"","contentUrl":"","caption":"The Salvation Army Kroc Center"},"image":{"@id":"https:\/\/cms.gbkroccenter.org\/es\/#\/schema\/logo\/image\/"}}]}},"featured_image_src":null,"featured_image_src_square":null,"_links":{"self":[{"href":"https:\/\/cms.gbkroccenter.org\/es\/wp-json\/wp\/v2\/pages\/4027","targetHints":{"allow":["GET"]}}],"collection":[{"href":"https:\/\/cms.gbkroccenter.org\/es\/wp-json\/wp\/v2\/pages"}],"about":[{"href":"https:\/\/cms.gbkroccenter.org\/es\/wp-json\/wp\/v2\/types\/page"}],"author":[{"embeddable":true,"href":"https:\/\/cms.gbkroccenter.org\/es\/wp-json\/wp\/v2\/users\/6"}],"replies":[{"embeddable":true,"href":"https:\/\/cms.gbkroccenter.org\/es\/wp-json\/wp\/v2\/comments?post=4027"}],"version-history":[{"count":0,"href":"https:\/\/cms.gbkroccenter.org\/es\/wp-json\/wp\/v2\/pages\/4027\/revisions"}],"up":[{"embeddable":true,"href":"https:\/\/cms.gbkroccenter.org\/es\/wp-json\/wp\/v2\/pages\/4020"}],"wp:attachment":[{"href":"https:\/\/cms.gbkroccenter.org\/es\/wp-json\/wp\/v2\/media?parent=4027"}],"curies":[{"name":"wp","href":"https:\/\/api.w.org\/{rel}","templated":true}]}}